{"id":11559,"date":"2025-11-24T14:19:10","date_gmt":"2025-11-24T14:19:10","guid":{"rendered":"https:\/\/tehnikabacko.rs\/?post_type=product&#038;p=11559"},"modified":"2025-11-24T14:22:41","modified_gmt":"2025-11-24T14:22:41","slug":"lemilica-lemna-stanica-sa-regulacijom-zd-929b","status":"publish","type":"product","link":"https:\/\/tehnikabacko.rs\/index.php\/product\/lemilica-lemna-stanica-sa-regulacijom-zd-929b\/","title":{"rendered":"Lemilica lemna stanica sa regulacijom ZD-929B"},"content":{"rendered":"<h3>Specifikacije:<\/h3>\n<ul>\n<li>Snaga: 48W<\/li>\n<li>Linearni prikaz temperature s 12 LED dioda (\u00b0C i \u00b0F)<\/li>\n<li>Lemilica za hobiste, \u0161kolu i servis T\u00dcV certificirana kvaliteta<\/li>\n<li>Brzo zagrijavanje<\/li>\n<li>Pode\u0161avanje temperature pomo\u0107u rotacijskog kontrolera<\/li>\n<li>Jednostavna i brza zamena vrha<\/li>\n<li>Integrirani dr\u017ea\u010d za sundjer<\/li>\n<\/ul>\n","protected":false},"excerpt":{"rendered":"<p>Analogna lemilica ZD-929B (JLT-03) idealan je alat za hobiste, studente i profesionalce. Zahvaljuju\u0107i brzom zagrejavanju i mogu\u0107nosti pode\u0161avanja temperature pomo\u0107u okretnog regulatora, ZD-929B je jednostavan za kori\u0161tenje i omogu\u0107uje preciznu kontrolu temperature. Vrh lemilice se brzo i jednostavno menja, \u0161to elimini\u0161e nepotrebne prekide pri lemljenju, dok integrirani dr\u017ea\u010d za sundjer pru\u017ea prakti\u010dan na\u010din odr\u017eavanja \u010disto\u0107e radnog podru\u010dja. Sa preklopnim prikazom za stvarnu i postavljenu temperaturu, ZD-929B omogu\u0107uje precizno lemljenje. ZD-929B je u skladu sa svim EU sigurnosnim standardima.<\/p>\n","protected":false},"featured_media":11560,"comment_status":"open","ping_status":"closed","template":"","meta":{"inline_featured_image":false},"product_brand":[],"product_cat":[428],"product_tag":[],"class_list":{"0":"post-11559","1":"product","2":"type-product","3":"status-publish","4":"has-post-thumbnail","6":"product_cat-lemilice","8":"first","9":"instock","10":"sale","11":"shipping-taxable","12":"purchasable","13":"product-type-simple"},"_links":{"self":[{"href":"https:\/\/tehnikabacko.rs\/index.php\/wp-json\/wp\/v2\/product\/11559","targetHints":{"allow":["GET"]}}],"collection":[{"href":"https:\/\/tehnikabacko.rs\/index.php\/wp-json\/wp\/v2\/product"}],"about":[{"href":"https:\/\/tehnikabacko.rs\/index.php\/wp-json\/wp\/v2\/types\/product"}],"replies":[{"embeddable":true,"href":"https:\/\/tehnikabacko.rs\/index.php\/wp-json\/wp\/v2\/comments?post=11559"}],"wp:featuredmedia":[{"embeddable":true,"href":"https:\/\/tehnikabacko.rs\/index.php\/wp-json\/wp\/v2\/media\/11560"}],"wp:attachment":[{"href":"https:\/\/tehnikabacko.rs\/index.php\/wp-json\/wp\/v2\/media?parent=11559"}],"wp:term":[{"taxonomy":"product_brand","embeddable":true,"href":"https:\/\/tehnikabacko.rs\/index.php\/wp-json\/wp\/v2\/product_brand?post=11559"},{"taxonomy":"product_cat","embeddable":true,"href":"https:\/\/tehnikabacko.rs\/index.php\/wp-json\/wp\/v2\/product_cat?post=11559"},{"taxonomy":"product_tag","embeddable":true,"href":"https:\/\/tehnikabacko.rs\/index.php\/wp-json\/wp\/v2\/product_tag?post=11559"}],"curies":[{"name":"wp","href":"https:\/\/api.w.org\/{rel}","templated":true}]}}