{"id":11555,"date":"2025-11-24T14:06:04","date_gmt":"2025-11-24T14:06:04","guid":{"rendered":"https:\/\/tehnikabacko.rs\/?post_type=product&#038;p=11555"},"modified":"2025-11-24T14:06:04","modified_gmt":"2025-11-24T14:06:04","slug":"cirkular-za-keramiku-kzubr-kmc-1480","status":"publish","type":"product","link":"https:\/\/tehnikabacko.rs\/index.php\/product\/cirkular-za-keramiku-kzubr-kmc-1480\/","title":{"rendered":"Cirkular za keramiku KZUBR KMC-1480"},"content":{"rendered":"<p data-start=\"389\" data-end=\"418\"><strong data-start=\"389\" data-end=\"416\">Tehni\u010dke specifikacije:<\/strong><\/p>\n<p data-start=\"421\" data-end=\"437\">Jednostavan za upotrebu za precizne rezultate;<br \/>\nKompaktan dizajn za rad u uskim prostorima;<br \/>\nLagan alat za udobno rukovanje;<br \/>\nSnaga: 1480 W<br \/>\nDisk: 125\u00d720 mm<br \/>\nSe\u010denje pod uglom od 45 ili 90 stepeni;<br \/>\nPodesiva dubina se\u010denja, do 32 mm<br \/>\nBrzina rotacije: 13000 o\/min<br \/>\nTe\u017eina: 3,6 kg<\/p>\n","protected":false},"excerpt":{"rendered":"<p>KMC-1480 cirkular za keramiku preporu\u010duje se za se\u010denje mermernih ili granitnih plo\u010da<\/p>\n","protected":false},"featured_media":11556,"comment_status":"open","ping_status":"closed","template":"","meta":{"inline_featured_image":false},"product_brand":[],"product_cat":[296,293],"product_tag":[],"class_list":{"0":"post-11555","1":"product","2":"type-product","3":"status-publish","4":"has-post-thumbnail","6":"product_cat-aku-cirkulari","7":"product_cat-cirkulari","9":"first","10":"instock","11":"sale","12":"shipping-taxable","13":"purchasable","14":"product-type-simple"},"_links":{"self":[{"href":"https:\/\/tehnikabacko.rs\/index.php\/wp-json\/wp\/v2\/product\/11555","targetHints":{"allow":["GET"]}}],"collection":[{"href":"https:\/\/tehnikabacko.rs\/index.php\/wp-json\/wp\/v2\/product"}],"about":[{"href":"https:\/\/tehnikabacko.rs\/index.php\/wp-json\/wp\/v2\/types\/product"}],"replies":[{"embeddable":true,"href":"https:\/\/tehnikabacko.rs\/index.php\/wp-json\/wp\/v2\/comments?post=11555"}],"wp:featuredmedia":[{"embeddable":true,"href":"https:\/\/tehnikabacko.rs\/index.php\/wp-json\/wp\/v2\/media\/11556"}],"wp:attachment":[{"href":"https:\/\/tehnikabacko.rs\/index.php\/wp-json\/wp\/v2\/media?parent=11555"}],"wp:term":[{"taxonomy":"product_brand","embeddable":true,"href":"https:\/\/tehnikabacko.rs\/index.php\/wp-json\/wp\/v2\/product_brand?post=11555"},{"taxonomy":"product_cat","embeddable":true,"href":"https:\/\/tehnikabacko.rs\/index.php\/wp-json\/wp\/v2\/product_cat?post=11555"},{"taxonomy":"product_tag","embeddable":true,"href":"https:\/\/tehnikabacko.rs\/index.php\/wp-json\/wp\/v2\/product_tag?post=11555"}],"curies":[{"name":"wp","href":"https:\/\/api.w.org\/{rel}","templated":true}]}}