{"id":11553,"date":"2025-11-24T13:58:04","date_gmt":"2025-11-24T13:58:04","guid":{"rendered":"https:\/\/tehnikabacko.rs\/?post_type=product&#038;p=11553"},"modified":"2025-11-24T13:58:04","modified_gmt":"2025-11-24T13:58:04","slug":"xplore-fm-transmiter-xp75","status":"publish","type":"product","link":"https:\/\/tehnikabacko.rs\/index.php\/product\/xplore-fm-transmiter-xp75\/","title":{"rendered":"XPLORE FM Transmiter XP75"},"content":{"rendered":"<table id=\"prodspec\" class=\"table table-bordered table-hover table-striped\">\n<tbody>\n<tr>\n<td class=\"st\">Tip<\/td>\n<td class=\"sc\">FM transmiter<\/td>\n<\/tr>\n<tr>\n<td class=\"st\">Karakteristike<\/td>\n<td class=\"sc\">LCD ekran ve\u0107h dimenzija za frekvencije, Bluetooth 5.0 telefonija, Bluetooth podr\u0161ka: AVRCP, HFP, A2DP. Podr\u017eava USB memoriju i SD do 32GB, MP3 i WMA format. Reversible USB. 206 FM frekvencija(87.5-108MHz). Podr\u017eava ulazni napon od 12V i 24V. USB brzi punja\u010d QC 3.0(3.6V-12V)<\/td>\n<\/tr>\n<tr>\n<td class=\"st\">Boja<\/td>\n<td class=\"sc\">Crna<\/td>\n<\/tr>\n<tr>\n<td class=\"st\">Zakonska saobraznost<\/td>\n<td class=\"sc\">2 Godine<\/td>\n<\/tr>\n<\/tbody>\n<\/table>\n","protected":false},"excerpt":{"rendered":"<h2>Savremeni FM Transmitor sa Bluetooth Tehnologijom<\/h2>\n<p>XPLORE FM Transmitor XP75 predstavlja vrhunsko re\u0161enje za be\u017ei\u010dno prenos muzike i poziva u va\u0161em automobilu. Zahvaljuju\u0107i Bluetooth 5.0 tehnologiji, omogu\u0107ava besprekornu telefoniju i reprodukciju muzike visokog kvaliteta. Podr\u017eava AVRCP, HFP i A2DP profile, \u0161to vam omogu\u0107ava potpunu kontrolu nad muzikom i pozivima direktno sa volana. Veliki LCD ekran jasno prikazuje frekvencije i ostale bitne informacije.<\/p>\n","protected":false},"featured_media":11554,"comment_status":"open","ping_status":"closed","template":"","meta":{"inline_featured_image":false},"product_brand":[],"product_cat":[15],"product_tag":[],"class_list":{"0":"post-11553","1":"product","2":"type-product","3":"status-publish","4":"has-post-thumbnail","6":"product_cat-uncategorized","8":"first","9":"instock","10":"sale","11":"shipping-taxable","12":"purchasable","13":"product-type-simple"},"_links":{"self":[{"href":"https:\/\/tehnikabacko.rs\/index.php\/wp-json\/wp\/v2\/product\/11553","targetHints":{"allow":["GET"]}}],"collection":[{"href":"https:\/\/tehnikabacko.rs\/index.php\/wp-json\/wp\/v2\/product"}],"about":[{"href":"https:\/\/tehnikabacko.rs\/index.php\/wp-json\/wp\/v2\/types\/product"}],"replies":[{"embeddable":true,"href":"https:\/\/tehnikabacko.rs\/index.php\/wp-json\/wp\/v2\/comments?post=11553"}],"wp:featuredmedia":[{"embeddable":true,"href":"https:\/\/tehnikabacko.rs\/index.php\/wp-json\/wp\/v2\/media\/11554"}],"wp:attachment":[{"href":"https:\/\/tehnikabacko.rs\/index.php\/wp-json\/wp\/v2\/media?parent=11553"}],"wp:term":[{"taxonomy":"product_brand","embeddable":true,"href":"https:\/\/tehnikabacko.rs\/index.php\/wp-json\/wp\/v2\/product_brand?post=11553"},{"taxonomy":"product_cat","embeddable":true,"href":"https:\/\/tehnikabacko.rs\/index.php\/wp-json\/wp\/v2\/product_cat?post=11553"},{"taxonomy":"product_tag","embeddable":true,"href":"https:\/\/tehnikabacko.rs\/index.php\/wp-json\/wp\/v2\/product_tag?post=11553"}],"curies":[{"name":"wp","href":"https:\/\/api.w.org\/{rel}","templated":true}]}}