{"id":11548,"date":"2025-11-24T13:52:41","date_gmt":"2025-11-24T13:52:41","guid":{"rendered":"https:\/\/tehnikabacko.rs\/?post_type=product&#038;p=11548"},"modified":"2025-11-24T13:52:41","modified_gmt":"2025-11-24T13:52:41","slug":"mi-elektricni-brijac-s500","status":"publish","type":"product","link":"https:\/\/tehnikabacko.rs\/index.php\/product\/mi-elektricni-brijac-s500\/","title":{"rendered":"Mi Elektri\u010dni brija\u010d S500"},"content":{"rendered":"<table class=\"table is-hoverable\">\n<tbody>\n<tr>\n<td colspan=\"2\"><strong>Glavne karakteristike<\/strong><\/td>\n<\/tr>\n<tr>\n<td class=\"specs-attr\">Snaga<\/td>\n<td class=\"specs-val\">3 W<\/td>\n<\/tr>\n<tr>\n<td class=\"specs-attr\">Napon<\/td>\n<td class=\"specs-val\">5,0 V 1,0 A<\/td>\n<\/tr>\n<tr>\n<td class=\"specs-attr\">Trajanje baterije<\/td>\n<td class=\"specs-val\">do 1 h<\/td>\n<\/tr>\n<tr>\n<td class=\"specs-attr\">Vreme punjenja<\/td>\n<td class=\"specs-val\">do 1,5 h<\/td>\n<\/tr>\n<tr>\n<td class=\"specs-attr\">Funkcije<\/td>\n<td class=\"specs-val\">Trostruka glava za se\u010denje od 360 \u00b0 2 re\u017eima brzine<\/td>\n<\/tr>\n<tr>\n<td class=\"specs-attr\">Priklju\u010dci<\/td>\n<td class=\"specs-val\">USB tip-C<\/td>\n<\/tr>\n<tr>\n<td class=\"specs-attr\">IP-rating<\/td>\n<td class=\"specs-val\">IPX7<\/td>\n<\/tr>\n<tr>\n<td colspan=\"2\"><strong>Op\u0161te<\/strong><\/td>\n<\/tr>\n<tr>\n<td class=\"specs-attr\">Tip proizvoda<\/td>\n<td class=\"specs-val\">Brija\u010di i trimeri<\/td>\n<\/tr>\n<tr>\n<td class=\"specs-attr\">Boja<\/td>\n<td class=\"specs-val\">Crna<\/td>\n<\/tr>\n<tr>\n<td class=\"specs-attr\">Dimenzije<\/td>\n<td class=\"specs-val\">155,1&#215;61,6&#215;63,3<\/td>\n<\/tr>\n<tr>\n<td class=\"specs-attr\">Model<\/td>\n<td class=\"specs-val\">NUN4131GL<\/td>\n<\/tr>\n<tr>\n<td class=\"specs-attr\">Originalni naziv<\/td>\n<td class=\"specs-val\">Mi Electric Shaver S500<\/td>\n<\/tr>\n<tr>\n<td colspan=\"2\"><strong>Deklaracija<\/strong><\/td>\n<\/tr>\n<tr>\n<td class=\"specs-attr\">Uvoznik<\/td>\n<td class=\"specs-val\">PC Centar d.o.o.<\/td>\n<\/tr>\n<tr>\n<td class=\"specs-attr\">Zemlja porekla<\/td>\n<td class=\"specs-val\">Kina<\/td>\n<\/tr>\n<\/tbody>\n<\/table>\n","protected":false},"excerpt":{"rendered":"<p>Mi Elektri\u010dni brija\u010d S500 nudi savr\u0161eno brijanje zahvaljuju\u0107i svom sistemu za brijanje sa tri nezavisne plutaju\u0107e o\u0161trice i glavom sa nagibom i rotacijom od 360\u00ba, prilago\u0111avaju\u0107i se obliku lica.<\/p>\n","protected":false},"featured_media":11549,"comment_status":"open","ping_status":"closed","template":"","meta":{"inline_featured_image":false},"product_brand":[],"product_cat":[425],"product_tag":[],"class_list":{"0":"post-11548","1":"product","2":"type-product","3":"status-publish","4":"has-post-thumbnail","6":"product_cat-aparati-za-brijanje","8":"first","9":"instock","10":"sale","11":"shipping-taxable","12":"purchasable","13":"product-type-simple"},"_links":{"self":[{"href":"https:\/\/tehnikabacko.rs\/index.php\/wp-json\/wp\/v2\/product\/11548","targetHints":{"allow":["GET"]}}],"collection":[{"href":"https:\/\/tehnikabacko.rs\/index.php\/wp-json\/wp\/v2\/product"}],"about":[{"href":"https:\/\/tehnikabacko.rs\/index.php\/wp-json\/wp\/v2\/types\/product"}],"replies":[{"embeddable":true,"href":"https:\/\/tehnikabacko.rs\/index.php\/wp-json\/wp\/v2\/comments?post=11548"}],"wp:featuredmedia":[{"embeddable":true,"href":"https:\/\/tehnikabacko.rs\/index.php\/wp-json\/wp\/v2\/media\/11549"}],"wp:attachment":[{"href":"https:\/\/tehnikabacko.rs\/index.php\/wp-json\/wp\/v2\/media?parent=11548"}],"wp:term":[{"taxonomy":"product_brand","embeddable":true,"href":"https:\/\/tehnikabacko.rs\/index.php\/wp-json\/wp\/v2\/product_brand?post=11548"},{"taxonomy":"product_cat","embeddable":true,"href":"https:\/\/tehnikabacko.rs\/index.php\/wp-json\/wp\/v2\/product_cat?post=11548"},{"taxonomy":"product_tag","embeddable":true,"href":"https:\/\/tehnikabacko.rs\/index.php\/wp-json\/wp\/v2\/product_tag?post=11548"}],"curies":[{"name":"wp","href":"https:\/\/api.w.org\/{rel}","templated":true}]}}