{"id":11545,"date":"2025-11-24T13:26:51","date_gmt":"2025-11-24T13:26:51","guid":{"rendered":"https:\/\/tehnikabacko.rs\/?post_type=product&#038;p=11545"},"modified":"2025-11-24T13:26:51","modified_gmt":"2025-11-24T13:26:51","slug":"hifuture-fit-zone2-crnipink-pametni-sat","status":"publish","type":"product","link":"https:\/\/tehnikabacko.rs\/index.php\/product\/hifuture-fit-zone2-crnipink-pametni-sat\/","title":{"rendered":"HIFUTURE FIT ZONE2 CRNI(PINK) Pametni sat"},"content":{"rendered":"<table class=\"product-full-desc-table\">\n<tbody>\n<tr>\n<td class=\"feature\">Displej<\/td>\n<td>1,96&#8243; IPS u boji<\/td>\n<\/tr>\n<tr>\n<td class=\"feature\">Rezolucija<\/td>\n<td>240 x 286 pix<\/td>\n<\/tr>\n<tr>\n<td class=\"feature-title\" colspan=\"2\">Bluetooth 5.0<\/td>\n<\/tr>\n<tr>\n<td class=\"feature\">Napajanje<\/td>\n<td>punjiva baterija 300 mAh<\/td>\n<\/tr>\n<tr>\n<td class=\"feature\">Autonomija<\/td>\n<td>do 7 dana<\/td>\n<\/tr>\n<tr>\n<td class=\"feature-title\" colspan=\"2\">Magnetno punjenje<\/td>\n<\/tr>\n<tr>\n<td class=\"feature-title\" colspan=\"2\">IP68 vodootporan<\/td>\n<\/tr>\n<tr>\n<td class=\"feature-title\" colspan=\"2\">Monitoring zdravlja<\/td>\n<\/tr>\n<tr>\n<td class=\"feature-title\" colspan=\"2\">Pra\u0107enje otkucaja srca<\/td>\n<\/tr>\n<tr>\n<td class=\"feature-title\" colspan=\"2\">Pra\u0107enje sna i stresa<\/td>\n<\/tr>\n<tr>\n<td class=\"feature-title\" colspan=\"2\">Brojanje koraka<\/td>\n<\/tr>\n<tr>\n<td class=\"feature-title\" colspan=\"2\">Pra\u0107enje sagorevanje kalorija<\/td>\n<\/tr>\n<tr>\n<td class=\"feature-title\" colspan=\"2\">100+ sportskih re\u017eima<\/td>\n<\/tr>\n<tr>\n<td class=\"feature-title\" colspan=\"2\">100+ broj\u010danika<\/td>\n<\/tr>\n<tr>\n<td class=\"feature-title\" colspan=\"2\">Be\u017ei\u010dno pozivanje<\/td>\n<\/tr>\n<tr>\n<td class=\"feature\">Kompatibilnost<\/td>\n<td><\/td>\n<\/tr>\n<tr>\n<td class=\"feature-item\" colspan=\"2\">iOs<\/td>\n<\/tr>\n<tr>\n<td class=\"feature-item\" colspan=\"2\">Android<\/td>\n<\/tr>\n<tr>\n<td class=\"feature\">Dimenzije<\/td>\n<td>53 x 39,2 x 11 mm<\/td>\n<\/tr>\n<tr>\n<td class=\"feature\">Boja<\/td>\n<td>crna,pink<\/td>\n<\/tr>\n<\/tbody>\n<\/table>\n","protected":false},"excerpt":{"rendered":"<p>HiFuture FutureFit Zone 2 je pametni sat koji omogu\u0107ava be\u017ei\u010dne pozive direktno sa va\u0161eg zgloba, pru\u017eaju\u0107i vam potpunu povezanost u pokretu.<\/p>\n<p>Sa preko 100 sportskih re\u017eima, mo\u017eete pratiti svoje performanse u raznim aktivnostima, kao \u0161to su tr\u010danje, biciklizam, joga i mnoge druge.<\/p>\n<p>Sat je vodootporan, tako da ga mo\u017eete nositi tokom plivanja ili bilo koje druge vodene aktivnosti.<\/p>\n<p>Ekran od 1.96 in\u010da pru\u017ea jasnu i \u017eivopisnu sliku, a dugotrajna baterija osigurava da ste uvek povezani.<\/p>\n<p>Zdravstvene funkcije uklju\u010duju merenje pulsa, krvnog pritiska i nivoa kiseonika u krvi, \u0161to vam poma\u017ee da pratite svoje zdravstveno stanje.<\/p>\n","protected":false},"featured_media":11546,"comment_status":"open","ping_status":"closed","template":"","meta":{"inline_featured_image":false},"product_brand":[],"product_cat":[369],"product_tag":[],"class_list":{"0":"post-11545","1":"product","2":"type-product","3":"status-publish","4":"has-post-thumbnail","6":"product_cat-pametni-satovi","8":"first","9":"instock","10":"sale","11":"shipping-taxable","12":"purchasable","13":"product-type-simple"},"_links":{"self":[{"href":"https:\/\/tehnikabacko.rs\/index.php\/wp-json\/wp\/v2\/product\/11545","targetHints":{"allow":["GET"]}}],"collection":[{"href":"https:\/\/tehnikabacko.rs\/index.php\/wp-json\/wp\/v2\/product"}],"about":[{"href":"https:\/\/tehnikabacko.rs\/index.php\/wp-json\/wp\/v2\/types\/product"}],"replies":[{"embeddable":true,"href":"https:\/\/tehnikabacko.rs\/index.php\/wp-json\/wp\/v2\/comments?post=11545"}],"wp:featuredmedia":[{"embeddable":true,"href":"https:\/\/tehnikabacko.rs\/index.php\/wp-json\/wp\/v2\/media\/11546"}],"wp:attachment":[{"href":"https:\/\/tehnikabacko.rs\/index.php\/wp-json\/wp\/v2\/media?parent=11545"}],"wp:term":[{"taxonomy":"product_brand","embeddable":true,"href":"https:\/\/tehnikabacko.rs\/index.php\/wp-json\/wp\/v2\/product_brand?post=11545"},{"taxonomy":"product_cat","embeddable":true,"href":"https:\/\/tehnikabacko.rs\/index.php\/wp-json\/wp\/v2\/product_cat?post=11545"},{"taxonomy":"product_tag","embeddable":true,"href":"https:\/\/tehnikabacko.rs\/index.php\/wp-json\/wp\/v2\/product_tag?post=11545"}],"curies":[{"name":"wp","href":"https:\/\/api.w.org\/{rel}","templated":true}]}}