{"id":11541,"date":"2025-11-24T12:55:29","date_gmt":"2025-11-24T12:55:29","guid":{"rendered":"https:\/\/tehnikabacko.rs\/?post_type=product&#038;p=11541"},"modified":"2026-02-23T17:23:13","modified_gmt":"2026-02-23T17:23:13","slug":"kompresor-vat-24-l-prime-2","status":"publish","type":"product","link":"https:\/\/tehnikabacko.rs\/index.php\/product\/kompresor-vat-24-l-prime-2\/","title":{"rendered":"Kompresor VAT 24 l Prime"},"content":{"rendered":"<table class=\"table product-attrbite-table\">\n<thead>\n<tr>\n<th>Karakteristika<\/th>\n<th>Vrednost<\/th>\n<\/tr>\n<\/thead>\n<tbody>\n<tr>\n<td>Kategorija<\/td>\n<td><a title=\"Kompresori\" href=\"https:\/\/www.villagerstore.com\/kompresori\">Kompresori<\/a><\/td>\n<\/tr>\n<tr class=\"attr-table-product-weight\">\n<td>Te\u017eina pakovanja<\/td>\n<td>22.64 kg<\/td>\n<\/tr>\n<tr class=\"attr-brend\">\n<td>Brend<\/td>\n<td><a title=\"Villager\" href=\"https:\/\/www.villagerstore.com\/proizvodi\/web-brend-proizvodjac-villager\">Villager<\/a><\/td>\n<\/tr>\n<tr class=\"attr-tip-elektromotora\">\n<td>Tip elektromotora<\/td>\n<td>Redni motor<\/td>\n<\/tr>\n<tr class=\"attr-napon\">\n<td>Napon<\/td>\n<td>230 V ~ 50 Hz<\/td>\n<\/tr>\n<tr class=\"attr-prikljucna-snaga\">\n<td>Priklju\u010dna snaga<\/td>\n<td>1500 W<\/td>\n<\/tr>\n<tr class=\"attr-broj-obrtaja-el-aku-uredjaji\">\n<td>Broj obrtaja &#8211; el.\/aku. ure\u0111aji<\/td>\n<td>2800 rpm<\/td>\n<\/tr>\n<tr class=\"attr-broj-izlaza\">\n<td>Broj izlaza<\/td>\n<td>2<\/td>\n<\/tr>\n<tr class=\"attr-protok-vazduha-kompresori\">\n<td>Protok vazduha &#8211; kompresori<\/td>\n<td>180 l\/min<\/td>\n<\/tr>\n<tr class=\"attr-radni-pritisak-kompresori\">\n<td>Radni pritisak &#8211; kompresori<\/td>\n<td>8 bar<\/td>\n<\/tr>\n<tr class=\"attr-zapremina-rezervoara-kompresori\">\n<td>Zapremina rezervoara &#8211; kompresori<\/td>\n<td>24 l<\/td>\n<\/tr>\n<\/tbody>\n<\/table>\n","protected":false},"excerpt":{"rendered":"<div class=\"block product-details-info\">\n<div class=\"category\"><a title=\"Kompresori\" href=\"https:\/\/www.villagerstore.com\/kompresori\">Kompresori<\/a><\/div>\n<div class=\"code\">\n<p>\u0160ifra artikla:\u00a0057615<\/p>\n<div class=\"code\">Barkod:\u00a08605032612157<\/div>\n<\/div>\n<div class=\"product-model\">Model ure\u0111aja:\u00a0VAT 24 PRIME<\/div>\n<div class=\"description read-more-text\" data-characters=\"320\" data-characters-mobile=\"250\" data-lesstext=\"Manje detalja\" data-moretext=\"Detaljnije\"><span class=\"morecontent\"><span class=\"full-content content-full\">Kompresor Villager VAT 24 L Prime idealan je za hobi i poluprofesionalnu upotrebu. Sa zapreminom rezervoara od 24 litra i sna\u017enim motorom, omogu\u0107ava lako obavljanje raznih poslova \u2013 od pumpanja i duvanja do lak\u0161ih radova sa pneumatskim alatima. Kompaktan je, prakti\u010dan za transport i skladi\u0161tenje, uz pouzdan rad i dug vek trajanja<\/span><\/span><\/div>\n<\/div>\n<div class=\"block product-list-stickers\">\n<div class=\"items-wrapper\"><\/div>\n<\/div>\n<div class=\"block product-details-price\">\n<div class=\"clearfix \"><\/div>\n<\/div>\n","protected":false},"featured_media":11542,"comment_status":"open","ping_status":"closed","template":"","meta":{"inline_featured_image":false},"product_brand":[],"product_cat":[166],"product_tag":[],"class_list":{"0":"post-11541","1":"product","2":"type-product","3":"status-publish","4":"has-post-thumbnail","6":"product_cat-kompresori","8":"first","9":"instock","10":"sale","11":"shipping-taxable","12":"purchasable","13":"product-type-simple"},"_links":{"self":[{"href":"https:\/\/tehnikabacko.rs\/index.php\/wp-json\/wp\/v2\/product\/11541","targetHints":{"allow":["GET"]}}],"collection":[{"href":"https:\/\/tehnikabacko.rs\/index.php\/wp-json\/wp\/v2\/product"}],"about":[{"href":"https:\/\/tehnikabacko.rs\/index.php\/wp-json\/wp\/v2\/types\/product"}],"replies":[{"embeddable":true,"href":"https:\/\/tehnikabacko.rs\/index.php\/wp-json\/wp\/v2\/comments?post=11541"}],"wp:featuredmedia":[{"embeddable":true,"href":"https:\/\/tehnikabacko.rs\/index.php\/wp-json\/wp\/v2\/media\/11542"}],"wp:attachment":[{"href":"https:\/\/tehnikabacko.rs\/index.php\/wp-json\/wp\/v2\/media?parent=11541"}],"wp:term":[{"taxonomy":"product_brand","embeddable":true,"href":"https:\/\/tehnikabacko.rs\/index.php\/wp-json\/wp\/v2\/product_brand?post=11541"},{"taxonomy":"product_cat","embeddable":true,"href":"https:\/\/tehnikabacko.rs\/index.php\/wp-json\/wp\/v2\/product_cat?post=11541"},{"taxonomy":"product_tag","embeddable":true,"href":"https:\/\/tehnikabacko.rs\/index.php\/wp-json\/wp\/v2\/product_tag?post=11541"}],"curies":[{"name":"wp","href":"https:\/\/api.w.org\/{rel}","templated":true}]}}