{"id":11523,"date":"2025-11-14T14:22:38","date_gmt":"2025-11-14T14:22:38","guid":{"rendered":"https:\/\/tehnikabacko.rs\/?post_type=product&#038;p=11523"},"modified":"2025-11-14T14:22:38","modified_gmt":"2025-11-14T14:22:38","slug":"antena-sobna-xp-963-xplore","status":"publish","type":"product","link":"https:\/\/tehnikabacko.rs\/index.php\/product\/antena-sobna-xp-963-xplore\/","title":{"rendered":"ANTENA SOBNA XP 963 XPLORE"},"content":{"rendered":"<table id=\"prodspec\" class=\"table table-bordered table-hover table-striped\">\n<tbody>\n<tr>\n<td class=\"st\">Karakteristike<\/td>\n<td class=\"sc\">\n<div>Tehni\u010dke karakteristike<\/div>\n<div>Frekventni opseg: VHF: 87.5-230MHz UHF: 470-862MHz<\/div>\n<div>Prijem signala: UHF\/VHF\/FM<\/div>\n<div>Signal poja\u010danje: do 40dB<\/div>\n<div>Impedance: 75 Ohm Noise<\/div>\n<div>: &lt;3dB<\/div>\n<div>Napajanje: Via AC\/DC adapter (DC12V\/50mA)<\/div>\n<div>Svojstva proizvoda<\/div>\n<div>SMD elektronsko kolo<\/div>\n<div>Ugra\u0111eno visoko poja\u010dalo<\/div>\n<div>sa niskom bukom fleksibilna antena za bolji UHF prijem<\/div>\n<div>\u0160ik i kompaktan dizajn<\/div>\n<div>Fleksibilna teleskopska antena za optimalni VHF i FM prijem<\/div>\n<div>Prijemno dugme za napajanje Prijem digitalni i analogni TV signal Specijalno kompatibilan sa HDTV-om i<\/div>\n<div>raznim digitalnim zemaljskim<\/div>\n<div>signali (DVB-T,DVB-T2,ISDVB-T, DMB-T, (H,ATSC) i DAB\/FM radio<\/div>\n<\/td>\n<\/tr>\n<\/tbody>\n<\/table>\n","protected":false},"excerpt":{"rendered":"<div>XP963 sobna antena sa poja\u010dalom niske buke i promenljivim poja\u010dalom omogu\u0107ava pobolj\u0161ani prijem digitalnih i analognih emitovanja.<\/div>\n<div>Zato \u0161to radi naponu od 230-240 V je idealno re\u0161enje za ku\u0107nu upotrebu.<br \/>\nAntena omogu\u0107ava da se signal primi u horizontalnoj i vertikalnoj polarizaciji.<br \/>\nAntena sobe XP963 mo\u017ee biti povezana sa postoje\u0107im sistemom antene, a ugra\u0111eno poja\u010dalo se mo\u017ee podesiti dugmetom.<br \/>\nAntena je direktno povezana sa naizmeni\u010dnom elektri\u010dnom uti\u010dnicom ili sa direktnim izvorom od 12V direktne snage (automobil, plovilo, karavan itd.).<br \/>\nZato je antena najprigodeniji za dom i kampovanje.<\/div>\n","protected":false},"featured_media":11524,"comment_status":"open","ping_status":"closed","template":"","meta":{"inline_featured_image":false},"product_brand":[],"product_cat":[427],"product_tag":[],"class_list":{"0":"post-11523","1":"product","2":"type-product","3":"status-publish","4":"has-post-thumbnail","6":"product_cat-antene","8":"first","9":"instock","10":"sale","11":"shipping-taxable","12":"purchasable","13":"product-type-simple"},"_links":{"self":[{"href":"https:\/\/tehnikabacko.rs\/index.php\/wp-json\/wp\/v2\/product\/11523","targetHints":{"allow":["GET"]}}],"collection":[{"href":"https:\/\/tehnikabacko.rs\/index.php\/wp-json\/wp\/v2\/product"}],"about":[{"href":"https:\/\/tehnikabacko.rs\/index.php\/wp-json\/wp\/v2\/types\/product"}],"replies":[{"embeddable":true,"href":"https:\/\/tehnikabacko.rs\/index.php\/wp-json\/wp\/v2\/comments?post=11523"}],"wp:featuredmedia":[{"embeddable":true,"href":"https:\/\/tehnikabacko.rs\/index.php\/wp-json\/wp\/v2\/media\/11524"}],"wp:attachment":[{"href":"https:\/\/tehnikabacko.rs\/index.php\/wp-json\/wp\/v2\/media?parent=11523"}],"wp:term":[{"taxonomy":"product_brand","embeddable":true,"href":"https:\/\/tehnikabacko.rs\/index.php\/wp-json\/wp\/v2\/product_brand?post=11523"},{"taxonomy":"product_cat","embeddable":true,"href":"https:\/\/tehnikabacko.rs\/index.php\/wp-json\/wp\/v2\/product_cat?post=11523"},{"taxonomy":"product_tag","embeddable":true,"href":"https:\/\/tehnikabacko.rs\/index.php\/wp-json\/wp\/v2\/product_tag?post=11523"}],"curies":[{"name":"wp","href":"https:\/\/api.w.org\/{rel}","templated":true}]}}