{"id":11516,"date":"2025-11-14T14:01:40","date_gmt":"2025-11-14T14:01:40","guid":{"rendered":"https:\/\/tehnikabacko.rs\/?post_type=product&#038;p=11516"},"modified":"2025-11-14T14:03:49","modified_gmt":"2025-11-14T14:03:49","slug":"aparat-za-brijanje-sst008b","status":"publish","type":"product","link":"https:\/\/tehnikabacko.rs\/index.php\/product\/aparat-za-brijanje-sst008b\/","title":{"rendered":"Aparat za brijanje SST008B"},"content":{"rendered":"<div class=\"col-xs-12 col-sm-12 col-md-6 col-lg-12 details-info-group-wrapper\">\n<div class=\"details-info-group\">\n<div class=\"details-info body-info-attribute-value-wrapper\">\n<div class=\"body-info-attribute-grup-content opened\">\n<div class=\"item-row \">\n<div class=\"row\">\n<div class=\"col-xs-12 col-sm-12 col-md-6 col-lg-6 first-half BAR-kod\">\n<div class=\"item item-title\">BAR-kod<\/div>\n<div class=\"item item-value\">8606033883096<\/div>\n<\/div>\n<div class=\"col-xs-12 col-sm-12 col-md-6 col-lg-6 second-half Bruto kila\u017ea (kg)\">\n<div class=\"item item-title\">Bruto kila\u017ea (kg)<\/div>\n<div class=\"item item-value\">0,563 kg<\/div>\n<\/div>\n<div class=\"col-xs-12 col-sm-12 col-md-6 col-lg-6 first-half Dimenzije komercijalnog pakovanja (\u0160xVxD) (mm)\">\n<div class=\"item item-title\">Dimenzije komercijalnog pakovanja (\u0160xVxD) (mm)<\/div>\n<div class=\"item item-value\">170 x 90 x 140 mm<\/div>\n<\/div>\n<div class=\"col-xs-12 col-sm-12 col-md-6 col-lg-6 second-half Dimenzije proizvoda (\u0160xVxD) (mm)\">\n<div class=\"item item-title\">Dimenzije proizvoda (\u0160xVxD) (mm)<\/div>\n<div class=\"item item-value\">57 x 80 x 90 mm (sa nastavkom brija\u010da glave)<\/div>\n<\/div>\n<div class=\"col-xs-12 col-sm-12 col-md-6 col-lg-6 first-half Neto kila\u017ea (kg)\">\n<div class=\"item item-title\">Neto kila\u017ea (kg)<\/div>\n<div class=\"item item-value\">0,605 kg<\/div>\n<\/div>\n<\/div>\n<\/div>\n<\/div>\n<\/div>\n<\/div>\n<\/div>\n<div class=\"col-xs-12 col-sm-12 col-md-6 col-lg-12 details-info-group-wrapper\">\n<div class=\"details-info-group\">\n<div class=\"details-info body-info-attribute-value-wrapper\">\n<div class=\"header-info-attribute-group\">\n<div class=\"title\">TEHNI\u010cKE KARAKTERISTIKE<\/div>\n<\/div>\n<div class=\"body-info-attribute-grup-content opened\">\n<div class=\"item-row \">\n<div class=\"row\">\n<div class=\"col-xs-12 col-sm-12 col-md-6 col-lg-6 first-half Dodatni benefiti\">\n<div class=\"item item-title\">Dodatni benefiti<\/div>\n<div class=\"item item-value\">USB, za\u0161titni poklopac, \u010detkica, ulje, \u010detka za lice, nastavak za \u0161i\u0161anje kose, trimer za nos, nastavak za masa\u017eu, rotiraju\u0107i brija\u010d<\/div>\n<\/div>\n<div class=\"col-xs-12 col-sm-12 col-md-6 col-lg-6 second-half LED Displej\">\n<div class=\"item item-title\">LED Displej<\/div>\n<div>\n<p data-start=\"37\" data-end=\"227\"><strong data-start=\"37\" data-end=\"61\">5 u 1 funkcionalnost<\/strong>: Ure\u0111aj kombinuje rotacioni brija\u010d, \u010detku za lice, trimer za nos, nastavak za \u0161i\u0161anje sa \u010de\u0161ljevima i masa\u017enu glavu, omogu\u0107avaju\u0107i kompletnu negu u jednom aparatu.<\/p>\n<p data-start=\"229\" data-end=\"348\"><strong data-start=\"229\" data-end=\"257\">Sna\u017ean motor od 8000 RPM<\/strong>: Brz i efikasan rad obezbe\u0111uje precizno brijanje i oblikovanje, uz stabilne performanse.<\/p>\n<p data-start=\"350\" data-end=\"504\"><strong data-start=\"350\" data-end=\"383\">Litijumska baterija od 600mAh<\/strong>: Pru\u017ea do 60 minuta neprekidnog rada nakon punog punjenja, \u0161to je dovoljno za vi\u0161e kori\u0161\u0107enja bez \u010destog dopunjavanja.<\/p>\n<p data-start=\"506\" data-end=\"625\"><strong data-start=\"506\" data-end=\"539\">Brzo punjenje putem USB kabla<\/strong>: Vreme punjenja od 90 minuta omogu\u0107ava prakti\u010dnost i jednostavno punjenje bilo gde.<\/p>\n<p data-start=\"627\" data-end=\"763\"><strong data-start=\"627\" data-end=\"649\">Vodootpornost IPX6<\/strong>: Omogu\u0107ava sigurno kori\u0161\u0107enje i lako \u010di\u0161\u0107enje pod mlazom vode, \u010dine\u0107i aparat pogodnim za suvu i mokru upotrebu.<\/p>\n<p data-start=\"765\" data-end=\"877\"><strong data-start=\"765\" data-end=\"795\">LED displej i on\/off dugme<\/strong>: Pru\u017eaju pregledan prikaz statusa ure\u0111aja i jednostavno upravljanje funkcijama.<\/p>\n<p data-start=\"879\" data-end=\"1020\"><strong data-start=\"879\" data-end=\"923\">3-sekundno zaklju\u010davanje tokom putovanja<\/strong>: Spre\u010dava slu\u010dajno uklju\u010divanje aparata u torbi ili koferu, \u0161to ga \u010dini idealnim za putovanja.<\/p>\n<p data-start=\"1022\" data-end=\"1169\"><strong data-start=\"1022\" data-end=\"1042\">Prakti\u010dni dodaci<\/strong>: Za\u0161titni poklopac, \u010detkica i ulje olak\u0161avaju odr\u017eavanje, dok razli\u010diti nastavci pru\u017eaju dodatnu fleksibilnost u kori\u0161\u0107enju.<\/p>\n<\/div>\n<\/div>\n<\/div>\n<\/div>\n<\/div>\n<\/div>\n<\/div>\n<\/div>\n","protected":false},"excerpt":{"rendered":"<p>Vox aparat za brijanje predstavlja multifunkcionalno i prakti\u010dno re\u0161enje za kompletnu negu lica i kose. Sa sna\u017enim motorom, dugotrajnom baterijom, vodootporno\u0161\u0107u i bogatim setom nastavaka, pru\u017ea profesionalne rezultate i maksimalnu udobnost u svakodnevnoj upotrebi i na putovanjima.<\/p>\n","protected":false},"featured_media":11517,"comment_status":"open","ping_status":"closed","template":"","meta":{"inline_featured_image":false},"product_brand":[],"product_cat":[425],"product_tag":[],"class_list":{"0":"post-11516","1":"product","2":"type-product","3":"status-publish","4":"has-post-thumbnail","6":"product_cat-aparati-za-brijanje","8":"first","9":"instock","10":"sale","11":"shipping-taxable","12":"purchasable","13":"product-type-simple"},"_links":{"self":[{"href":"https:\/\/tehnikabacko.rs\/index.php\/wp-json\/wp\/v2\/product\/11516","targetHints":{"allow":["GET"]}}],"collection":[{"href":"https:\/\/tehnikabacko.rs\/index.php\/wp-json\/wp\/v2\/product"}],"about":[{"href":"https:\/\/tehnikabacko.rs\/index.php\/wp-json\/wp\/v2\/types\/product"}],"replies":[{"embeddable":true,"href":"https:\/\/tehnikabacko.rs\/index.php\/wp-json\/wp\/v2\/comments?post=11516"}],"wp:featuredmedia":[{"embeddable":true,"href":"https:\/\/tehnikabacko.rs\/index.php\/wp-json\/wp\/v2\/media\/11517"}],"wp:attachment":[{"href":"https:\/\/tehnikabacko.rs\/index.php\/wp-json\/wp\/v2\/media?parent=11516"}],"wp:term":[{"taxonomy":"product_brand","embeddable":true,"href":"https:\/\/tehnikabacko.rs\/index.php\/wp-json\/wp\/v2\/product_brand?post=11516"},{"taxonomy":"product_cat","embeddable":true,"href":"https:\/\/tehnikabacko.rs\/index.php\/wp-json\/wp\/v2\/product_cat?post=11516"},{"taxonomy":"product_tag","embeddable":true,"href":"https:\/\/tehnikabacko.rs\/index.php\/wp-json\/wp\/v2\/product_tag?post=11516"}],"curies":[{"name":"wp","href":"https:\/\/api.w.org\/{rel}","templated":true}]}}