{"id":11514,"date":"2025-11-13T14:34:50","date_gmt":"2025-11-13T14:34:50","guid":{"rendered":"https:\/\/tehnikabacko.rs\/?post_type=product&#038;p=11514"},"modified":"2025-11-13T14:34:50","modified_gmt":"2025-11-13T14:34:50","slug":"zilan-zln5541-keramicka-grejalica","status":"publish","type":"product","link":"https:\/\/tehnikabacko.rs\/index.php\/product\/zilan-zln5541-keramicka-grejalica\/","title":{"rendered":"ZILAN ZLN5541 KERAMI\u010cKA GREJALICA"},"content":{"rendered":"<p>Zilan ZLN5541 &#8211; Keramicka grejalica<\/p>\n<p>Kerami\u010dka grejalica Zilan ZLN5541 je grejalica snage 2000W, sa kerami\u010dkim greja\u010dem za efikasno i brzo zagrevanje prostora. Kerami\u010dka grejalica Zilan ZLN5541 je izra\u0111ena sa podesivim termostatom, tako da se temperatura mo\u017ee podesiti premapotrebama. Napravljena je sa za\u0161titom od pregrevanja za ve\u0107u bezbednost upotrebe.<br \/>\nKerami\u010dka grejalica Zilan ZLN5541 je napravljena sa ru\u010dkom za lak\u0161e preno\u0161enje grejalice na \u017eeljeno mesto. Dimenzije grejalice iznose 57x22x44cm.<\/p>\n","protected":false},"excerpt":{"rendered":"<ul>\n<li>Podesivi termostat<\/li>\n<li>Zastita od pregrevanja<\/li>\n<li>Brzo pregrevanje<\/li>\n<li>Pametna rucka za jednostavnu upotrebu<\/li>\n<li>Snaga : 2000 W<\/li>\n<\/ul>\n","protected":false},"featured_media":11515,"comment_status":"open","ping_status":"closed","template":"","meta":{"inline_featured_image":false},"product_brand":[],"product_cat":[312,364],"product_tag":[],"class_list":{"0":"post-11514","1":"product","2":"type-product","3":"status-publish","4":"has-post-thumbnail","6":"product_cat-grejalice","7":"product_cat-grejanje","9":"first","10":"instock","11":"sale","12":"shipping-taxable","13":"purchasable","14":"product-type-simple"},"_links":{"self":[{"href":"https:\/\/tehnikabacko.rs\/index.php\/wp-json\/wp\/v2\/product\/11514","targetHints":{"allow":["GET"]}}],"collection":[{"href":"https:\/\/tehnikabacko.rs\/index.php\/wp-json\/wp\/v2\/product"}],"about":[{"href":"https:\/\/tehnikabacko.rs\/index.php\/wp-json\/wp\/v2\/types\/product"}],"replies":[{"embeddable":true,"href":"https:\/\/tehnikabacko.rs\/index.php\/wp-json\/wp\/v2\/comments?post=11514"}],"wp:featuredmedia":[{"embeddable":true,"href":"https:\/\/tehnikabacko.rs\/index.php\/wp-json\/wp\/v2\/media\/11515"}],"wp:attachment":[{"href":"https:\/\/tehnikabacko.rs\/index.php\/wp-json\/wp\/v2\/media?parent=11514"}],"wp:term":[{"taxonomy":"product_brand","embeddable":true,"href":"https:\/\/tehnikabacko.rs\/index.php\/wp-json\/wp\/v2\/product_brand?post=11514"},{"taxonomy":"product_cat","embeddable":true,"href":"https:\/\/tehnikabacko.rs\/index.php\/wp-json\/wp\/v2\/product_cat?post=11514"},{"taxonomy":"product_tag","embeddable":true,"href":"https:\/\/tehnikabacko.rs\/index.php\/wp-json\/wp\/v2\/product_tag?post=11514"}],"curies":[{"name":"wp","href":"https:\/\/api.w.org\/{rel}","templated":true}]}}