{"id":11494,"date":"2025-11-12T12:55:58","date_gmt":"2025-11-12T12:55:58","guid":{"rendered":"https:\/\/tehnikabacko.rs\/?post_type=product&#038;p=11494"},"modified":"2025-11-12T12:55:58","modified_gmt":"2025-11-12T12:55:58","slug":"elektricna-lancana-testera-gh-ec-1835","status":"publish","type":"product","link":"https:\/\/tehnikabacko.rs\/index.php\/product\/elektricna-lancana-testera-gh-ec-1835\/","title":{"rendered":"Elektri\u010dna lan\u010dana testera GH-EC 1835"},"content":{"rendered":"<div class=\"content-item module-headline-paragraph headline paragraph -color-headline-black\">\n<h2 class=\"heading delta\">Tehni\u010dke specifikacije<\/h2>\n<\/div>\n<div class=\"content-item module-table -styling-beta -div-based\">\n<div class=\"table__table table\">\n<div class=\"tbody\">\n<div class=\"-show tr tr-odd\">\n<div class=\"td\"><span class=\"bold\">Broj pogonskih karika<\/span><\/div>\n<div class=\"td\">52 pcs<\/div>\n<\/div>\n<div class=\"-show tr tr-even\">\n<div class=\"td\"><span class=\"bold\">Debljina lanca<\/span><\/div>\n<div class=\"td\">1.3 mm<\/div>\n<\/div>\n<div class=\"-show tr tr-odd\">\n<div class=\"td\"><span class=\"bold\">Deljenje lanca<\/span><\/div>\n<div class=\"td\">9.5 mm<\/div>\n<\/div>\n<div class=\"-show tr tr-even\">\n<div class=\"td\"><span class=\"bold\">Du\u017eina naponskog kabla<\/span><\/div>\n<div class=\"td\">0.15 m<\/div>\n<\/div>\n<div class=\"-show tr tr-odd\">\n<div class=\"td\"><span class=\"bold\">Du\u017eina se\u010denja<\/span><\/div>\n<div class=\"td\">32.5 cm<\/div>\n<\/div>\n<div class=\"-show tr tr-even\">\n<div class=\"td\"><span class=\"bold\">Du\u017eina vodilice<\/span><\/div>\n<div class=\"td\">35.6 cm<\/div>\n<\/div>\n<div class=\"-show tr tr-odd\">\n<div class=\"td\"><span class=\"bold\">Kapacitet rezervoara za ulje<\/span><\/div>\n<div class=\"td\">160 ml<\/div>\n<\/div>\n<div class=\"-show tr tr-even\">\n<div class=\"td\"><span class=\"bold\">Maks. brzina lanca<\/span><\/div>\n<div class=\"td\">13.5 m\/s<\/div>\n<\/div>\n<div class=\"-show tr tr-odd\">\n<div class=\"td\"><span class=\"bold\">Snaga<\/span><\/div>\n<div class=\"td\">1800 W<\/div>\n<\/div>\n<div class=\"-show tr tr-even\">\n<div class=\"td\"><span class=\"bold\">Te\u017eina proizvoda<\/span><\/div>\n<div class=\"td\">5.38 Kg<\/div>\n<div><span class=\"heading gamma\">Opis artikla<\/span>GH-EC 1835 elektri\u010dna motorna testera je koristan i efikasan alat i pouzdan pomo\u0107nik za testerisanje drva za ogrev, prore\u0111ivanje \u017ebunja i se\u010denje manjeg drve\u0107a. \u010cvrsta vodilica i lanac obezbe\u0111uju optimalne performanse rezanja. Lanac se mo\u017ee zategnuti i promeniti bez alata. Za dobar prenos snage i dug radni vek tu je i visokokvalitetni i \u010dvrsti metalni zup\u010danik. Funkcija za\u0161tite od povratnog udarca sa trenutnom ko\u010dnicom lanca odmah \u0107e zaustaviti lanac ukoliko se GH-EC 1835 iznenada podigne. Veliki prozor\u010di\u0107 olak\u0161ava proveru koli\u010dine ulja u rezervoaru za ulje sistema za automatsko podmazivanje lanca. Veliki otvor za sipanje sa lakim pri\u010dvr\u0161\u0107ivanjem \u010dini da dopuna ulja bude jednostavna. Iz bezbednosnih razloga, u slu\u010daju iskakanja lanca sa vodilice, postavljen je vijak za hvatanje lanca. Robusni blokadni zubac napravljen od metala osigurava bezbedno rukovanje, a tako\u0111e slu\u017ei kao ta\u010dka osovine pri testerisanju horizontalnih stabala. Spojnica za popu\u0161tanje kabla \u0161titi strujni kabl.<\/div>\n<\/div>\n<\/div>\n<\/div>\n<\/div>\n","protected":false},"excerpt":{"rendered":"<ul>\n<li class=\" meta\">Kvalitetna vo\u0111ica i o\u0161tar lanac<\/li>\n<li class=\" meta\">Zatezanje i promena lanca bez alata<\/li>\n<li class=\" meta\">Metalni zup\u010danik za dug radni vek<\/li>\n<li class=\" meta\">Ergonomska ru\u010dka<\/li>\n<li class=\" meta\">\u010cvrsti blokadni zubac napravljen od metala<\/li>\n<li class=\"-marked meta\">Rezervoar sa uljem za automatsko podmazivanje lanca<\/li>\n<li class=\"-marked meta\">Za\u0161tita od povratnog udarca sa trenutnom mehani\u010dkom ko\u010dnicom lanca<\/li>\n<li class=\"-marked meta\">Veliki otvor za sipanje sa brzim privr\u0161\u0107ivanjem<\/li>\n<li class=\"-marked meta\">Automatsko podmazivanje lanca<\/li>\n<li class=\"-marked meta\">Vijak za hvatanje lanca<\/li>\n<\/ul>\n","protected":false},"featured_media":11495,"comment_status":"open","ping_status":"closed","template":"","meta":{"inline_featured_image":false},"product_brand":[],"product_cat":[284,287],"product_tag":[],"class_list":{"0":"post-11494","1":"product","2":"type-product","3":"status-publish","4":"has-post-thumbnail","6":"product_cat-elektricna-testera","7":"product_cat-testere","9":"first","10":"instock","11":"sale","12":"shipping-taxable","13":"purchasable","14":"product-type-simple"},"_links":{"self":[{"href":"https:\/\/tehnikabacko.rs\/index.php\/wp-json\/wp\/v2\/product\/11494","targetHints":{"allow":["GET"]}}],"collection":[{"href":"https:\/\/tehnikabacko.rs\/index.php\/wp-json\/wp\/v2\/product"}],"about":[{"href":"https:\/\/tehnikabacko.rs\/index.php\/wp-json\/wp\/v2\/types\/product"}],"replies":[{"embeddable":true,"href":"https:\/\/tehnikabacko.rs\/index.php\/wp-json\/wp\/v2\/comments?post=11494"}],"wp:featuredmedia":[{"embeddable":true,"href":"https:\/\/tehnikabacko.rs\/index.php\/wp-json\/wp\/v2\/media\/11495"}],"wp:attachment":[{"href":"https:\/\/tehnikabacko.rs\/index.php\/wp-json\/wp\/v2\/media?parent=11494"}],"wp:term":[{"taxonomy":"product_brand","embeddable":true,"href":"https:\/\/tehnikabacko.rs\/index.php\/wp-json\/wp\/v2\/product_brand?post=11494"},{"taxonomy":"product_cat","embeddable":true,"href":"https:\/\/tehnikabacko.rs\/index.php\/wp-json\/wp\/v2\/product_cat?post=11494"},{"taxonomy":"product_tag","embeddable":true,"href":"https:\/\/tehnikabacko.rs\/index.php\/wp-json\/wp\/v2\/product_tag?post=11494"}],"curies":[{"name":"wp","href":"https:\/\/api.w.org\/{rel}","templated":true}]}}