{"id":11490,"date":"2025-11-12T12:50:40","date_gmt":"2025-11-12T12:50:40","guid":{"rendered":"https:\/\/tehnikabacko.rs\/?post_type=product&#038;p=11490"},"modified":"2025-11-12T12:50:40","modified_gmt":"2025-11-12T12:50:40","slug":"elektricna-teleskopska-lancana-testera-gc-ec-7520-t","status":"publish","type":"product","link":"https:\/\/tehnikabacko.rs\/index.php\/product\/elektricna-teleskopska-lancana-testera-gc-ec-7520-t\/","title":{"rendered":"Elektri\u010dna teleskopska lan\u010dana testera GC-EC 7520 T"},"content":{"rendered":"<div class=\"content-item module-headline-paragraph headline paragraph -color-headline-black\">\n<h2 class=\"heading delta\">Tehni\u010dke specifikacije<\/h2>\n<\/div>\n<div class=\"content-item module-table -styling-beta -div-based\">\n<div class=\"table__table table\">\n<div class=\"tbody\">\n<div class=\"-show tr tr-odd\">\n<div class=\"td\"><span class=\"bold\">Du\u017eina se\u010denja<\/span><\/div>\n<div class=\"td\">18 cm<\/div>\n<\/div>\n<div class=\"-show tr tr-even\">\n<div class=\"td\"><span class=\"bold\">Du\u017eina vodilice<\/span><\/div>\n<div class=\"td\">20 cm<\/div>\n<\/div>\n<div class=\"-show tr tr-odd\">\n<div class=\"td\"><span class=\"bold\">Kapacitet rezervoara za ulje<\/span><\/div>\n<div class=\"td\">100 ml<\/div>\n<\/div>\n<div class=\"-show tr tr-even\">\n<div class=\"td\"><span class=\"bold\">Maks. brzina lanca<\/span><\/div>\n<div class=\"td\">11 m\/s<\/div>\n<\/div>\n<div class=\"-show tr tr-odd\">\n<div class=\"td\"><span class=\"bold\">Snaga<\/span><\/div>\n<div class=\"td\">750 W<\/div>\n<\/div>\n<div class=\"-show tr tr-even\">\n<div class=\"td\"><span class=\"bold\">Te\u017eina proizvoda<\/span><\/div>\n<div class=\"td\">3.6 Kg<\/div>\n<div>\n<p><span class=\"heading gamma\">Opis artikla<\/span>Sa Einhell elektri\u010dnom testerom za grane GC-EC 7520 T, \u010dak i vi\u0161e grane se mogu brzo i prakti\u010dno sec\u0301i sa zemlje. Za tren oka, udobna motka za rukovanje dovodi zelenilo va\u0161eg doma u oblik. Aluminijumski teleskopski stil obezbe\u0111uje optimalan domet. Za ergonomski rad, testera za orezivanje je opremljena dodatnom gumiranom povr\u0161inom za dr\u017eanje. Zatezanje lanca se vr\u0161i bez alata. Traka za no\u0161enje je podesiva i stoga idealno prilagodljiva kako bi se obezbedila vec\u0301a udobnost tokom rada. Integrisano rasterec\u0301enje kabla se tako\u0111e koristi za bezbednost. Rezervoar za ulje za automatsko podmazivanje lanca je opremljen velikim kontrolnim staklom za brzu kontrolu nivoa ulja.<\/p>\n<\/div>\n<\/div>\n<\/div>\n<\/div>\n<\/div>\n","protected":false},"excerpt":{"rendered":"<ul>\n<li class=\" meta\">Zatezanje lanca bez alata<\/li>\n<li class=\" meta\">Rezervoar za ulje za automatsko podmazivanje lanca sa velikim staklom<\/li>\n<li class=\" meta\">Teleskopska aluminijumska ru\u010dka<\/li>\n<li class=\" meta\">Dodatna gumirana povr\u0161ina za dr\u017eanje za ergonomsko rukovanje<\/li>\n<li class=\" meta\">Podesivi remen za no\u0161enje<\/li>\n<li class=\"-marked meta\">\u201eUbla\u017eavanje naprezanja kablova\u201c<\/li>\n<\/ul>\n","protected":false},"featured_media":11491,"comment_status":"open","ping_status":"closed","template":"","meta":{"inline_featured_image":false},"product_brand":[],"product_cat":[284,422,287],"product_tag":[],"class_list":{"0":"post-11490","1":"product","2":"type-product","3":"status-publish","4":"has-post-thumbnail","6":"product_cat-elektricna-testera","7":"product_cat-teleskopska-testera","8":"product_cat-testere","10":"first","11":"instock","12":"sale","13":"shipping-taxable","14":"purchasable","15":"product-type-simple"},"_links":{"self":[{"href":"https:\/\/tehnikabacko.rs\/index.php\/wp-json\/wp\/v2\/product\/11490","targetHints":{"allow":["GET"]}}],"collection":[{"href":"https:\/\/tehnikabacko.rs\/index.php\/wp-json\/wp\/v2\/product"}],"about":[{"href":"https:\/\/tehnikabacko.rs\/index.php\/wp-json\/wp\/v2\/types\/product"}],"replies":[{"embeddable":true,"href":"https:\/\/tehnikabacko.rs\/index.php\/wp-json\/wp\/v2\/comments?post=11490"}],"wp:featuredmedia":[{"embeddable":true,"href":"https:\/\/tehnikabacko.rs\/index.php\/wp-json\/wp\/v2\/media\/11491"}],"wp:attachment":[{"href":"https:\/\/tehnikabacko.rs\/index.php\/wp-json\/wp\/v2\/media?parent=11490"}],"wp:term":[{"taxonomy":"product_brand","embeddable":true,"href":"https:\/\/tehnikabacko.rs\/index.php\/wp-json\/wp\/v2\/product_brand?post=11490"},{"taxonomy":"product_cat","embeddable":true,"href":"https:\/\/tehnikabacko.rs\/index.php\/wp-json\/wp\/v2\/product_cat?post=11490"},{"taxonomy":"product_tag","embeddable":true,"href":"https:\/\/tehnikabacko.rs\/index.php\/wp-json\/wp\/v2\/product_tag?post=11490"}],"curies":[{"name":"wp","href":"https:\/\/api.w.org\/{rel}","templated":true}]}}