{"id":11485,"date":"2025-11-12T12:46:06","date_gmt":"2025-11-12T12:46:06","guid":{"rendered":"https:\/\/tehnikabacko.rs\/?post_type=product&#038;p=11485"},"modified":"2025-11-12T12:46:06","modified_gmt":"2025-11-12T12:46:06","slug":"trakasta-testera-tc-sb-245-l","status":"publish","type":"product","link":"https:\/\/tehnikabacko.rs\/index.php\/product\/trakasta-testera-tc-sb-245-l\/","title":{"rendered":"Trakasta testera TC-SB 245 L"},"content":{"rendered":"<div id=\"technical-details\" class=\"section-row -padded-wide--mod-top-only -in-viewport\" data-anchornav=\"Tehni\u010dke specifikacije\">\n<div class=\"col-wrapper -max-width-limited -decrease-width\">\n<div class=\"col\">\n<div class=\"content-item module-headline-paragraph headline paragraph -color-headline-black\">\n<h2 class=\"heading delta\">Tehni\u010dke specifikacije<\/h2>\n<\/div>\n<div class=\"content-item module-table -styling-beta -div-based\">\n<div class=\"table__table table\">\n<div class=\"tbody\">\n<div class=\"-show tr tr-odd\">\n<div class=\"td\"><span class=\"bold\">Brzina testere u traci<\/span><\/div>\n<div class=\"td\">726 m\/min<\/div>\n<\/div>\n<div class=\"-show tr tr-even\">\n<div class=\"td\"><span class=\"bold\">Dubina testere u traci<\/span><\/div>\n<div class=\"td\">10 mm<\/div>\n<\/div>\n<div class=\"-show tr tr-odd\">\n<div class=\"td\"><span class=\"bold\">Du\u017eina testere u traci<\/span><\/div>\n<div class=\"td\">1712 mm<\/div>\n<\/div>\n<div class=\"-show tr tr-even\">\n<div class=\"td\"><span class=\"bold\">Nagib stola desno<\/span><\/div>\n<div class=\"td\">45 \u00b0<\/div>\n<\/div>\n<div class=\"-show tr tr-odd\">\n<div class=\"td\"><span class=\"bold\">Nagib stola levo<\/span><\/div>\n<div class=\"td\">0 \u00b0<\/div>\n<\/div>\n<div class=\"-show tr tr-even\">\n<div class=\"td\"><span class=\"bold\">Pre\u010dnik adaptera za usisavanje<\/span><\/div>\n<div class=\"td\">36 mm<\/div>\n<\/div>\n<div class=\"-show tr tr-odd\">\n<div class=\"td\"><span class=\"bold\">Te\u017eina proizvoda<\/span><\/div>\n<div class=\"td\">24.59 Kg<\/div>\n<\/div>\n<div class=\"-show tr tr-even\">\n<div class=\"td\"><span class=\"bold\">Tip motora<\/span><\/div>\n<div class=\"td\">Indukcioni motor<\/div>\n<\/div>\n<div class=\"-show tr tr-odd\">\n<div class=\"td\"><span class=\"bold\">Visina se\u010denja na 45\u00b0<\/span><\/div>\n<div class=\"td\">60 mm<\/div>\n<\/div>\n<div class=\"-show tr tr-even\">\n<div class=\"td\"><span class=\"bold\">Visina se\u010denja na 90\u00b0<\/span><\/div>\n<div class=\"td\">101 mm<\/div>\n<\/div>\n<\/div>\n<\/div>\n<\/div>\n<\/div>\n<\/div>\n<\/div>\n<div id=\"video\" class=\"section-row -padded-wide--mod-top-only\" data-anchornav=\"Video\">\n<div class=\"col-wrapper l-1col -max-width-limited\">\n<div class=\"col\">\n<div class=\"content-item module-video -full-size\">\n<div class=\"cards__card\" data-video-id=\"video-0\">\n<div class=\"card__video\"><span class=\"heading gamma\">Opis artikla<\/span>Einhell TC-SB 245 L trakasta testera je idealna osnovna ma\u0161ina za ambiciozne uradi-sam entuzijaste. Stacionarna, ali u isto vreme fleksibilna, ova trakasta testera je veoma prilagodljiva kada je u pitanju ispunjavanje postavljenih zahteva. Pravi rezovi ili krivine, kosi ili popre\u010dni rezovi: trakasta testera nudi \u0161irok spektar opcija. U zavisnosti od se\u010diva koje se koristi, ona bez napora re\u017ee raznovrsne materijala zahvaljujuc\u0301i sna\u017enom motoru od 400 W i brzinom bez optere\u0107enja od 1.450 obrtaja u minutu. Trakasta testera tako\u0111e nudi prednost uskog zaseka, koji je blag prema materijalu i \u0161tedi energiju. Kada se pravilno koristi, trakasta testera nudi efikasnu za\u0161titu. Pode\u0161avanje visine bez alata nije samo za izvo\u0111enje preciznih rezova, ve\u0107 slu\u017ei i kao za\u0161tita diska. Kada se prilagodi na idealnu radnu visinu korisnika, pode\u0161avanje visine tako\u0111e obezbe\u0111uje da korisnik mo\u017ee da radi bezbedno i udobno. Neograni\u010deno podesiv sto testere se mo\u017ee pode\u0161avati od 0\u00b0 stepeni do 45\u00b0 stepeni, a pozicija remena se mo\u017ee podesiti gornjim valjkom. Paralelni grani\u010dnik ima mogu\u0107nost dvostrukog pri\u010dvr\u0161\u0107ivanja i brzog pode\u0161avanja za prave rezove. Maksimalna visina rezanja na 45\u00b0 je 60 mm a na 90\u00b0 je 101 mm. Grani\u010dnik za uglove je neograni\u010deno podesiv izme\u0111u -60\u00b0 i +60\u00b0 stepeni. Vi\u0161e pozicija pode\u0161avanja vo\u0111ica na kugli\u010dnim le\u017eajima smanjuju vibraciju se\u010diva i pru\u017eaju pouzdane performanse i finiji rez u isto vreme. \u0160tap za guranje koji se dobija uz proizvod je nezamenjiv za bezbedan rad sa trakastom testerom. Prekida\u010d bez napona pru\u017ea za\u0161titu u slu\u010daju nestanka struje tokom kori\u0161\u0107enja. Ova trakasta testera je opremljena priklju\u010dkom od 36 mm za odvod i postoji integrisano svetlo za osvetljavanje radnog stola.<\/div>\n<\/div>\n<\/div>\n<\/div>\n<\/div>\n<\/div>\n","protected":false},"excerpt":{"rendered":"<ul>\n<li class=\" meta\">Neograni\u010deno podesiv sto testere (0\u00b0 do 45\u00b0)<\/li>\n<li class=\" meta\">Pode\u0161avanje visine \u0161titnika se\u010diva bez alata<\/li>\n<li class=\" meta\">Paralelni grani\u010dnik sa brzim pode\u0161avanjem za prave rezove<\/li>\n<li class=\" meta\">Neograni\u010deno podesiv grani\u010dnik za uglove od (-60\u00b0 do +60\u00b0)<\/li>\n<li class=\" meta\">Svetlo za osvetljavanje radnog stola<\/li>\n<li class=\"-marked meta\">Vi\u0161e pozicija pode\u0161avanja vo\u0111ica na kugli\u010dnim le\u017eajima za se\u010divo<\/li>\n<li class=\"-marked meta\">Pode\u0161avanje remena koriste\u0107i gornji valjak<\/li>\n<li class=\"-marked meta\">Priklju\u010dak za vakuumski ekstraktor d=36 mm<\/li>\n<li class=\"-marked meta\">Prekida\u010d bez napona za za\u0161titu u slu\u010daju nestanka struje<\/li>\n<li class=\"-marked meta\">\u0160tap za guranje za bezbednu upotrebu<\/li>\n<\/ul>\n","protected":false},"featured_media":11486,"comment_status":"open","ping_status":"closed","template":"","meta":{"inline_featured_image":false},"product_brand":[],"product_cat":[287,421],"product_tag":[],"class_list":{"0":"post-11485","1":"product","2":"type-product","3":"status-publish","4":"has-post-thumbnail","6":"product_cat-testere","7":"product_cat-tracna-testera","9":"first","10":"instock","11":"sale","12":"shipping-taxable","13":"purchasable","14":"product-type-simple"},"_links":{"self":[{"href":"https:\/\/tehnikabacko.rs\/index.php\/wp-json\/wp\/v2\/product\/11485","targetHints":{"allow":["GET"]}}],"collection":[{"href":"https:\/\/tehnikabacko.rs\/index.php\/wp-json\/wp\/v2\/product"}],"about":[{"href":"https:\/\/tehnikabacko.rs\/index.php\/wp-json\/wp\/v2\/types\/product"}],"replies":[{"embeddable":true,"href":"https:\/\/tehnikabacko.rs\/index.php\/wp-json\/wp\/v2\/comments?post=11485"}],"wp:featuredmedia":[{"embeddable":true,"href":"https:\/\/tehnikabacko.rs\/index.php\/wp-json\/wp\/v2\/media\/11486"}],"wp:attachment":[{"href":"https:\/\/tehnikabacko.rs\/index.php\/wp-json\/wp\/v2\/media?parent=11485"}],"wp:term":[{"taxonomy":"product_brand","embeddable":true,"href":"https:\/\/tehnikabacko.rs\/index.php\/wp-json\/wp\/v2\/product_brand?post=11485"},{"taxonomy":"product_cat","embeddable":true,"href":"https:\/\/tehnikabacko.rs\/index.php\/wp-json\/wp\/v2\/product_cat?post=11485"},{"taxonomy":"product_tag","embeddable":true,"href":"https:\/\/tehnikabacko.rs\/index.php\/wp-json\/wp\/v2\/product_tag?post=11485"}],"curies":[{"name":"wp","href":"https:\/\/api.w.org\/{rel}","templated":true}]}}