{"id":11477,"date":"2025-11-12T12:37:16","date_gmt":"2025-11-12T12:37:16","guid":{"rendered":"https:\/\/tehnikabacko.rs\/?post_type=product&#038;p=11477"},"modified":"2025-11-12T12:37:16","modified_gmt":"2025-11-12T12:37:16","slug":"potopna-pumpa-gc-sp-3580-ll","status":"publish","type":"product","link":"https:\/\/tehnikabacko.rs\/index.php\/product\/potopna-pumpa-gc-sp-3580-ll\/","title":{"rendered":"Potopna pumpa GC-SP 3580 LL"},"content":{"rendered":"<div class=\"content-item module-headline-paragraph headline paragraph -color-headline-black\">\n<h2 class=\"heading delta\">Tehni\u010dke specifikacije<\/h2>\n<\/div>\n<div class=\"content-item module-table -styling-beta -div-based\">\n<div class=\"table__table table\">\n<div class=\"tbody\">\n<div class=\"-show tr tr-odd\">\n<div class=\"td\"><span class=\"bold\">Du\u017eina naponskog kabla<\/span><\/div>\n<div class=\"td\">10 m<\/div>\n<\/div>\n<div class=\"-show tr tr-even\">\n<div class=\"td\"><span class=\"bold\">Maks. koli\u010dina protoka<\/span><\/div>\n<div class=\"td\">8000 l\/h<\/div>\n<\/div>\n<div class=\"-show tr tr-odd\">\n<div class=\"td\"><span class=\"bold\">Maks. pritisak protoka<\/span><\/div>\n<div class=\"td\">0.75 bar<\/div>\n<\/div>\n<div class=\"-show tr tr-even\">\n<div class=\"td\"><span class=\"bold\">Maks. temperatura vode<\/span><\/div>\n<div class=\"td\">35 \u00b0C<\/div>\n<\/div>\n<div class=\"-show tr tr-odd\">\n<div class=\"td\"><span class=\"bold\">Maks. visina protoka<\/span><\/div>\n<div class=\"td\">7.5 m<\/div>\n<\/div>\n<div class=\"-show tr tr-even\">\n<div class=\"td\"><span class=\"bold\">Min. nivo vode za pokretanje pumpe<\/span><\/div>\n<div class=\"td\">8 mm<\/div>\n<\/div>\n<div class=\"-show tr tr-odd\">\n<div class=\"td\"><span class=\"bold\">Plitko usisavanje do<\/span><\/div>\n<div class=\"td\">1 mm<\/div>\n<\/div>\n<div class=\"-show tr tr-even\">\n<div class=\"td\"><span class=\"bold\">Snaga<\/span><\/div>\n<div class=\"td\">350 W<\/div>\n<\/div>\n<div class=\"-show tr tr-odd\">\n<div class=\"td\"><span class=\"bold\">Te\u017eina proizvoda<\/span><\/div>\n<div class=\"td\">3.13 Kg<\/div>\n<\/div>\n<div class=\"-show tr tr-even\">\n<div class=\"td\"><span class=\"bold\">Tip tla\u010dnog priklju\u010dka<\/span><\/div>\n<div class=\"td\">47,8 mm (G11\/2 IG)<\/div>\n<div>Potopna pumpa GC-SP 3580 LL kompanije Einhell je sna\u017eno i robusno re\u0161enje za vlasnike kuc\u0301a i hobi ba\u0161tovane koji tra\u017ee pumpu visokog kvaliteta i proto\u010dnu \u010distu vodu za intenzivne primene. Sa maksimalnom brzinom isporuke od 8000 litara na sat, ova potopna pumpa od 350 W impresionira svojim visokim performansama. Voda se prazni iz bazena, ba\u010dvi za ki\u0161u i poplavljenih podruma u \u200b\u200bnajkrac\u0301em vremenu. Sveobuhvatne tehni\u010dke karakteristike zajedno sa iskoristivo\u0161\u0107u i fleksibilno\u0161c\u0301u u upotrebi \u010dine ovu potopnu pumpu vi\u0161estranom. Za razliku od mnogih standardnih pumpi, za koje je potrebno najmanje 5 centimetara vode za pokretanje pumpe, ova pumpa za \u010distu vodu iz Einhell-a za plitku vodu treba samo 8 milimetara da bi se impeler pumpe pokrenuo. Od ove minimalne dubine sna\u017ena pumpa c\u0301e Vam pomoc\u0301i da isu\u0161ite podrum ili ispraznite bazen. Preostali sloj vode od samo jednog milimetra je sve \u0161to c\u0301e biti ostavljeno na ravnom dnu koje se onda mo\u017ee obrisati. Visokokvalitetna mehani\u010dka zaptivka doprinosi dugom \u017eivotnom veku pumpe, \u010dak i na te\u0161kim i dugotrajnim zadacima. Pomoc\u0301u beskona\u010dno promenljivog ventila s plovkom, pumpa se mo\u017ee automatski uklju\u010diti i isklju\u010diti kada se nivo vode promeni. Integrisani nepovratni ventil spre\u010dava povratni tok kada se pumpa isklju\u010di. Prakti\u010dan namotaj za kablove i \u010dvrsta integrisana ru\u010dka olak\u0161avaju kretanje i skladi\u0161tenje potopne pumpe. Podvodna pumpa ima 90 \u00b0 \/ 47,8 mm (1 1\/2 \u201c) mu\u0161ki konektor kao i konektor za 25\/38 mm creva i 33,3 mm (1\u201d) mu\u0161ki navoj.<\/div>\n<\/div>\n<\/div>\n<\/div>\n<\/div>\n","protected":false},"excerpt":{"rendered":"<ul>\n<li class=\" meta\">Nizak nivo potapanja do preostalog nivoa vode od 1 mm<\/li>\n<li class=\" meta\">Po\u010detak rada pumpe je mogu\u0107 ve\u0107 sa 8mm nivoa vode<\/li>\n<li class=\" meta\">Beskona\u010dno promenljiv ventil s plovkom<\/li>\n<li class=\" meta\">Sa integrisanim nepovratnim ventilom<\/li>\n<li class=\" meta\">Ru\u010dka za no\u0161enje<\/li>\n<li class=\"-marked meta\">Namotavanje kabla<\/li>\n<li class=\"-marked meta\">Visokokvalitetna mehani\u010dka zaptivka za dugi vek trajanja<\/li>\n<li class=\"-marked meta\">Konektor za creva 25 mm \/ 32 mm + spolja\u0161nji navoj G1 (33,3 mm)<\/li>\n<li class=\"-marked meta\">90 \u00b0 ugao G 1\u00bd \u201cmu\u0161ki navoj x G 1\u00bd\u201d mu\u0161ki navoj (47.8 mm)<\/li>\n<\/ul>\n","protected":false},"featured_media":11478,"comment_status":"open","ping_status":"closed","template":"","meta":{"inline_featured_image":false},"product_brand":[],"product_cat":[300],"product_tag":[],"class_list":{"0":"post-11477","1":"product","2":"type-product","3":"status-publish","4":"has-post-thumbnail","6":"product_cat-potapajuca-pumpa","8":"first","9":"instock","10":"sale","11":"shipping-taxable","12":"purchasable","13":"product-type-simple"},"_links":{"self":[{"href":"https:\/\/tehnikabacko.rs\/index.php\/wp-json\/wp\/v2\/product\/11477","targetHints":{"allow":["GET"]}}],"collection":[{"href":"https:\/\/tehnikabacko.rs\/index.php\/wp-json\/wp\/v2\/product"}],"about":[{"href":"https:\/\/tehnikabacko.rs\/index.php\/wp-json\/wp\/v2\/types\/product"}],"replies":[{"embeddable":true,"href":"https:\/\/tehnikabacko.rs\/index.php\/wp-json\/wp\/v2\/comments?post=11477"}],"wp:featuredmedia":[{"embeddable":true,"href":"https:\/\/tehnikabacko.rs\/index.php\/wp-json\/wp\/v2\/media\/11478"}],"wp:attachment":[{"href":"https:\/\/tehnikabacko.rs\/index.php\/wp-json\/wp\/v2\/media?parent=11477"}],"wp:term":[{"taxonomy":"product_brand","embeddable":true,"href":"https:\/\/tehnikabacko.rs\/index.php\/wp-json\/wp\/v2\/product_brand?post=11477"},{"taxonomy":"product_cat","embeddable":true,"href":"https:\/\/tehnikabacko.rs\/index.php\/wp-json\/wp\/v2\/product_cat?post=11477"},{"taxonomy":"product_tag","embeddable":true,"href":"https:\/\/tehnikabacko.rs\/index.php\/wp-json\/wp\/v2\/product_tag?post=11477"}],"curies":[{"name":"wp","href":"https:\/\/api.w.org\/{rel}","templated":true}]}}