{"id":11474,"date":"2025-11-12T12:32:45","date_gmt":"2025-11-12T12:32:45","guid":{"rendered":"https:\/\/tehnikabacko.rs\/?post_type=product&#038;p=11474"},"modified":"2025-11-12T12:33:26","modified_gmt":"2025-11-12T12:33:26","slug":"einhell-agregat-tc-pg-65-e5-4152610","status":"publish","type":"product","link":"https:\/\/tehnikabacko.rs\/index.php\/product\/einhell-agregat-tc-pg-65-e5-4152610\/","title":{"rendered":"Einhell agregat TC-PG 65\/E5 4152610"},"content":{"rendered":"<p>Karakteristike:<br \/>\nTip generatora: Synchronous.<br \/>\nMaks. stalna snaga: 6000 W.<br \/>\nMaksimalna snaga: 6500 W.<br \/>\nBroj uti\u010dnica 230 V: 2 kom.<br \/>\nBroj uti\u010dnica 400 V: 1 kom.<br \/>\nVreme rada pri 2\/3 opterec\u0301enja: 11,7 h.<br \/>\nSadr\u017eaj rezervoara: 25 l.<br \/>\nSna\u017ean, robustan i \u010dist 4-taktni pogonski motor.<br \/>\nElektri\u010dnom energijom se mogu napajati dva potro\u0161a\u010da od 230 V ili jedan potro\u0161a\u010d od 400 V.<br \/>\nDva velika to\u010dka i ru\u010dka sa \u0161arkama za lak transport.<br \/>\nVeliki rezervoar od 25l sa indikatorom nivoa za kontinuirani rad.<br \/>\nPrekida\u010d preopterec\u0301enja, isklju\u010divanje niske koli\u010dine ulja i AVR funkcija.<br \/>\nElektri\u010dno pokretanje lako za korisnika (isporu\u010duje se sa starter baterijom).<\/p>\n","protected":false},"excerpt":{"rendered":"<p><b>Einhell agregat TC-PG 65\/E5 4152610<\/b>\u00a0je prenosivi generator koji pru\u017ea pouzdanu elektri\u010dnu energiju za razli\u010dite potrebe.<br \/>\n<b>Agregat TC-PG 65\/E5 Einhell 4152610<\/b>\u00a0je idealan za kori\u0161\u0107enje na gradili\u0161tima, kampovanju ili kao rezervni izvor energije u doma\u0107instvima.<\/p>\n","protected":false},"featured_media":11471,"comment_status":"open","ping_status":"closed","template":"","meta":{"inline_featured_image":false},"product_brand":[],"product_cat":[263],"product_tag":[],"class_list":{"0":"post-11474","1":"product","2":"type-product","3":"status-publish","4":"has-post-thumbnail","6":"product_cat-agregati","8":"first","9":"instock","10":"sale","11":"shipping-taxable","12":"purchasable","13":"product-type-simple"},"_links":{"self":[{"href":"https:\/\/tehnikabacko.rs\/index.php\/wp-json\/wp\/v2\/product\/11474","targetHints":{"allow":["GET"]}}],"collection":[{"href":"https:\/\/tehnikabacko.rs\/index.php\/wp-json\/wp\/v2\/product"}],"about":[{"href":"https:\/\/tehnikabacko.rs\/index.php\/wp-json\/wp\/v2\/types\/product"}],"replies":[{"embeddable":true,"href":"https:\/\/tehnikabacko.rs\/index.php\/wp-json\/wp\/v2\/comments?post=11474"}],"wp:featuredmedia":[{"embeddable":true,"href":"https:\/\/tehnikabacko.rs\/index.php\/wp-json\/wp\/v2\/media\/11471"}],"wp:attachment":[{"href":"https:\/\/tehnikabacko.rs\/index.php\/wp-json\/wp\/v2\/media?parent=11474"}],"wp:term":[{"taxonomy":"product_brand","embeddable":true,"href":"https:\/\/tehnikabacko.rs\/index.php\/wp-json\/wp\/v2\/product_brand?post=11474"},{"taxonomy":"product_cat","embeddable":true,"href":"https:\/\/tehnikabacko.rs\/index.php\/wp-json\/wp\/v2\/product_cat?post=11474"},{"taxonomy":"product_tag","embeddable":true,"href":"https:\/\/tehnikabacko.rs\/index.php\/wp-json\/wp\/v2\/product_tag?post=11474"}],"curies":[{"name":"wp","href":"https:\/\/api.w.org\/{rel}","templated":true}]}}