{"id":11463,"date":"2025-11-12T11:49:06","date_gmt":"2025-11-12T11:49:06","guid":{"rendered":"https:\/\/tehnikabacko.rs\/?post_type=product&#038;p=11463"},"modified":"2025-11-12T11:49:06","modified_gmt":"2025-11-12T11:49:06","slug":"udarni-odvijac-pneumatski-tc-pw-340","status":"publish","type":"product","link":"https:\/\/tehnikabacko.rs\/index.php\/product\/udarni-odvijac-pneumatski-tc-pw-340\/","title":{"rendered":"Udarni odvija\u010d (pneumatski) TC-PW 340"},"content":{"rendered":"<div class=\"content-item module-headline-paragraph headline paragraph -color-headline-black\">\n<h2 class=\"heading delta\">Tehni\u010dke specifikacije<\/h2>\n<\/div>\n<div class=\"content-item module-table -styling-beta -div-based\">\n<div class=\"table__table table\">\n<div class=\"tbody\">\n<div class=\"-show tr tr-odd\">\n<div class=\"td\"><span class=\"bold\">Koraci pode\u0161avanja obrtnog momenta<\/span><\/div>\n<div class=\"td\">4<\/div>\n<\/div>\n<div class=\"-show tr tr-even\">\n<div class=\"td\"><span class=\"bold\">Maks. brzina praznog hoda<\/span><\/div>\n<div class=\"td\">7500 min^-1<\/div>\n<\/div>\n<div class=\"-show tr tr-odd\">\n<div class=\"td\"><span class=\"bold\">Maks. obrtni moment odvrtanja<\/span><\/div>\n<div class=\"td\">340 Nm<\/div>\n<\/div>\n<div class=\"-show tr tr-even\">\n<div class=\"td\"><span class=\"bold\">Maks. zatezni obrtni moment<\/span><\/div>\n<div class=\"td\">340 Nm<\/div>\n<\/div>\n<div class=\"-show tr tr-odd\">\n<div class=\"td\"><span class=\"bold\">Radni pritisak<\/span><\/div>\n<div class=\"td\">6.3 bar<\/div>\n<\/div>\n<div class=\"-show tr tr-even\">\n<div class=\"td\"><span class=\"bold\">Te\u017eina proizvoda<\/span><\/div>\n<div class=\"td\">1.9 Kg<\/div>\n<div><span class=\"heading gamma\">Opis artikla<\/span>Einhell TC-PW 340 pneumatski udarni odvija\u010d isporu\u010duje veliku snagu za radove u domu, radionici ili gara\u017ei. Ovaj robusni udarni odvija\u010d ima maksimalni obrtni momenat od 340 Nm. A, neklizaju\u0107a, gumirana ru\u010dka garantuje da je bezbedan i udoban za rad u svakoj situaciji. Sa radom u smeru suprotnom od kazaljke na satu (jedan korak) i u smeru kazaljke na satu (tri koraka), ovaj pneumatski udarni odvija\u010d se mo\u017ee koristiti za veliki opseg zadataka. Vrhunski rezultati ovog udarnog odvija\u010da omogu\u0107eni su kori\u0161\u0107enjem creva sa unutra\u0161njim pre\u010dnikom od 9 mm ili vi\u0161e. Maksimalni radni pritisak je 6,3 bara, a maksimalna veli\u010dina navoja je 14 mm. Ovaj proizvod uklju\u010duje 8 klju\u010deva veli\u010dine 8\/10\/11\/13\/17\/19\/21\/22 mm, 1 bo\u010dicu ulja i 1 priklju\u010dak za crevo. Tako da je TC-PW 340 pneumatski udarni odvija\u010d kompanije Einhell odmah spreman za rad. Dolazi u prakti\u010dnom koferu za transport i \u010duvanje.<\/div>\n<\/div>\n<\/div>\n<\/div>\n<\/div>\n","protected":false},"excerpt":{"rendered":"<ul>\n<li class=\" meta\">Sna\u017eni udarni odvija\u010d sa maksimalnim obrtnim momentom od 340 Nm<\/li>\n<li class=\" meta\">Neklizaju\u0107a gumirana ru\u010dka za bezbednost tokom upotrebe<\/li>\n<li class=\" meta\">Rad u smeru suprotnom od kazaljke na satu (jedan korak) i u smeru kazaljke na satu (tri koraka)<\/li>\n<li class=\" meta\">Vrhunski rezultati sa crevom sa unutra\u0161njim pre\u010dnikom od 9 mm ili vi\u0161e<\/li>\n<li class=\" meta\">Uklju\u010duje 8 klju\u010deva veli\u010dine 8\/10\/11\/13\/17\/19\/21\/22 mm<\/li>\n<li class=\"-marked meta\">Uklju\u010duje 1 bo\u010dicu ulja i 1 priklju\u010dak za crevo<\/li>\n<li class=\"-marked meta\">Dolazi u prakti\u010dnom koferu za transport i \u010duvanje<\/li>\n<\/ul>\n","protected":false},"featured_media":11464,"comment_status":"open","ping_status":"closed","template":"","meta":{"inline_featured_image":false},"product_brand":[],"product_cat":[148,420],"product_tag":[],"class_list":{"0":"post-11463","1":"product","2":"type-product","3":"status-publish","4":"has-post-thumbnail","6":"product_cat-alati","7":"product_cat-pneumatski-odvijaci","9":"first","10":"instock","11":"sale","12":"shipping-taxable","13":"purchasable","14":"product-type-simple"},"_links":{"self":[{"href":"https:\/\/tehnikabacko.rs\/index.php\/wp-json\/wp\/v2\/product\/11463","targetHints":{"allow":["GET"]}}],"collection":[{"href":"https:\/\/tehnikabacko.rs\/index.php\/wp-json\/wp\/v2\/product"}],"about":[{"href":"https:\/\/tehnikabacko.rs\/index.php\/wp-json\/wp\/v2\/types\/product"}],"replies":[{"embeddable":true,"href":"https:\/\/tehnikabacko.rs\/index.php\/wp-json\/wp\/v2\/comments?post=11463"}],"wp:featuredmedia":[{"embeddable":true,"href":"https:\/\/tehnikabacko.rs\/index.php\/wp-json\/wp\/v2\/media\/11464"}],"wp:attachment":[{"href":"https:\/\/tehnikabacko.rs\/index.php\/wp-json\/wp\/v2\/media?parent=11463"}],"wp:term":[{"taxonomy":"product_brand","embeddable":true,"href":"https:\/\/tehnikabacko.rs\/index.php\/wp-json\/wp\/v2\/product_brand?post=11463"},{"taxonomy":"product_cat","embeddable":true,"href":"https:\/\/tehnikabacko.rs\/index.php\/wp-json\/wp\/v2\/product_cat?post=11463"},{"taxonomy":"product_tag","embeddable":true,"href":"https:\/\/tehnikabacko.rs\/index.php\/wp-json\/wp\/v2\/product_tag?post=11463"}],"curies":[{"name":"wp","href":"https:\/\/api.w.org\/{rel}","templated":true}]}}