{"id":11459,"date":"2025-11-12T11:38:50","date_gmt":"2025-11-12T11:38:50","guid":{"rendered":"https:\/\/tehnikabacko.rs\/?post_type=product&#038;p=11459"},"modified":"2025-11-12T11:38:50","modified_gmt":"2025-11-12T11:38:50","slug":"usisivac-za-suvo-mokro-tc-vc-1930-s","status":"publish","type":"product","link":"https:\/\/tehnikabacko.rs\/index.php\/product\/usisivac-za-suvo-mokro-tc-vc-1930-s\/","title":{"rendered":"Usisiva\u010d za suvo\/mokro TC-VC 1930 S"},"content":{"rendered":"<div class=\"content-item module-headline-paragraph headline paragraph -color-headline-black\">\n<h2 class=\"heading delta\">Tehni\u010dke specifikacije<\/h2>\n<\/div>\n<div class=\"content-item module-table -styling-beta -div-based\">\n<div class=\"table__table table\">\n<div class=\"tbody\">\n<div class=\"-show tr tr-odd\">\n<div class=\"td\"><span class=\"bold\">Napajanje<\/span><\/div>\n<div class=\"td\">220-240 V | 50 Hz<\/div>\n<\/div>\n<div class=\"-show tr tr-even\">\n<div class=\"td\"><span class=\"bold\">Snaga<\/span><\/div>\n<div class=\"td\">1500 W<\/div>\n<\/div>\n<div class=\"-show tr tr-odd\">\n<div class=\"td\"><span class=\"bold\">Maks. Snaga usisavanja<\/span><\/div>\n<div class=\"td\">190 mbar<\/div>\n<\/div>\n<div class=\"-show tr tr-even\">\n<div class=\"td\"><span class=\"bold\">Zapremina suda<\/span><\/div>\n<div class=\"td\">30 L<\/div>\n<\/div>\n<div class=\"-show tr tr-odd\">\n<div class=\"td\"><span class=\"bold\">Du\u017eina usisne cevi<\/span><\/div>\n<div class=\"td\">250 cm<\/div>\n<\/div>\n<div class=\"-show tr tr-even\">\n<div class=\"td\"><span class=\"bold\">Pre\u010dnik usisne cevi<\/span><\/div>\n<div class=\"td\">36 mm<\/div>\n<\/div>\n<div class=\"-show tr tr-odd\">\n<div class=\"td\"><span class=\"bold\">Du\u017eina kabla za napajanje<\/span><\/div>\n<div class=\"td\">250 cm<\/div>\n<\/div>\n<div class=\"-show tr tr-even\">\n<div class=\"td\"><span class=\"bold\">Nivo zvu\u010dnog pritiska Lpa<\/span><\/div>\n<div class=\"td\">78 dB (A)<\/div>\n<div>\n<ul>\n<li class=\" meta\">Rezervoar od 30 L od ner\u0111aju\u0107eg \u010delika, vijak za ispu\u0161tanje<\/li>\n<li class=\" meta\">Konekor za duvaljku, za \u010di\u0161\u010denje nepristupa\u010dnih povr\u0161ina<\/li>\n<li class=\" meta\">\u010cetiri to\u010dki\u010da omogu\u010davaju lak transport<\/li>\n<li class=\" meta\">Nosa\u010d za dodatnu opremu<\/li>\n<li class=\" meta\">Dr\u0161ka za no\u0161enje i nosa\u010d za kabl<\/li>\n<li class=\"-marked meta\">Sistem 36 mm creva za sna\u017ean protok vazduha i dobar protok pra\u0161ine<\/li>\n<li class=\"-marked meta\">Jedno crevo 36mm, du\u017eine 2.5 m<\/li>\n<li class=\"-marked meta\">Trodelna plasti\u010dna cev za usis<\/li>\n<li class=\"-marked meta\">Velika usisna glava za kombinovanu upotrebu mokro\/suvo<\/li>\n<li class=\"-marked meta\">Uska mlaznica<\/li>\n<li class=\"-marked meta\">Adapter za optimalan protok vazduha<\/li>\n<li class=\"-marked meta\">Dugotrajni filter za suvo usisavanje<\/li>\n<li class=\"-marked meta\">Penasti filter za mokro \u010di\u0161\u0107enje<\/li>\n<\/ul>\n<\/div>\n<\/div>\n<\/div>\n<\/div>\n<\/div>\n","protected":false},"excerpt":{"rendered":"<p>Usisava\u010d za suvo i mokro TC-VC 1930 S nezaobilazni je pomoc\u0301nik koji ambicioznom entuzijasti pru\u017ea dobru uslugu na poslovima \u010di\u0161c\u0301enja u kuc\u0301i, radionici i gara\u017ei. Njegov rezervoar od ner\u0111ajuc\u0301eg \u010delika ima kapacitet od 30 litara za pro\u010di\u0161c\u0301avanje i prljav\u0161tine i te\u010dnosti, sa odvodnim vijkom za jednostavno i \u010disto odlaganje usisavane te\u010dnosti. Tako\u0111e je obezbe\u0111en i prakti\u010dni priklju\u010dak za duanje. TC-VC 1930 SA dolazi sa 2,5 m usisnim crevom, trodelnom plasti\u010dnom cevi za usisavanje, velikom usisnom mlaznicom s kombinovanim umetkom za vla\u017eno i suvo usisavanje poda i mlaznicom za pukotine. Naborani filter dobro deluje tokom usisavanja sitne pra\u0161ine, dok penasti filter \u0161titi motor od zaprljanja tokom vla\u017enog usisavanja. Dr\u017ea\u010di kabla i dodataka omoguc\u0301avaju da se svi delovi brzo i uredno odla\u017eu direktno na samom \u010dista\u010du. Za prijatno rukovanje i mobilnost, tu su ru\u010dka za no\u0161enje i \u010detiri to\u010dka.<\/p>\n","protected":false},"featured_media":11460,"comment_status":"open","ping_status":"closed","template":"","meta":{"inline_featured_image":false},"product_brand":[],"product_cat":[308,408],"product_tag":[],"class_list":{"0":"post-11459","1":"product","2":"type-product","3":"status-publish","4":"has-post-thumbnail","6":"product_cat-usisivaci-usisivaci","7":"product_cat-usisivaci-mokro-suvo","9":"first","10":"instock","11":"sale","12":"shipping-taxable","13":"purchasable","14":"product-type-simple"},"_links":{"self":[{"href":"https:\/\/tehnikabacko.rs\/index.php\/wp-json\/wp\/v2\/product\/11459","targetHints":{"allow":["GET"]}}],"collection":[{"href":"https:\/\/tehnikabacko.rs\/index.php\/wp-json\/wp\/v2\/product"}],"about":[{"href":"https:\/\/tehnikabacko.rs\/index.php\/wp-json\/wp\/v2\/types\/product"}],"replies":[{"embeddable":true,"href":"https:\/\/tehnikabacko.rs\/index.php\/wp-json\/wp\/v2\/comments?post=11459"}],"wp:featuredmedia":[{"embeddable":true,"href":"https:\/\/tehnikabacko.rs\/index.php\/wp-json\/wp\/v2\/media\/11460"}],"wp:attachment":[{"href":"https:\/\/tehnikabacko.rs\/index.php\/wp-json\/wp\/v2\/media?parent=11459"}],"wp:term":[{"taxonomy":"product_brand","embeddable":true,"href":"https:\/\/tehnikabacko.rs\/index.php\/wp-json\/wp\/v2\/product_brand?post=11459"},{"taxonomy":"product_cat","embeddable":true,"href":"https:\/\/tehnikabacko.rs\/index.php\/wp-json\/wp\/v2\/product_cat?post=11459"},{"taxonomy":"product_tag","embeddable":true,"href":"https:\/\/tehnikabacko.rs\/index.php\/wp-json\/wp\/v2\/product_tag?post=11459"}],"curies":[{"name":"wp","href":"https:\/\/api.w.org\/{rel}","templated":true}]}}