{"id":11451,"date":"2025-11-10T12:47:02","date_gmt":"2025-11-10T12:47:02","guid":{"rendered":"https:\/\/tehnikabacko.rs\/?post_type=product&#038;p=11451"},"modified":"2025-11-11T16:03:27","modified_gmt":"2025-11-11T16:03:27","slug":"set-lonaca-12-delova-el-12stb","status":"publish","type":"product","link":"https:\/\/tehnikabacko.rs\/index.php\/product\/set-lonaca-12-delova-el-12stb\/","title":{"rendered":"Set lonaca 12 delova EL-12STB"},"content":{"rendered":"<p><strong>Karakteristike:<\/strong><\/p>\n<ul>\n<li>Materijal: ner\u0111aju\u0107i \u010delik i aluminijum<\/li>\n<li>Dimenzije i zapremine:\n<ul>\n<li>Tiganj sa staklenim poklopcem: 24&#215;7,5 cm<\/li>\n<li>Velika \u0161erpa sa poklopcem: 24&#215;14,5 cm \u2013 6 litara<\/li>\n<li>\u0160erpa sa poklopcem: 20&#215;12,5 cm \u2013 3 litra<\/li>\n<li>\u0160erpa sa poklopcem: 18&#215;11,5 cm \u2013 2 litra<\/li>\n<li>\u0160erpa sa poklopcem: 16&#215;10,5 cm \u2013 1,5 litara<\/li>\n<li>Sos \u0161erpa sa poklopcem: 15&#215;10,5 cm \u2013 1,5 litara<\/li>\n<\/ul>\n<\/li>\n<li>Pogodni za sve podloge, uklju\u010duju\u0107i indukciju<\/li>\n<li>Vatrostalni poklopci<\/li>\n<li>Ru\u010dke koje se ne zagrevaju<\/li>\n<li>Mogu\u0107nost pranja u ma\u0161ini za sudove<\/li>\n<\/ul>\n","protected":false},"excerpt":{"rendered":"<p>Excellent Line Jumbo set lonaca EL-12STB od 12 delova izra\u0111en je od visokokvalitetnog ner\u0111aju\u0107eg \u010delika sa aluminijumskim slojem koji omogu\u0107ava ravnomernu raspodelu toplote. Ovaj set pru\u017ea sve \u0161to je potrebno za pripremu raznovrsnih jela, od svakodnevnih obroka do sve\u010danih ve\u010dera. Kvalitetna izrada obezbe\u0111uje dugotrajnost, a moderan dizajn unosi eleganciju u svaku kuhinju.Ovaj set je pogodan za sve vrste grejnih povr\u0161ina, uklju\u010duju\u0107i indukcione plo\u010de. Posu\u0111e se lako \u010disti i mo\u017ee se prati u ma\u0161ini za sudove, \u0161to \u0161tedi vreme i olak\u0161ava svakodnevnu upotrebu. Kvalitet materijala osigurava dugotrajnu otpornost na habanje i koroziju.<\/p>\n","protected":false},"featured_media":11458,"comment_status":"open","ping_status":"closed","template":"","meta":{"inline_featured_image":false},"product_brand":[],"product_cat":[327,328],"product_tag":[],"class_list":{"0":"post-11451","1":"product","2":"type-product","3":"status-publish","4":"has-post-thumbnail","6":"product_cat-posudje","7":"product_cat-serpe","9":"first","10":"instock","11":"sale","12":"shipping-taxable","13":"purchasable","14":"product-type-simple"},"_links":{"self":[{"href":"https:\/\/tehnikabacko.rs\/index.php\/wp-json\/wp\/v2\/product\/11451","targetHints":{"allow":["GET"]}}],"collection":[{"href":"https:\/\/tehnikabacko.rs\/index.php\/wp-json\/wp\/v2\/product"}],"about":[{"href":"https:\/\/tehnikabacko.rs\/index.php\/wp-json\/wp\/v2\/types\/product"}],"replies":[{"embeddable":true,"href":"https:\/\/tehnikabacko.rs\/index.php\/wp-json\/wp\/v2\/comments?post=11451"}],"wp:featuredmedia":[{"embeddable":true,"href":"https:\/\/tehnikabacko.rs\/index.php\/wp-json\/wp\/v2\/media\/11458"}],"wp:attachment":[{"href":"https:\/\/tehnikabacko.rs\/index.php\/wp-json\/wp\/v2\/media?parent=11451"}],"wp:term":[{"taxonomy":"product_brand","embeddable":true,"href":"https:\/\/tehnikabacko.rs\/index.php\/wp-json\/wp\/v2\/product_brand?post=11451"},{"taxonomy":"product_cat","embeddable":true,"href":"https:\/\/tehnikabacko.rs\/index.php\/wp-json\/wp\/v2\/product_cat?post=11451"},{"taxonomy":"product_tag","embeddable":true,"href":"https:\/\/tehnikabacko.rs\/index.php\/wp-json\/wp\/v2\/product_tag?post=11451"}],"curies":[{"name":"wp","href":"https:\/\/api.w.org\/{rel}","templated":true}]}}