{"id":11449,"date":"2025-11-10T11:56:45","date_gmt":"2025-11-10T11:56:45","guid":{"rendered":"https:\/\/tehnikabacko.rs\/?post_type=product&#038;p=11449"},"modified":"2025-11-10T11:56:46","modified_gmt":"2025-11-10T11:56:46","slug":"kzubr-kppk-800-pegla-za-zavarivanje-plasticnih-cevi","status":"publish","type":"product","link":"https:\/\/tehnikabacko.rs\/index.php\/product\/kzubr-kppk-800-pegla-za-zavarivanje-plasticnih-cevi\/","title":{"rendered":"Kzubr KPPK-800 pegla za zavarivanje plasti\u010dnih cevi"},"content":{"rendered":"<table width=\"100%\">\n<tbody>\n<tr>\n<td width=\"12%\">Napon<br \/>\nFrekvencija<br \/>\nUlazna snaga<br \/>\nTemperatura<br \/>\nPre\u010dnik<br \/>\nPcs\/Ctn<br \/>\nNeto\/bruto te\u017eina<br \/>\nKartonska kutija<\/td>\n<td width=\"257\">220~230V<br \/>\n50\/60Hz<br \/>\n800W<br \/>\n240-300 C<br \/>\n20\/25\/32\/40\/50\/63mm<br \/>\n5pcs<br \/>\n14.8\/15.6kg<br \/>\n44.5&#215;39.5x21cm<\/td>\n<\/tr>\n<\/tbody>\n<\/table>\n","protected":false},"excerpt":{"rendered":"<p data-end=\"1064\" data-start=\"760\">Pegla za zavarivanje plasti\u010dnih cevi\u00a0<strong data-end=\"815\" data-start=\"797\">Kzubr KPPK-800<\/strong>\u00a0je profesionalni alat namenjen pouzdanom i efikasnom spajanju PPR, PVC i drugih plasti\u010dnih cevi. Sa snagom od\u00a0<strong data-end=\"935\" data-start=\"926\">800 W<\/strong>\u00a0i temperaturnim opsegom od\u00a0<strong data-end=\"980\" data-start=\"963\">240 do 300 \u00b0C<\/strong>, ovaj ure\u0111aj omogu\u0107ava precizno zagrevanje krajeva cevi za \u010dvrste i trajne spojeve.<\/p>\n<p data-end=\"1466\" data-start=\"1066\">Model podr\u017eava veliki opseg pre\u010dnika cevi (20-63 mm), \u0161to ga \u010dini veoma svestranim za razli\u010dite vrste instalacija \u2014 bilo gvozdenih mre\u017ea za vodovod, grejanje, ili kanalizacijskih sistema. Te\u017eina ure\u0111aja (oko 14,8 kg neto) i pakovanje od 5 komada po kartonu \u010dine ga prakti\u010dnim u distribuciji i skladi\u0161tenju. Kartonska kutija dimenzija\u00a0<strong data-end=\"1423\" data-start=\"1400\">44,5 \u00d7 39,5 \u00d7 21 cm<\/strong>\u00a0omogu\u0107ava da se alat sigurno transportuje.<\/p>\n<p data-end=\"1622\" data-start=\"1468\"><strong data-end=\"1480\" data-start=\"1468\">KPPK-800<\/strong>\u00a0kombinuje snagu, preciznost i ergonomiju \u2014 idealan je za instalatere, zanatlije i sve koji rade sa cevima i \u017eele \u010dvrste spojeve bez problema.<\/p>\n","protected":false},"featured_media":11450,"comment_status":"open","ping_status":"closed","template":"","meta":{"inline_featured_image":false},"product_brand":[],"product_cat":[309,419],"product_tag":[],"class_list":{"0":"post-11449","1":"product","2":"type-product","3":"status-publish","4":"has-post-thumbnail","6":"product_cat-pegle","7":"product_cat-pegle-za-varnje-cevi","9":"first","10":"instock","11":"sale","12":"shipping-taxable","13":"purchasable","14":"product-type-simple"},"_links":{"self":[{"href":"https:\/\/tehnikabacko.rs\/index.php\/wp-json\/wp\/v2\/product\/11449","targetHints":{"allow":["GET"]}}],"collection":[{"href":"https:\/\/tehnikabacko.rs\/index.php\/wp-json\/wp\/v2\/product"}],"about":[{"href":"https:\/\/tehnikabacko.rs\/index.php\/wp-json\/wp\/v2\/types\/product"}],"replies":[{"embeddable":true,"href":"https:\/\/tehnikabacko.rs\/index.php\/wp-json\/wp\/v2\/comments?post=11449"}],"wp:featuredmedia":[{"embeddable":true,"href":"https:\/\/tehnikabacko.rs\/index.php\/wp-json\/wp\/v2\/media\/11450"}],"wp:attachment":[{"href":"https:\/\/tehnikabacko.rs\/index.php\/wp-json\/wp\/v2\/media?parent=11449"}],"wp:term":[{"taxonomy":"product_brand","embeddable":true,"href":"https:\/\/tehnikabacko.rs\/index.php\/wp-json\/wp\/v2\/product_brand?post=11449"},{"taxonomy":"product_cat","embeddable":true,"href":"https:\/\/tehnikabacko.rs\/index.php\/wp-json\/wp\/v2\/product_cat?post=11449"},{"taxonomy":"product_tag","embeddable":true,"href":"https:\/\/tehnikabacko.rs\/index.php\/wp-json\/wp\/v2\/product_tag?post=11449"}],"curies":[{"name":"wp","href":"https:\/\/api.w.org\/{rel}","templated":true}]}}