{"id":11440,"date":"2025-11-07T14:46:23","date_gmt":"2025-11-07T14:46:23","guid":{"rendered":"https:\/\/tehnikabacko.rs\/?post_type=product&#038;p=11440"},"modified":"2025-11-07T14:46:23","modified_gmt":"2025-11-07T14:46:23","slug":"punjac-akumulatora-kzubr-kbc-50","status":"publish","type":"product","link":"https:\/\/tehnikabacko.rs\/index.php\/product\/punjac-akumulatora-kzubr-kbc-50\/","title":{"rendered":"Punja\u010d akumulatora KZUBR KBC-50"},"content":{"rendered":"<table>\n<tbody>\n<tr>\n<td>Nazivni napon<\/td>\n<td>1 faza \/ 220V \u00b115%<\/td>\n<td>Napon napajanja ure\u0111aja<\/td>\n<\/tr>\n<tr>\n<td>Frekvencija<\/td>\n<td>50 \/ 60 Hz<\/td>\n<td>Frekvencija elektri\u010dne mre\u017ee<\/td>\n<\/tr>\n<tr>\n<td>Ulazna snaga (AC)<\/td>\n<td>550 W = 12V \/ 9200 W = 24V<\/td>\n<td>Potro\u0161nja elektri\u010dne energije pri radu<\/td>\n<\/tr>\n<tr>\n<td>Maksimalna struja punjenja<\/td>\n<td>50 A<\/td>\n<td>Najve\u0107a izlazna struja pri punjenju<\/td>\n<\/tr>\n<tr>\n<td>Kapacitet baterije<\/td>\n<td>170 \u2013 350 Ah<\/td>\n<td>Preporu\u010deni raspon kapaciteta baterija<\/td>\n<\/tr>\n<tr>\n<td>Komada u kutiji<\/td>\n<td>2 komada<\/td>\n<td>Broj ure\u0111aja po pakovanju<\/td>\n<\/tr>\n<tr>\n<td>Neto \/ bruto te\u017eina<\/td>\n<td>20.5 \/ 21.5 kg<\/td>\n<td>Te\u017eina ure\u0111aja bez i sa ambala\u017eom<\/td>\n<\/tr>\n<tr>\n<td>Dimenzije kutije<\/td>\n<td>56 \u00d7 35 \u00d7 26.5 cm<\/td>\n<td>Spolja\u0161nje dimenzije pakovanja<\/td>\n<\/tr>\n<\/tbody>\n<\/table>\n","protected":false},"excerpt":{"rendered":"<p>KBC-50 je mo\u0107an i efikasan punja\u010d baterija, namenjen za brzo i sigurno punjenje akumulatora velikog kapaciteta. Idealan je za industrijsku upotrebu, servisne radionice i profesionalne korisnike koji zahtevaju pouzdan rad sa baterijama od 170 do 350Ah. Osigurava dugotrajnost baterija i za\u0161titu tokom punjenja.<\/p>\n","protected":false},"featured_media":11441,"comment_status":"open","ping_status":"closed","template":"","meta":{"inline_featured_image":false},"product_brand":[],"product_cat":[324],"product_tag":[],"class_list":{"0":"post-11440","1":"product","2":"type-product","3":"status-publish","4":"has-post-thumbnail","6":"product_cat-punjaci-akumulatora","8":"first","9":"instock","10":"sale","11":"shipping-taxable","12":"purchasable","13":"product-type-simple"},"_links":{"self":[{"href":"https:\/\/tehnikabacko.rs\/index.php\/wp-json\/wp\/v2\/product\/11440","targetHints":{"allow":["GET"]}}],"collection":[{"href":"https:\/\/tehnikabacko.rs\/index.php\/wp-json\/wp\/v2\/product"}],"about":[{"href":"https:\/\/tehnikabacko.rs\/index.php\/wp-json\/wp\/v2\/types\/product"}],"replies":[{"embeddable":true,"href":"https:\/\/tehnikabacko.rs\/index.php\/wp-json\/wp\/v2\/comments?post=11440"}],"wp:featuredmedia":[{"embeddable":true,"href":"https:\/\/tehnikabacko.rs\/index.php\/wp-json\/wp\/v2\/media\/11441"}],"wp:attachment":[{"href":"https:\/\/tehnikabacko.rs\/index.php\/wp-json\/wp\/v2\/media?parent=11440"}],"wp:term":[{"taxonomy":"product_brand","embeddable":true,"href":"https:\/\/tehnikabacko.rs\/index.php\/wp-json\/wp\/v2\/product_brand?post=11440"},{"taxonomy":"product_cat","embeddable":true,"href":"https:\/\/tehnikabacko.rs\/index.php\/wp-json\/wp\/v2\/product_cat?post=11440"},{"taxonomy":"product_tag","embeddable":true,"href":"https:\/\/tehnikabacko.rs\/index.php\/wp-json\/wp\/v2\/product_tag?post=11440"}],"curies":[{"name":"wp","href":"https:\/\/api.w.org\/{rel}","templated":true}]}}