{"id":11433,"date":"2025-11-05T13:32:23","date_gmt":"2025-11-05T13:32:23","guid":{"rendered":"https:\/\/tehnikabacko.rs\/?post_type=product&#038;p=11433"},"modified":"2025-11-05T13:32:23","modified_gmt":"2025-11-05T13:32:23","slug":"brusilica-za-zid-vds-625","status":"publish","type":"product","link":"https:\/\/tehnikabacko.rs\/index.php\/product\/brusilica-za-zid-vds-625\/","title":{"rendered":"Brusilica za zid VDS 625"},"content":{"rendered":"<table class=\"table product-attrbite-table\">\n<thead>\n<tr>\n<th>Karakteristika<\/th>\n<th>Vrednost<\/th>\n<\/tr>\n<\/thead>\n<tbody>\n<tr>\n<td>Kategorija<\/td>\n<td><a title=\"Brusilice za zid\" href=\"https:\/\/www.agromarket.rs\/brusilice-za-zid\">Brusilice za zid<\/a><\/td>\n<\/tr>\n<tr class=\"attr-table-product-weight\">\n<td>Te\u017eina pakovanja<\/td>\n<td>6.17 kg<\/td>\n<\/tr>\n<tr class=\"attr-brend\">\n<td>Brend<\/td>\n<td><a title=\"Villager\" href=\"https:\/\/www.agromarket.rs\/proizvodi\/brend-villager\">Villager<\/a><\/td>\n<\/tr>\n<tr class=\"attr-tip-elektromotora\">\n<td>Tip elektromotora<\/td>\n<td>Kolektorski<\/td>\n<\/tr>\n<tr class=\"attr-napon\">\n<td>Napon<\/td>\n<td>230 V ~ 50 Hz<\/td>\n<\/tr>\n<tr class=\"attr-prikljucna-snaga\">\n<td>Priklju\u010dna snaga<\/td>\n<td>600 W<\/td>\n<\/tr>\n<tr class=\"attr-broj-obrtaja-el-aku-uredjaji\">\n<td>Broj obrtaja &#8211; el.\/aku. ure\u0111aji<\/td>\n<td>600 &#8211; 1500 rpm<\/td>\n<\/tr>\n<tr class=\"attr-precnik-radne-povrsine\">\n<td>Pre\u010dnik radne povr\u0161ine<\/td>\n<td>225 mm<\/td>\n<\/tr>\n<tr class=\"attr-duzina-brusilice-za-zid\">\n<td>Du\u017eina &#8211; brusilice za zid<\/td>\n<td>1100 &#8211; 1650 mm<\/td>\n<\/tr>\n<\/tbody>\n<\/table>\n","protected":false},"excerpt":{"rendered":"<p>Brusilica za zid sa teleskopom Villager VDS 625 prakti\u010dan je alat za bru\u0161enje zidova i plafona. Zahvaljuju\u0107i teleskopskoj dr\u0161ci omogu\u0107ava lako dosezanje vi\u0161ih i te\u0161ko dostupnih povr\u0161ina, dok sna\u017ean motor obezbe\u0111uje efikasan i ravnomeran rad \u2013 idealna za renovacije i zavr\u0161ne radove<\/p>\n","protected":false},"featured_media":11434,"comment_status":"open","ping_status":"closed","template":"","meta":{"inline_featured_image":false},"product_brand":[],"product_cat":[387],"product_tag":[],"class_list":{"0":"post-11433","1":"product","2":"type-product","3":"status-publish","4":"has-post-thumbnail","6":"product_cat-zirafa-za-zidove","8":"first","9":"instock","10":"sale","11":"shipping-taxable","12":"purchasable","13":"product-type-simple"},"_links":{"self":[{"href":"https:\/\/tehnikabacko.rs\/index.php\/wp-json\/wp\/v2\/product\/11433","targetHints":{"allow":["GET"]}}],"collection":[{"href":"https:\/\/tehnikabacko.rs\/index.php\/wp-json\/wp\/v2\/product"}],"about":[{"href":"https:\/\/tehnikabacko.rs\/index.php\/wp-json\/wp\/v2\/types\/product"}],"replies":[{"embeddable":true,"href":"https:\/\/tehnikabacko.rs\/index.php\/wp-json\/wp\/v2\/comments?post=11433"}],"wp:featuredmedia":[{"embeddable":true,"href":"https:\/\/tehnikabacko.rs\/index.php\/wp-json\/wp\/v2\/media\/11434"}],"wp:attachment":[{"href":"https:\/\/tehnikabacko.rs\/index.php\/wp-json\/wp\/v2\/media?parent=11433"}],"wp:term":[{"taxonomy":"product_brand","embeddable":true,"href":"https:\/\/tehnikabacko.rs\/index.php\/wp-json\/wp\/v2\/product_brand?post=11433"},{"taxonomy":"product_cat","embeddable":true,"href":"https:\/\/tehnikabacko.rs\/index.php\/wp-json\/wp\/v2\/product_cat?post=11433"},{"taxonomy":"product_tag","embeddable":true,"href":"https:\/\/tehnikabacko.rs\/index.php\/wp-json\/wp\/v2\/product_tag?post=11433"}],"curies":[{"name":"wp","href":"https:\/\/api.w.org\/{rel}","templated":true}]}}