{"id":11415,"date":"2025-11-01T11:21:03","date_gmt":"2025-11-01T11:21:03","guid":{"rendered":"https:\/\/tehnikabacko.rs\/?post_type=product&#038;p=11415"},"modified":"2025-11-01T11:21:03","modified_gmt":"2025-11-01T11:21:03","slug":"status-aparat-za-vakumiranje-solid-300","status":"publish","type":"product","link":"https:\/\/tehnikabacko.rs\/index.php\/product\/status-aparat-za-vakumiranje-solid-300\/","title":{"rendered":"Status Aparat za vakumiranje Solid 300"},"content":{"rendered":"<table id=\"product-attribute-specs-table\" class=\"data table additional-attributes\">\n<caption class=\"table-caption\">More Information<\/caption>\n<tbody>\n<tr>\n<td class=\"col data\" data-th=\"Import Specifikacija\">\n<ul>\n<li>Dimenzije41.6 cm x 26.5 cm x 11.8 cm<\/li>\n<li>OstaloZapremina pumpanja: 22 l\/min<br \/>\nIntegrisani no\u017e<br \/>\nKanal za no\u017e<br \/>\nPodpritisak: -800 mbar<\/li>\n<li>TipAparat za vakumiranje<\/li>\n<li>UvoznikRAPID A.D. BEOGRAD<\/li>\n<\/ul>\n<\/td>\n<\/tr>\n<\/tbody>\n<\/table>\n","protected":false},"excerpt":{"rendered":"<ul>\n<li>Aparat za vakumiranje sa kapacitetom pumpanja od 22 l\/min<\/li>\n<li>Ostvaruje podpritisak do -800 mbar za efikasno vakumiranje<\/li>\n<li>Poseduje integrisani no\u017e za precizno se\u010denje kesa<\/li>\n<li>Kanal za no\u017e omogu\u0107ava sigurno i jednostavno kori\u0161\u0107enje<\/li>\n<li>Idealan za du\u017ee \u010duvanje sve\u017eine hrane bez oksidacije<\/li>\n<\/ul>\n","protected":false},"featured_media":11416,"comment_status":"open","ping_status":"closed","template":"","meta":{"inline_featured_image":false},"product_brand":[],"product_cat":[416],"product_tag":[],"class_list":{"0":"post-11415","1":"product","2":"type-product","3":"status-publish","4":"has-post-thumbnail","6":"product_cat-aparati-za-vakumiranje","8":"first","9":"instock","10":"sale","11":"shipping-taxable","12":"purchasable","13":"product-type-simple"},"_links":{"self":[{"href":"https:\/\/tehnikabacko.rs\/index.php\/wp-json\/wp\/v2\/product\/11415","targetHints":{"allow":["GET"]}}],"collection":[{"href":"https:\/\/tehnikabacko.rs\/index.php\/wp-json\/wp\/v2\/product"}],"about":[{"href":"https:\/\/tehnikabacko.rs\/index.php\/wp-json\/wp\/v2\/types\/product"}],"replies":[{"embeddable":true,"href":"https:\/\/tehnikabacko.rs\/index.php\/wp-json\/wp\/v2\/comments?post=11415"}],"wp:featuredmedia":[{"embeddable":true,"href":"https:\/\/tehnikabacko.rs\/index.php\/wp-json\/wp\/v2\/media\/11416"}],"wp:attachment":[{"href":"https:\/\/tehnikabacko.rs\/index.php\/wp-json\/wp\/v2\/media?parent=11415"}],"wp:term":[{"taxonomy":"product_brand","embeddable":true,"href":"https:\/\/tehnikabacko.rs\/index.php\/wp-json\/wp\/v2\/product_brand?post=11415"},{"taxonomy":"product_cat","embeddable":true,"href":"https:\/\/tehnikabacko.rs\/index.php\/wp-json\/wp\/v2\/product_cat?post=11415"},{"taxonomy":"product_tag","embeddable":true,"href":"https:\/\/tehnikabacko.rs\/index.php\/wp-json\/wp\/v2\/product_tag?post=11415"}],"curies":[{"name":"wp","href":"https:\/\/api.w.org\/{rel}","templated":true}]}}