{"id":11409,"date":"2025-10-31T14:41:50","date_gmt":"2025-10-31T14:41:50","guid":{"rendered":"https:\/\/tehnikabacko.rs\/?post_type=product&#038;p=11409"},"modified":"2025-10-31T14:41:50","modified_gmt":"2025-10-31T14:41:50","slug":"nutri-practic-fisher-fs-510","status":"publish","type":"product","link":"https:\/\/tehnikabacko.rs\/index.php\/product\/nutri-practic-fisher-fs-510\/","title":{"rendered":"Nutri-practic Fisher FS-510"},"content":{"rendered":"<p><strong>Specifikacija<\/strong><\/p>\n<p>Snaga: 900W<br \/>\nKapacitet \u2013 mala \u0161olja: 650ml<br \/>\nKapacitet \u2013 velika \u0161olja: 950ml<br \/>\nJednostavno \u010di\u0161\u0107enje i odr\u017eavanje<br \/>\nNo\u017eevi od ner\u0111aju\u0107eg \u010delika<\/p>\n","protected":false},"excerpt":{"rendered":"<div class=\"accordion-title opened-parent et-opened opened\"><a id=\"tab_description\" class=\"tab-title opened\" href=\"https:\/\/najnajshop.rs\/product\/nutri-practic-fisher-fs-510\/#tab_description\">Opis<\/a><\/div>\n<div id=\"content_tab_description\" class=\"tab-content tab-description\">\n<div class=\"tab-content-inner\">\n<div class=\"tab-content-scroll\">\n<p>Nutri practic je blender nove generacije modernog dizajna i odli\u010dnog perfomansa.<br \/>\nIma ner\u0111aju\u0107e \u010deli\u010dne no\u017eeve, izuzetno je dugotrajan i otporan blender.<br \/>\nU ovom nutri blenderu mo\u017eete praviti \u0161ejkove od vo\u0107a i povr\u0107a i doprineti svom zdravlju na najbolji mogu\u0107i na\u010din.<\/p>\n<\/div>\n<\/div>\n<\/div>\n","protected":false},"featured_media":11410,"comment_status":"open","ping_status":"closed","template":"","meta":{"inline_featured_image":false},"product_brand":[],"product_cat":[414],"product_tag":[],"class_list":{"0":"post-11409","1":"product","2":"type-product","3":"status-publish","4":"has-post-thumbnail","6":"product_cat-nutri-praktik","8":"first","9":"instock","10":"sale","11":"shipping-taxable","12":"purchasable","13":"product-type-simple"},"_links":{"self":[{"href":"https:\/\/tehnikabacko.rs\/index.php\/wp-json\/wp\/v2\/product\/11409","targetHints":{"allow":["GET"]}}],"collection":[{"href":"https:\/\/tehnikabacko.rs\/index.php\/wp-json\/wp\/v2\/product"}],"about":[{"href":"https:\/\/tehnikabacko.rs\/index.php\/wp-json\/wp\/v2\/types\/product"}],"replies":[{"embeddable":true,"href":"https:\/\/tehnikabacko.rs\/index.php\/wp-json\/wp\/v2\/comments?post=11409"}],"wp:featuredmedia":[{"embeddable":true,"href":"https:\/\/tehnikabacko.rs\/index.php\/wp-json\/wp\/v2\/media\/11410"}],"wp:attachment":[{"href":"https:\/\/tehnikabacko.rs\/index.php\/wp-json\/wp\/v2\/media?parent=11409"}],"wp:term":[{"taxonomy":"product_brand","embeddable":true,"href":"https:\/\/tehnikabacko.rs\/index.php\/wp-json\/wp\/v2\/product_brand?post=11409"},{"taxonomy":"product_cat","embeddable":true,"href":"https:\/\/tehnikabacko.rs\/index.php\/wp-json\/wp\/v2\/product_cat?post=11409"},{"taxonomy":"product_tag","embeddable":true,"href":"https:\/\/tehnikabacko.rs\/index.php\/wp-json\/wp\/v2\/product_tag?post=11409"}],"curies":[{"name":"wp","href":"https:\/\/api.w.org\/{rel}","templated":true}]}}