{"id":11403,"date":"2025-10-31T12:03:53","date_gmt":"2025-10-31T12:03:53","guid":{"rendered":"https:\/\/tehnikabacko.rs\/?post_type=product&#038;p=11403"},"modified":"2025-10-31T12:03:53","modified_gmt":"2025-10-31T12:03:53","slug":"akumulatorski-duvac-usisivac-lisca-sf8a512-40v-32847-adk","status":"publish","type":"product","link":"https:\/\/tehnikabacko.rs\/index.php\/product\/akumulatorski-duvac-usisivac-lisca-sf8a512-40v-32847-adk\/","title":{"rendered":"Akumulatorski duva\u010d-usisiva\u010d li\u0161\u0107a SF8A512 40V (32847) ADK"},"content":{"rendered":"<p><strong>Tehni\u010dke karakteristike proizvoda:<\/strong><\/p>\n<ul>\n<li>Brend: ADK<\/li>\n<li>Model: SF8A512<\/li>\n<li><strong>BL motor bez \u010detkica<\/strong><\/li>\n<li>Napon: 20V + 20V ( 40V)<\/li>\n<li>Maksimalna brzina bez optere\u0107enja: 16300rpm.<\/li>\n<li>Maksimalni protok vazduha: 270km\/h.<\/li>\n<li>Brzine: 4 brzine + TURBO<\/li>\n<li>Kapacitet torbe: 45l<\/li>\n<\/ul>\n<p><strong>Obim isporuke proizvoda:<\/strong><\/p>\n<ul>\n<li>SF8A512 Akumulatorski duva\u010d-usisiva\u010d li\u0161\u0107a 40V (32847) ADK<\/li>\n<li>Baterije 2 x 4,0Ah<\/li>\n<li>Puna\u010d 20V+20V<\/li>\n<li>Uputstvo za upotrebu proizvoda<\/li>\n<li>KArtonsko pakovanje<\/li>\n<\/ul>\n<p><strong>Saobraznost 24 meseci<\/strong><\/p>\n","protected":false},"excerpt":{"rendered":"<p>Na\u0161 akumulatorski duva\u010d-usisava\u010d je savr\u0161en alat za odr\u017eavanje va\u0161eg okru\u017eenja s kombinacijom inteligentne kontrole i vi\u0161enamjenske funkcionalnosti.<br \/>\nS funkcijom 3 u 1 \u2013 duvanje, usisavanje i usitnjavanje \u2013 pru\u017ea vam sve \u0161to vam je potrebno za u\u010dinkovito \u010di\u0161\u0107enje.<br \/>\nRu\u010dka od mekane gume osigurava udobno dr\u017eanje tokom dugotrajnog rada.<br \/>\nSa 4 brzine plus TURBO brzinom, imate kontrolu nad snagom i brzinom \u010di\u0161\u0107enja.<\/p>\n","protected":false},"featured_media":11404,"comment_status":"open","ping_status":"closed","template":"","meta":{"inline_featured_image":false},"product_brand":[],"product_cat":[412],"product_tag":[],"class_list":{"0":"post-11403","1":"product","2":"type-product","3":"status-publish","4":"has-post-thumbnail","6":"product_cat-aku-duvac-usisivac-lisca","8":"first","9":"instock","10":"sale","11":"shipping-taxable","12":"purchasable","13":"product-type-simple"},"_links":{"self":[{"href":"https:\/\/tehnikabacko.rs\/index.php\/wp-json\/wp\/v2\/product\/11403","targetHints":{"allow":["GET"]}}],"collection":[{"href":"https:\/\/tehnikabacko.rs\/index.php\/wp-json\/wp\/v2\/product"}],"about":[{"href":"https:\/\/tehnikabacko.rs\/index.php\/wp-json\/wp\/v2\/types\/product"}],"replies":[{"embeddable":true,"href":"https:\/\/tehnikabacko.rs\/index.php\/wp-json\/wp\/v2\/comments?post=11403"}],"wp:featuredmedia":[{"embeddable":true,"href":"https:\/\/tehnikabacko.rs\/index.php\/wp-json\/wp\/v2\/media\/11404"}],"wp:attachment":[{"href":"https:\/\/tehnikabacko.rs\/index.php\/wp-json\/wp\/v2\/media?parent=11403"}],"wp:term":[{"taxonomy":"product_brand","embeddable":true,"href":"https:\/\/tehnikabacko.rs\/index.php\/wp-json\/wp\/v2\/product_brand?post=11403"},{"taxonomy":"product_cat","embeddable":true,"href":"https:\/\/tehnikabacko.rs\/index.php\/wp-json\/wp\/v2\/product_cat?post=11403"},{"taxonomy":"product_tag","embeddable":true,"href":"https:\/\/tehnikabacko.rs\/index.php\/wp-json\/wp\/v2\/product_tag?post=11403"}],"curies":[{"name":"wp","href":"https:\/\/api.w.org\/{rel}","templated":true}]}}