{"id":11375,"date":"2025-10-24T14:13:36","date_gmt":"2025-10-24T14:13:36","guid":{"rendered":"https:\/\/tehnikabacko.rs\/?post_type=product&#038;p=11375"},"modified":"2025-10-28T13:45:53","modified_gmt":"2025-10-28T13:45:53","slug":"elektricna-ubodna-testera-lisicara-rs12001-ingco","status":"publish","type":"product","link":"https:\/\/tehnikabacko.rs\/index.php\/product\/elektricna-ubodna-testera-lisicara-rs12001-ingco\/","title":{"rendered":"Elektri\u010dna ubodna testera (Lisi\u010dara) RS12001 INGCO"},"content":{"rendered":"<p><strong>Prednosti proizvoda:<\/strong><\/p>\n<ul>\n<li>Osvetljenje radnog prostora olak\u0161ava rad u uslovima slabog osvetljenja.<\/li>\n<li>Prisustvo stezne glave bez klju\u010da znatno olak\u0161ava zamenu se\u010diva.<\/li>\n<li>4 stepena hoda klatna omoguc\u0301avaju vam da povec\u0301ate brzinu radnih operacija.<\/li>\n<li>Podesivi grani\u010dnik za promenu dubine rezanja.<\/li>\n<li>Gumeni jastu\u010dic\u0301i na telu obezbe\u0111uju udoban hvat i \u0161tite alat od o\u0161tec\u0301enja.<\/li>\n<li>Ventilacioni otvori na kuc\u0301i\u0161tu za hla\u0111enje motora.<\/li>\n<li>Maksimalna kontrola zahvaljujuc\u0301i selektoru brzine sa funkcijom zaklju\u010davanja i to\u010dku za pode\u0161avanje za izbor broja poteza.<\/li>\n<\/ul>\n<p><strong>Tehni\u010dke karakteristike proizvoda:<\/strong><\/p>\n<ul>\n<li>Napon: 220-240V~50\/60Hz<\/li>\n<li>Ulazna snaga: 1200W<\/li>\n<li>Brzina bez optere\u0107enja: 1000 ~ 2800 o \/ min<\/li>\n<li>Maksimalna dubina se\u010denja:<\/li>\n<li>Drvo: 210 mm<\/li>\n<li>\u010celik: 20 mm<\/li>\n<li>Aluminijum: 10 mm<\/li>\n<li>Promenljiva kontrola brzine Integrisano radno svetlo<\/li>\n<li>Funkcija klatna u 4 koraka<\/li>\n<li>SDS stezna glava za promenu se\u010diva<\/li>\n<li>Dimenzije (Du\u017eina x \u0160irina x Visina): 480 x 200 x 100 mm<\/li>\n<\/ul>\n<p><strong>Obim isporuke proizvoda:<\/strong><\/p>\n<ul>\n<li>RS12001\u00a0<a href=\"https:\/\/koncarelektro.rs\/product-category\/elektricni-alat\/testere-i-cirkulari\/?filter_proizvodjac=ingco\">Elektri\u010dna ubodna testera<\/a>\u00a0(Lisi\u010dara) INGCO<\/li>\n<li>Uputstvo za upotrebu proizvoda<\/li>\n<li>Sa 1 komad metalne testere<\/li>\n<li>Sa 1 komad list testere za drvo<\/li>\n<li>Sa 1 kompletom dodatnih ugljenih \u010detkica<\/li>\n<li>Kartonsko pakovanje proizvoda<\/li>\n<\/ul>\n<p><strong>Garancija 3 godine<\/strong><\/p>\n","protected":false},"excerpt":{"rendered":"<ul>\n<li>Ubodna testera (Lisi\u010dara) se koristi za se\u010denje drveta, metala, plastike, penaste betona, kamena, kao i za ba\u0161tovanstvo.<\/li>\n<li>Broj udaraca u minuti se mo\u017ee podesiti jednostavnim okretanjem to\u010dkic\u0301a za pode\u0161avanje.<\/li>\n<li>Ovo se mo\u017ee uraditi \u010dak i dok je alat u radu.<\/li>\n<li>To\u010dkic\u0301 pokazuje brzinu od male do pune.<\/li>\n<li>Okrenite dugme u skladu sa re\u017eimom rada.<\/li>\n<li>Me\u0111utim, odgovarajuc\u0301a brzina se mo\u017ee razlikovati u zavisnosti od vrste ili debljine obradaka.<\/li>\n<li>Vec\u0301e brzine c\u0301e br\u017ee sec\u0301i obradak, ali c\u0301e \u017eivotni vek se\u010diva biti skrac\u0301en.<\/li>\n<\/ul>\n","protected":false},"featured_media":11376,"comment_status":"open","ping_status":"closed","template":"","meta":{"inline_featured_image":false},"product_brand":[],"product_cat":[357,409,287],"product_tag":[],"class_list":{"0":"post-11375","1":"product","2":"type-product","3":"status-publish","4":"has-post-thumbnail","6":"product_cat-elektricni-alat","7":"product_cat-lisicarke","8":"product_cat-testere","10":"first","11":"instock","12":"sale","13":"shipping-taxable","14":"purchasable","15":"product-type-simple"},"_links":{"self":[{"href":"https:\/\/tehnikabacko.rs\/index.php\/wp-json\/wp\/v2\/product\/11375","targetHints":{"allow":["GET"]}}],"collection":[{"href":"https:\/\/tehnikabacko.rs\/index.php\/wp-json\/wp\/v2\/product"}],"about":[{"href":"https:\/\/tehnikabacko.rs\/index.php\/wp-json\/wp\/v2\/types\/product"}],"replies":[{"embeddable":true,"href":"https:\/\/tehnikabacko.rs\/index.php\/wp-json\/wp\/v2\/comments?post=11375"}],"wp:featuredmedia":[{"embeddable":true,"href":"https:\/\/tehnikabacko.rs\/index.php\/wp-json\/wp\/v2\/media\/11376"}],"wp:attachment":[{"href":"https:\/\/tehnikabacko.rs\/index.php\/wp-json\/wp\/v2\/media?parent=11375"}],"wp:term":[{"taxonomy":"product_brand","embeddable":true,"href":"https:\/\/tehnikabacko.rs\/index.php\/wp-json\/wp\/v2\/product_brand?post=11375"},{"taxonomy":"product_cat","embeddable":true,"href":"https:\/\/tehnikabacko.rs\/index.php\/wp-json\/wp\/v2\/product_cat?post=11375"},{"taxonomy":"product_tag","embeddable":true,"href":"https:\/\/tehnikabacko.rs\/index.php\/wp-json\/wp\/v2\/product_tag?post=11375"}],"curies":[{"name":"wp","href":"https:\/\/api.w.org\/{rel}","templated":true}]}}