{"id":11373,"date":"2025-10-24T14:06:05","date_gmt":"2025-10-24T14:06:05","guid":{"rendered":"https:\/\/tehnikabacko.rs\/?post_type=product&#038;p=11373"},"modified":"2025-10-28T12:41:47","modified_gmt":"2025-10-28T12:41:47","slug":"inverterski-aparat-za-zavarivanje-ing-mma14049e-140a-ingco","status":"publish","type":"product","link":"https:\/\/tehnikabacko.rs\/index.php\/product\/inverterski-aparat-za-zavarivanje-ing-mma14049e-140a-ingco\/","title":{"rendered":"Inverterski aparat za zavarivanje ING-MMA14049E 140A INGCO"},"content":{"rendered":"<p><strong>Tehni\u010dke karakteristike proizvoda:<\/strong><\/p>\n<ul>\n<li>Brend: INGCO<\/li>\n<li>Model: ING-MMA14049E 140A<\/li>\n<li>IGBT inverterska tehnologija<\/li>\n<li>Ulazni napon: 1~220\u2013240 V<\/li>\n<li>Frekvencija: 50\/60 Hz<\/li>\n<li>Izlazna struja: 15\u2013140 A<\/li>\n<li>Radni ciklus: 140 A @ 15%<\/li>\n<li>LED displej<\/li>\n<li>Napon bez optere\u0107enja: 86 V<\/li>\n<li>Maksimalna izlazna struja: 140 A<\/li>\n<li>Pre\u010dnik elektrode: 1,6\u20133,2 mm<\/li>\n<li>Funkcije: Anti-stick \/ Hot start \/ Arc-force<\/li>\n<li>Te\u017eina: 5 kg.<\/li>\n<\/ul>\n<p><strong>Obim isporuke proizvoda:<\/strong><\/p>\n<ul>\n<li>INGCO aparat za zavarivanje Inverterski ING-MMA14049E 140A<\/li>\n<li>1 kom. dr\u017ea\u010d elektrode sa kablom<\/li>\n<li>1 kom. klema za uzemljenje sa kablom<\/li>\n<li>1 kom. \u017ei\u010dana \u010detka<\/li>\n<li>1 kom. za\u0161titna kaciga<\/li>\n<li>1 kom. prenosiva traka<\/li>\n<li>Uputstvo za upotrebu proizvoda<\/li>\n<li>Kartonsko pakovanje<\/li>\n<\/ul>\n<p><strong>Garancija 3 godine<\/strong><\/p>\n","protected":false},"excerpt":{"rendered":"<p>Aparat za varenje ING-MMA14049E radi na naponu od 110\u2013120V i frekvenciji 50\/60Hz, namenjen je za MMA zavarivanje i idealan je za lak\u0161e zadatke u radionici ili na terenu.<br \/>\nNapredne funkcije:<br \/>\nPodesivi Hot Start: Omogu\u0107uje lak\u0161e paljenje luka pove\u0107anjem po\u010detne struje, \u0161to je posebno korisno pri zavarivanju s MMA postupkom.<br \/>\nArc Force: Pru\u017ea stabilan luk tokom zavarivanja, smanjuju\u0107i mogu\u0107nost lepljenja elektrode.<br \/>\nAnti-Stick funkcija: Spre\u010dava lepljenje elektrode za materijal smanjenjem izlazne snage u slu\u010daju kontakta.<\/p>\n","protected":false},"featured_media":11374,"comment_status":"open","ping_status":"closed","template":"","meta":{"inline_featured_image":false},"product_brand":[],"product_cat":[242],"product_tag":[],"class_list":{"0":"post-11373","1":"product","2":"type-product","3":"status-publish","4":"has-post-thumbnail","6":"product_cat-aparati-za-varenje","8":"first","9":"instock","10":"sale","11":"shipping-taxable","12":"purchasable","13":"product-type-simple"},"_links":{"self":[{"href":"https:\/\/tehnikabacko.rs\/index.php\/wp-json\/wp\/v2\/product\/11373","targetHints":{"allow":["GET"]}}],"collection":[{"href":"https:\/\/tehnikabacko.rs\/index.php\/wp-json\/wp\/v2\/product"}],"about":[{"href":"https:\/\/tehnikabacko.rs\/index.php\/wp-json\/wp\/v2\/types\/product"}],"replies":[{"embeddable":true,"href":"https:\/\/tehnikabacko.rs\/index.php\/wp-json\/wp\/v2\/comments?post=11373"}],"wp:featuredmedia":[{"embeddable":true,"href":"https:\/\/tehnikabacko.rs\/index.php\/wp-json\/wp\/v2\/media\/11374"}],"wp:attachment":[{"href":"https:\/\/tehnikabacko.rs\/index.php\/wp-json\/wp\/v2\/media?parent=11373"}],"wp:term":[{"taxonomy":"product_brand","embeddable":true,"href":"https:\/\/tehnikabacko.rs\/index.php\/wp-json\/wp\/v2\/product_brand?post=11373"},{"taxonomy":"product_cat","embeddable":true,"href":"https:\/\/tehnikabacko.rs\/index.php\/wp-json\/wp\/v2\/product_cat?post=11373"},{"taxonomy":"product_tag","embeddable":true,"href":"https:\/\/tehnikabacko.rs\/index.php\/wp-json\/wp\/v2\/product_tag?post=11373"}],"curies":[{"name":"wp","href":"https:\/\/api.w.org\/{rel}","templated":true}]}}