{"id":11367,"date":"2025-10-24T12:08:33","date_gmt":"2025-10-24T12:08:33","guid":{"rendered":"https:\/\/tehnikabacko.rs\/?post_type=product&#038;p=11367"},"modified":"2025-10-28T13:42:52","modified_gmt":"2025-10-28T13:42:52","slug":"11367","status":"publish","type":"product","link":"https:\/\/tehnikabacko.rs\/index.php\/product\/11367\/","title":{"rendered":"NETO 4 VC14301 USISIVA\u010c 30LIT MOKRO+SUVO PRANJE INGCO"},"content":{"rendered":"<p data-end=\"195\" data-start=\"29\"><strong data-end=\"39\" data-start=\"29\">Napon:<\/strong>\u00a0220\u2013240 V ~ 50\/60 Hz<br data-start=\"60\" data-end=\"63\" \/><strong data-end=\"80\" data-start=\"63\">Ulazna snaga:<\/strong>\u00a01400 W<br data-start=\"87\" data-end=\"90\" \/><strong data-end=\"109\" data-start=\"90\">Protok vazduha:<\/strong>\u00a01,9 m\u00b3\/min<br data-start=\"120\" data-end=\"123\" data-is-only-node=\"\" \/><strong data-end=\"143\" data-start=\"123\">Usisni pritisak:<\/strong>\u00a016\u201318 kPa<br data-start=\"153\" data-end=\"156\" \/><strong data-end=\"188\" data-start=\"156\">Zapremina posude za pra\u0161inu:<\/strong>\u00a030 L<\/p>\n<ul data-end=\"449\" data-start=\"196\">\n<li data-end=\"223\" data-start=\"196\">\n<p data-end=\"223\" data-start=\"198\">1 kom fleksibilno crevo<\/p>\n<\/li>\n<li data-end=\"246\" data-start=\"224\">\n<p data-end=\"246\" data-start=\"226\">1 kom \u010detka za pod<\/p>\n<\/li>\n<li data-end=\"272\" data-start=\"247\">\n<p data-end=\"272\" data-start=\"249\">1 set plasti\u010dnih cevi<\/p>\n<\/li>\n<li data-end=\"294\" data-start=\"273\">\n<p data-end=\"294\" data-start=\"275\">1 kom HEPA filter<\/p>\n<\/li>\n<li data-end=\"343\" data-start=\"295\">\n<p data-end=\"343\" data-start=\"297\">Materijal rezervoara: inox (ner\u0111aju\u0107i \u010delik)<\/p>\n<\/li>\n<li data-end=\"367\" data-start=\"344\">\n<p data-end=\"367\" data-start=\"346\">Du\u017eina kabla: 1,8 m<\/p>\n<\/li>\n<li data-end=\"420\" data-start=\"368\">\n<p data-end=\"420\" data-start=\"370\">Sa uti\u010dnicom za priklju\u010divanje elektri\u010dnih alata<\/p>\n<\/li>\n<li data-end=\"449\" data-start=\"421\">\n<p data-end=\"449\" data-start=\"423\">Za mokro i suvo \u010di\u0161\u0107enje<\/p>\n<\/li>\n<\/ul>\n<p><img fetchpriority=\"high\" decoding=\"async\" class=\"\" src=\"https:\/\/simns.rs\/login\/media\/images\/products\/0-78684300-1749638672.png\" width=\"394\" height=\"394\" \/><\/p>\n","protected":false},"excerpt":{"rendered":"<p data-end=\"195\" data-start=\"29\"><strong data-end=\"39\" data-start=\"29\">Napon:<\/strong>\u00a0220\u2013240 V ~ 50\/60 Hz<br data-start=\"60\" data-end=\"63\" \/><strong data-end=\"80\" data-start=\"63\">Ulazna snaga:<\/strong>\u00a01400 W<br data-start=\"87\" data-end=\"90\" \/><strong data-end=\"109\" data-start=\"90\">Protok vazduha:<\/strong>\u00a01,9 m\u00b3\/min<br data-start=\"120\" data-end=\"123\" data-is-only-node=\"\" \/><strong data-end=\"143\" data-start=\"123\">Usisni pritisak:<\/strong>\u00a016\u201318 kPa<br data-start=\"153\" data-end=\"156\" \/><strong data-end=\"188\" data-start=\"156\">Zapremina posude za pra\u0161inu:<\/strong>\u00a030 L<\/p>\n<ul data-end=\"449\" data-start=\"196\">\n<li data-end=\"223\" data-start=\"196\"><\/li>\n<\/ul>\n","protected":false},"featured_media":11368,"comment_status":"open","ping_status":"closed","template":"","meta":{"inline_featured_image":false},"product_brand":[],"product_cat":[308,408],"product_tag":[],"class_list":{"0":"post-11367","1":"product","2":"type-product","3":"status-publish","4":"has-post-thumbnail","6":"product_cat-usisivaci-usisivaci","7":"product_cat-usisivaci-mokro-suvo","9":"first","10":"instock","11":"sale","12":"shipping-taxable","13":"purchasable","14":"product-type-simple"},"_links":{"self":[{"href":"https:\/\/tehnikabacko.rs\/index.php\/wp-json\/wp\/v2\/product\/11367","targetHints":{"allow":["GET"]}}],"collection":[{"href":"https:\/\/tehnikabacko.rs\/index.php\/wp-json\/wp\/v2\/product"}],"about":[{"href":"https:\/\/tehnikabacko.rs\/index.php\/wp-json\/wp\/v2\/types\/product"}],"replies":[{"embeddable":true,"href":"https:\/\/tehnikabacko.rs\/index.php\/wp-json\/wp\/v2\/comments?post=11367"}],"wp:featuredmedia":[{"embeddable":true,"href":"https:\/\/tehnikabacko.rs\/index.php\/wp-json\/wp\/v2\/media\/11368"}],"wp:attachment":[{"href":"https:\/\/tehnikabacko.rs\/index.php\/wp-json\/wp\/v2\/media?parent=11367"}],"wp:term":[{"taxonomy":"product_brand","embeddable":true,"href":"https:\/\/tehnikabacko.rs\/index.php\/wp-json\/wp\/v2\/product_brand?post=11367"},{"taxonomy":"product_cat","embeddable":true,"href":"https:\/\/tehnikabacko.rs\/index.php\/wp-json\/wp\/v2\/product_cat?post=11367"},{"taxonomy":"product_tag","embeddable":true,"href":"https:\/\/tehnikabacko.rs\/index.php\/wp-json\/wp\/v2\/product_tag?post=11367"}],"curies":[{"name":"wp","href":"https:\/\/api.w.org\/{rel}","templated":true}]}}