{"id":11349,"date":"2025-10-20T12:49:54","date_gmt":"2025-10-20T12:49:54","guid":{"rendered":"https:\/\/tehnikabacko.rs\/?post_type=product&#038;p=11349"},"modified":"2025-10-20T12:49:54","modified_gmt":"2025-10-20T12:49:54","slug":"motorni-busac-kzubr-kgea-520-sa-tri-burgije","status":"publish","type":"product","link":"https:\/\/tehnikabacko.rs\/index.php\/product\/motorni-busac-kzubr-kgea-520-sa-tri-burgije\/","title":{"rendered":"Motorni bu\u0161a\u010d Kzubr KGEA-520 sa tri burgije"},"content":{"rendered":"<p><strong>KZUBR Motorni bu\u0161a\u010d rupa KGEA-520 sa 3 burgije\u00a0<\/strong>je pouzdan i efikasan alat namenjen za bu\u0161enje rupa u zemlji, idealan za postavljanje stubova za ogradu, potpornih stubova, sadnju biljaka, instalaciju sistema za navodnjavanje i druge sli\u010dne zadatke u ba\u0161tovanstvu i gra\u0111evinarstvu. Benzinski motor omogu\u0107ava rad na mestima bez pristupa elektri\u010dnoj energiji. Visoka brzina obrtaja omogu\u0107ava brzo i precizno bu\u0161enje. Bu\u0161a\u010d je opremljen\u00a0sa tri burgije razli\u010ditog pre\u010dnika, \u0161to omogu\u0107ava prilago\u0111avanje razli\u010ditim potrebama. Motorni bu\u0161a\u010d zna\u010dajno \u0161tedi vreme i napor korisnika, zahvaljuju\u0107i snazi motora od 1.4kW mo\u017ee se koristiti i za izazovnije poslove bu\u0161enja u doma\u0107instvu, kao i za profesionalnu upotrebu. Bu\u0161a\u010d ima ergonomske ru\u010dke, koje omogu\u0107avaju pouzdano i bezbedno kori\u0161\u0107enje.<br \/>\n<strong>Tip motora:<\/strong>\u00a0Dvotaktni benzinski<br \/>\n<strong>Snaga motora:<\/strong>\u00a01,4 kW (1,9 KS)<br \/>\n<strong>Zapremina motora:<\/strong>\u00a052cm\u00b3<br \/>\n<strong>Brzina u praznom hodu:<\/strong>\u00a03000 obrtaja\/min<br \/>\n<strong>Maksimalna brzina:<\/strong>\u00a07500 obrtaja\/min<br \/>\n<strong>Zapremina rezervoara za gorivo:<\/strong>\u00a01,2l<br \/>\n<strong>Dubina bu\u0161enja:<\/strong>\u00a0Do 80 cm<br \/>\n<strong>Pre\u010dnici burgija:<\/strong>\u00a0100 mm, 150 mm i 200 mm<\/p>\n","protected":false},"excerpt":{"rendered":"<p>Motorni bu\u0161a\u010d\u00a0<strong data-start=\"14\" data-end=\"26\">KGEA-520<\/strong>\u00a0dolazi u paketu sa burgijama FI-100, FI-150 i FI-200. To je sna\u017ean alat koji je idealan za obavljanje razli\u010ditih bu\u0161a\u010dkih poslova, kao \u0161to je bu\u0161enje rupa u zemlji, betonu, asfaltu ili sli\u010dnim materijalima. Ovaj model je pogodan za profesionalnu upotrebu, a isti\u010de se visokim performansama i izdr\u017eljivo\u0161\u0107u.<\/p>\n","protected":false},"featured_media":11350,"comment_status":"open","ping_status":"closed","template":"","meta":{"inline_featured_image":false},"product_brand":[],"product_cat":[407],"product_tag":[],"class_list":{"0":"post-11349","1":"product","2":"type-product","3":"status-publish","4":"has-post-thumbnail","6":"product_cat-busac-rupa","8":"first","9":"instock","10":"sale","11":"shipping-taxable","12":"purchasable","13":"product-type-simple"},"_links":{"self":[{"href":"https:\/\/tehnikabacko.rs\/index.php\/wp-json\/wp\/v2\/product\/11349","targetHints":{"allow":["GET"]}}],"collection":[{"href":"https:\/\/tehnikabacko.rs\/index.php\/wp-json\/wp\/v2\/product"}],"about":[{"href":"https:\/\/tehnikabacko.rs\/index.php\/wp-json\/wp\/v2\/types\/product"}],"replies":[{"embeddable":true,"href":"https:\/\/tehnikabacko.rs\/index.php\/wp-json\/wp\/v2\/comments?post=11349"}],"wp:featuredmedia":[{"embeddable":true,"href":"https:\/\/tehnikabacko.rs\/index.php\/wp-json\/wp\/v2\/media\/11350"}],"wp:attachment":[{"href":"https:\/\/tehnikabacko.rs\/index.php\/wp-json\/wp\/v2\/media?parent=11349"}],"wp:term":[{"taxonomy":"product_brand","embeddable":true,"href":"https:\/\/tehnikabacko.rs\/index.php\/wp-json\/wp\/v2\/product_brand?post=11349"},{"taxonomy":"product_cat","embeddable":true,"href":"https:\/\/tehnikabacko.rs\/index.php\/wp-json\/wp\/v2\/product_cat?post=11349"},{"taxonomy":"product_tag","embeddable":true,"href":"https:\/\/tehnikabacko.rs\/index.php\/wp-json\/wp\/v2\/product_tag?post=11349"}],"curies":[{"name":"wp","href":"https:\/\/api.w.org\/{rel}","templated":true}]}}