{"id":11347,"date":"2025-10-20T12:41:34","date_gmt":"2025-10-20T12:41:34","guid":{"rendered":"https:\/\/tehnikabacko.rs\/?post_type=product&#038;p=11347"},"modified":"2025-10-20T12:41:34","modified_gmt":"2025-10-20T12:41:34","slug":"elektricna-testera-power-ed-pwreks-1800","status":"publish","type":"product","link":"https:\/\/tehnikabacko.rs\/index.php\/product\/elektricna-testera-power-ed-pwreks-1800\/","title":{"rendered":"Elektri\u010dna testera Power Ed PWREKS 1800"},"content":{"rendered":"<table class=\"table product-attrbite-table\">\n<thead>\n<tr>\n<th>Karakteristika<\/th>\n<th>Vrednost<\/th>\n<\/tr>\n<\/thead>\n<tbody>\n<tr>\n<td>Kategorija<\/td>\n<td><a title=\"Elektri\u010dne testere\" href=\"https:\/\/www.agromarket.rs\/elektricne-testere\">Elektri\u010dne testere<\/a><\/td>\n<\/tr>\n<tr class=\"attr-table-product-weight\">\n<td>Te\u017eina pakovanja<\/td>\n<td>5.44 kg<\/td>\n<\/tr>\n<tr class=\"attr-tip-elektromotora\">\n<td>Tip elektromotora<\/td>\n<td>Kolektorski<\/td>\n<\/tr>\n<tr class=\"attr-brend\">\n<td>Brend<\/td>\n<td><a title=\"PowerEd\" href=\"https:\/\/www.agromarket.rs\/proizvodi\/brend-powered\">PowerEd<\/a><\/td>\n<\/tr>\n<tr class=\"attr-napon\">\n<td>Napon<\/td>\n<td>230 V ~ 50 Hz<\/td>\n<\/tr>\n<tr class=\"attr-prikljucna-snaga\">\n<td>Priklju\u010dna snaga<\/td>\n<td>1800 W<\/td>\n<\/tr>\n<tr class=\"attr-duzina-vodilice\">\n<td>Du\u017eina vodilice<\/td>\n<td>35 cm<\/td>\n<\/tr>\n<tr class=\"attr-brzina-lanca\">\n<td>Brzina lanca<\/td>\n<td>13 m\/s<\/td>\n<\/tr>\n<tr class=\"attr-model-vodilice\">\n<td>Model vodilice<\/td>\n<td>3\/8<\/td>\n<\/tr>\n<tr class=\"attr-zapremina-rezervoara-za-ulje\">\n<td>Zapremina rezervoara za ulje<\/td>\n<td>190 ml<\/td>\n<\/tr>\n<\/tbody>\n<\/table>\n<p>&nbsp;<\/p>\n<p><img fetchpriority=\"high\" decoding=\"async\" class=\"\" src=\"https:\/\/www.agromarket.rs\/files\/watermark\/files\/images\/slike_proizvoda\/thumbs_w\/052055_w_800_800px.jpg\" alt=\"Elektri\u010dna testera Power Ed PWREKS 1800 \" width=\"351\" height=\"351\" \/><\/p>\n","protected":false},"excerpt":{"rendered":"<p><span class=\"lesstext\">Elektri\u010dna testera Power Ed PWREKS 1800 predstavlja pouzdan alat za brzo i efikasno rezanje drva, grana i drugih materijala u doma\u0107instvu i ba\u0161ti. Opremljena sna\u017enim motorom od 1800 W, pru\u017ea visoke performanse i konstantnu snagu tokom rada.Zahvaljuju\u0107i laganoj konstrukciji i ergonomskom dizajnu,\u00a0<\/span><span class=\"moreellipses\">.<\/span><\/p>\n","protected":false},"featured_media":11348,"comment_status":"open","ping_status":"closed","template":"","meta":{"inline_featured_image":false},"product_brand":[],"product_cat":[284],"product_tag":[],"class_list":{"0":"post-11347","1":"product","2":"type-product","3":"status-publish","4":"has-post-thumbnail","6":"product_cat-elektricna-testera","8":"first","9":"instock","10":"sale","11":"shipping-taxable","12":"purchasable","13":"product-type-simple"},"_links":{"self":[{"href":"https:\/\/tehnikabacko.rs\/index.php\/wp-json\/wp\/v2\/product\/11347","targetHints":{"allow":["GET"]}}],"collection":[{"href":"https:\/\/tehnikabacko.rs\/index.php\/wp-json\/wp\/v2\/product"}],"about":[{"href":"https:\/\/tehnikabacko.rs\/index.php\/wp-json\/wp\/v2\/types\/product"}],"replies":[{"embeddable":true,"href":"https:\/\/tehnikabacko.rs\/index.php\/wp-json\/wp\/v2\/comments?post=11347"}],"wp:featuredmedia":[{"embeddable":true,"href":"https:\/\/tehnikabacko.rs\/index.php\/wp-json\/wp\/v2\/media\/11348"}],"wp:attachment":[{"href":"https:\/\/tehnikabacko.rs\/index.php\/wp-json\/wp\/v2\/media?parent=11347"}],"wp:term":[{"taxonomy":"product_brand","embeddable":true,"href":"https:\/\/tehnikabacko.rs\/index.php\/wp-json\/wp\/v2\/product_brand?post=11347"},{"taxonomy":"product_cat","embeddable":true,"href":"https:\/\/tehnikabacko.rs\/index.php\/wp-json\/wp\/v2\/product_cat?post=11347"},{"taxonomy":"product_tag","embeddable":true,"href":"https:\/\/tehnikabacko.rs\/index.php\/wp-json\/wp\/v2\/product_tag?post=11347"}],"curies":[{"name":"wp","href":"https:\/\/api.w.org\/{rel}","templated":true}]}}