{"id":11343,"date":"2025-10-20T12:26:38","date_gmt":"2025-10-20T12:26:38","guid":{"rendered":"https:\/\/tehnikabacko.rs\/?post_type=product&#038;p=11343"},"modified":"2026-02-23T17:22:39","modified_gmt":"2026-02-23T17:22:39","slug":"elektricni-bicikl-ultra-amp-crveni-48v-12ah","status":"publish","type":"product","link":"https:\/\/tehnikabacko.rs\/index.php\/product\/elektricni-bicikl-ultra-amp-crveni-48v-12ah\/","title":{"rendered":"Elektricni bicikl Ultra AMP crveni 48v 12ah"},"content":{"rendered":"<div>Proizvo\u0111a\u010d-<\/div>\n<div>BrendVeneco<\/div>\n<div>Bojacrvena<\/div>\n<div>Tip ko\u010dnicaDobo\u0161<\/div>\n<div>Dimenzija to\u010dkova17 incha<\/div>\n<div>ModelUltra amp<\/div>\n<div>BaterijeOlovna<\/div>\n<div>Domet20 do 30 km<\/div>\n<div>Snaga motora250 w<\/div>\n<div>Kapacitet baterije48v 12ah<\/div>\n<div>Max. brzina25 km\/h<\/div>\n<div>Te\u017eina72 kg<\/div>\n<div>Nosivost100 kg<\/div>\n<div>AmortizerOpruga<\/div>\n<div><img fetchpriority=\"high\" decoding=\"async\" class=\"\" src=\"https:\/\/alatmania.rs\/tenancy\/assets\/products\/2\/3\/4\/52234\/_thumb\/20240617082958-666fd7e633841-alc-1300005-fullsize_jpg.jpg?v=1721409858\" width=\"543\" height=\"401\" \/><\/div>\n","protected":false},"excerpt":{"rendered":"<p>Jedinstven elektri\u010dni bicikl koji pru\u017ea podjednako u\u017eivanje u vo\u017enji i mla\u0111im i starijim voza\u010dima. Iako je dizajniran sa elektri\u010dnim motorom sa pogonom na pedale, izgleda kao moped, ali sa ni\u017eim tro\u0161kovima rada. Interesantan je tinejd\u017eerima, ali i svima koji \u017eele da stignu sa jednog mesta na drugo, bez muke oko dozvole, tako\u0111e je vrlo interesantan i za starije ljude samo \u017eele malo slobode za kra\u0107a putovanja i vo\u017enju gradom. Udoban je, sa lako\u0107om klizi po putu, a rukovanje njime je vrlo opu\u0161teno. Poseduje i dodatke koji doprinose njegovoj estetici kao \u0161to je LCD displej koji pokazuje brzinu, nivo napunjenosti baterije i ostale indikatore, sirena, integrisana LED svetla i sli\u010dno&#8230;<\/p>\n","protected":false},"featured_media":11344,"comment_status":"open","ping_status":"closed","template":"","meta":{"inline_featured_image":false},"product_brand":[],"product_cat":[355],"product_tag":[],"class_list":{"0":"post-11343","1":"product","2":"type-product","3":"status-publish","4":"has-post-thumbnail","6":"product_cat-elektricni-bicikli","8":"first","9":"instock","10":"sale","11":"shipping-taxable","12":"purchasable","13":"product-type-simple"},"_links":{"self":[{"href":"https:\/\/tehnikabacko.rs\/index.php\/wp-json\/wp\/v2\/product\/11343","targetHints":{"allow":["GET"]}}],"collection":[{"href":"https:\/\/tehnikabacko.rs\/index.php\/wp-json\/wp\/v2\/product"}],"about":[{"href":"https:\/\/tehnikabacko.rs\/index.php\/wp-json\/wp\/v2\/types\/product"}],"replies":[{"embeddable":true,"href":"https:\/\/tehnikabacko.rs\/index.php\/wp-json\/wp\/v2\/comments?post=11343"}],"wp:featuredmedia":[{"embeddable":true,"href":"https:\/\/tehnikabacko.rs\/index.php\/wp-json\/wp\/v2\/media\/11344"}],"wp:attachment":[{"href":"https:\/\/tehnikabacko.rs\/index.php\/wp-json\/wp\/v2\/media?parent=11343"}],"wp:term":[{"taxonomy":"product_brand","embeddable":true,"href":"https:\/\/tehnikabacko.rs\/index.php\/wp-json\/wp\/v2\/product_brand?post=11343"},{"taxonomy":"product_cat","embeddable":true,"href":"https:\/\/tehnikabacko.rs\/index.php\/wp-json\/wp\/v2\/product_cat?post=11343"},{"taxonomy":"product_tag","embeddable":true,"href":"https:\/\/tehnikabacko.rs\/index.php\/wp-json\/wp\/v2\/product_tag?post=11343"}],"curies":[{"name":"wp","href":"https:\/\/api.w.org\/{rel}","templated":true}]}}