{"id":11331,"date":"2025-10-16T12:21:43","date_gmt":"2025-10-16T12:21:43","guid":{"rendered":"https:\/\/tehnikabacko.rs\/?post_type=product&#038;p=11331"},"modified":"2025-10-16T12:21:43","modified_gmt":"2025-10-16T12:21:43","slug":"fg-electronics-parna-stanica-fs220","status":"publish","type":"product","link":"https:\/\/tehnikabacko.rs\/index.php\/product\/fg-electronics-parna-stanica-fs220\/","title":{"rendered":"FG Electronics Parna stanica FS220"},"content":{"rendered":"<div class=\"classification__feature\">\n<div class=\"feature__name\">\u0160ifra artikla<\/div>\n<div class=\"feature__value\">5614549<\/div>\n<\/div>\n<div class=\"classification__feature\">\n<div class=\"feature__name\">Brend<\/div>\n<div class=\"feature__value\">FG Electronics<\/div>\n<\/div>\n<div class=\"classification__feature\">\n<div class=\"feature__name\">\u0160ifra modela<\/div>\n<div class=\"feature__value\">8606007815924<\/div>\n<\/div>\n<div class=\"classification__feature\">\n<div class=\"feature__name\">Kategorija<\/div>\n<div class=\"feature__value\">Parne stanice<\/div>\n<\/div>\n<h3 class=\"classification__feature\"><span class=\"feature__name\">Kapacitet posude za vodu<\/span><span class=\"feature__value\">1500\u00a0ml<\/span><\/h3>\n<h3 class=\"classification__feature\"><span class=\"feature__name\">Neprekidno ispu\u0161tanje pare<\/span><span class=\"feature__value\">120\u00a0g<\/span><\/h3>\n<h3 class=\"classification__feature\"><span class=\"feature__name\">Snaga motora<\/span><span class=\"feature__value\">3000\u00a0W<\/span><\/h3>\n<h3 class=\"classification__feature\"><span class=\"feature__name\">Funkcija automatskog sigurnosnog isklju\u010denja<\/span><span class=\"feature__value\">sa automatskim sigurnosnim isklju\u010divanjem<\/span><\/h3>\n<p><img fetchpriority=\"high\" decoding=\"async\" class=\"\" src=\"https:\/\/www.shoppster.rs\/cdn-cgi\/image\/format=auto,fit=contain,width=2000\/https:\/\/www.shoppster.rs\/medias\/ung-2000Wx1500H-null?context=bWFzdGVyfGltYWdlc3wxMjQwMjF8aW1hZ2UvanBlZ3xhR0k1TDJneFpTOHlOems0T0RZMk1qWTJPRFE1TlRndmRXNW5MVEl3TURCWGVERTFNREJJWDI1MWJHd3xlN2M5YzljOTc3NjcyMTc5NDcxNjExMWRlM2Q1ZDhmMzg0NDU3MDk4NDBmMzA4MmE5YzQ5NTljODdiMDAxYmYz\" alt=\"FG Electronics Parna stanica FS220\" width=\"390\" height=\"292\" \/><\/p>\n","protected":false},"excerpt":{"rendered":"<p><strong>Karakteristike<\/strong><\/p>\n<ul>\n<li>Snaga 3000 W<\/li>\n<li>Kerami\u010dka zavr\u0161na plo\u010da<\/li>\n<li>Zapremina rezervoara za vodu 1,5 L<\/li>\n<li>Kontinuirani ispust pare 120 g\/min<\/li>\n<li>Maksimalni pritisak pare 5,5 bara<\/li>\n<li>Funkcija dodatnog udara pare<\/li>\n<li>Samo\u010di\u0161\u0107enje i sistem protiv kapanja<\/li>\n<li>Automatsko isklju\u010divanje i za\u0161tita od pregrevanja<\/li>\n<li>Elektronska kontrola temperature<\/li>\n<\/ul>\n","protected":false},"featured_media":11332,"comment_status":"open","ping_status":"closed","template":"","meta":{"inline_featured_image":false},"product_brand":[],"product_cat":[404,310],"product_tag":[],"class_list":{"0":"post-11331","1":"product","2":"type-product","3":"status-publish","4":"has-post-thumbnail","6":"product_cat-parna-stanica","7":"product_cat-pegle-2","9":"first","10":"instock","11":"sale","12":"shipping-taxable","13":"purchasable","14":"product-type-simple"},"_links":{"self":[{"href":"https:\/\/tehnikabacko.rs\/index.php\/wp-json\/wp\/v2\/product\/11331","targetHints":{"allow":["GET"]}}],"collection":[{"href":"https:\/\/tehnikabacko.rs\/index.php\/wp-json\/wp\/v2\/product"}],"about":[{"href":"https:\/\/tehnikabacko.rs\/index.php\/wp-json\/wp\/v2\/types\/product"}],"replies":[{"embeddable":true,"href":"https:\/\/tehnikabacko.rs\/index.php\/wp-json\/wp\/v2\/comments?post=11331"}],"wp:featuredmedia":[{"embeddable":true,"href":"https:\/\/tehnikabacko.rs\/index.php\/wp-json\/wp\/v2\/media\/11332"}],"wp:attachment":[{"href":"https:\/\/tehnikabacko.rs\/index.php\/wp-json\/wp\/v2\/media?parent=11331"}],"wp:term":[{"taxonomy":"product_brand","embeddable":true,"href":"https:\/\/tehnikabacko.rs\/index.php\/wp-json\/wp\/v2\/product_brand?post=11331"},{"taxonomy":"product_cat","embeddable":true,"href":"https:\/\/tehnikabacko.rs\/index.php\/wp-json\/wp\/v2\/product_cat?post=11331"},{"taxonomy":"product_tag","embeddable":true,"href":"https:\/\/tehnikabacko.rs\/index.php\/wp-json\/wp\/v2\/product_tag?post=11331"}],"curies":[{"name":"wp","href":"https:\/\/api.w.org\/{rel}","templated":true}]}}