{"id":11322,"date":"2025-10-09T14:37:25","date_gmt":"2025-10-09T14:37:25","guid":{"rendered":"https:\/\/tehnikabacko.rs\/?post_type=product&#038;p=11322"},"modified":"2025-10-09T14:37:25","modified_gmt":"2025-10-09T14:37:25","slug":"vts-1810-stona-kruzna-testera","status":"publish","type":"product","link":"https:\/\/tehnikabacko.rs\/index.php\/product\/vts-1810-stona-kruzna-testera\/","title":{"rendered":"VTS 1810 stona kru\u017ena testera"},"content":{"rendered":"<table class=\"table\">\n<tbody>\n<tr>\n<td>ategorija<\/td>\n<td><strong>Stacionarne ma\u0161ine<\/strong><\/td>\n<\/tr>\n<tr>\n<td>Tip elektro-motora<\/td>\n<td><strong>Kolektorski elektromotor<\/strong><\/td>\n<\/tr>\n<tr>\n<td>Napon<\/td>\n<td><strong>230 V ~ 50 Hz<\/strong><\/td>\n<\/tr>\n<tr>\n<td>Priklju\u010dna snaga<\/td>\n<td><strong>2000 W<\/strong><\/td>\n<\/tr>\n<tr>\n<td>Broj obrtaja u praznom hodu<\/td>\n<td><strong>5000 rpm<\/strong><\/td>\n<\/tr>\n<tr>\n<td>Kapacitet se\u010denja (0\u00b0 \/ 90\u00b0)<\/td>\n<td><strong>85 mm<\/strong><\/td>\n<\/tr>\n<tr>\n<td>Kapacitet se\u010denja (0\u00b0 \/ 45\u00b0)<\/td>\n<td><strong>65 mm<\/strong><\/td>\n<\/tr>\n<tr>\n<td>Dimenzije radnog stola<\/td>\n<td><strong>487 mm x 642 mm<\/strong><\/td>\n<\/tr>\n<tr>\n<td>Pre\u010dnik lista testere<\/td>\n<td><strong>255 mm\/30 mm<\/strong><\/td>\n<\/tr>\n<tr>\n<td>Masa<\/td>\n<td><strong>21 kg<\/strong><\/td>\n<\/tr>\n<\/tbody>\n<\/table>\n<p><img fetchpriority=\"high\" decoding=\"async\" class=\"\" src=\"https:\/\/www.villager.rs\/images\/vts%201810.jpg\" width=\"636\" height=\"424\" \/><\/p>\n","protected":false},"excerpt":{"rendered":"<p><strong>Oprema:<\/strong><\/p>\n<ul>\n<li>list testere<\/li>\n<li>pode\u0161avanje ugla se\u010denja<\/li>\n<li>pode\u0161avanje \u0161irine se\u010denja<\/li>\n<\/ul>\n","protected":false},"featured_media":11323,"comment_status":"open","ping_status":"closed","template":"","meta":{"inline_featured_image":false},"product_brand":[],"product_cat":[403,294],"product_tag":[],"class_list":{"0":"post-11322","1":"product","2":"type-product","3":"status-publish","4":"has-post-thumbnail","6":"product_cat-stona-kruzna-testera","7":"product_cat-stoni-cirkulari","9":"first","10":"instock","11":"sale","12":"shipping-taxable","13":"purchasable","14":"product-type-simple"},"_links":{"self":[{"href":"https:\/\/tehnikabacko.rs\/index.php\/wp-json\/wp\/v2\/product\/11322","targetHints":{"allow":["GET"]}}],"collection":[{"href":"https:\/\/tehnikabacko.rs\/index.php\/wp-json\/wp\/v2\/product"}],"about":[{"href":"https:\/\/tehnikabacko.rs\/index.php\/wp-json\/wp\/v2\/types\/product"}],"replies":[{"embeddable":true,"href":"https:\/\/tehnikabacko.rs\/index.php\/wp-json\/wp\/v2\/comments?post=11322"}],"wp:featuredmedia":[{"embeddable":true,"href":"https:\/\/tehnikabacko.rs\/index.php\/wp-json\/wp\/v2\/media\/11323"}],"wp:attachment":[{"href":"https:\/\/tehnikabacko.rs\/index.php\/wp-json\/wp\/v2\/media?parent=11322"}],"wp:term":[{"taxonomy":"product_brand","embeddable":true,"href":"https:\/\/tehnikabacko.rs\/index.php\/wp-json\/wp\/v2\/product_brand?post=11322"},{"taxonomy":"product_cat","embeddable":true,"href":"https:\/\/tehnikabacko.rs\/index.php\/wp-json\/wp\/v2\/product_cat?post=11322"},{"taxonomy":"product_tag","embeddable":true,"href":"https:\/\/tehnikabacko.rs\/index.php\/wp-json\/wp\/v2\/product_tag?post=11322"}],"curies":[{"name":"wp","href":"https:\/\/api.w.org\/{rel}","templated":true}]}}