{"id":11315,"date":"2025-10-08T13:46:25","date_gmt":"2025-10-08T13:46:25","guid":{"rendered":"https:\/\/tehnikabacko.rs\/?post_type=product&#038;p=11315"},"modified":"2025-10-08T13:46:25","modified_gmt":"2025-10-08T13:46:25","slug":"neto-s-cabli20028-aku-duvac-2-7m-min-solo-super-ingco","status":"publish","type":"product","link":"https:\/\/tehnikabacko.rs\/index.php\/product\/neto-s-cabli20028-aku-duvac-2-7m-min-solo-super-ingco\/","title":{"rendered":"NETO S CABLI20028 AKU DUVA\u010c 2.7M\/MIN SOLO SUPER INGCO"},"content":{"rendered":"<p><strong>Tehni\u010dke karakteristike proizvoda:<\/strong><\/p>\n<ul>\n<li>Brend: SUPER INGCO<\/li>\n<li>Model: CABLI20028<\/li>\n<li>Napon: 20V<\/li>\n<li>Brzina praznog hoda: 18000 o\/min<\/li>\n<li>Prose\u010dna zapremina vazduha: 2,7m3\/min<\/li>\n<li>Kompaktan i lagan \u2013 jednostavan za rukovanje i odlaganje<\/li>\n<li>Ergonomska dr\u0161ka za udoban rad bez umaranja<\/li>\n<\/ul>\n<p><strong>Obim isporuke proizvoda:<\/strong><\/p>\n<ul>\n<li>SUPER INGCO Akumulatorski duva\u010d li\u0161\u0107a CABLI20028 20V Solo<\/li>\n<li>Uputstvo za upotrebu proizvoda<\/li>\n<li>Katonsko pakovanje<\/li>\n<li><strong>Bez baterije i punja\u010da<\/strong><\/li>\n<\/ul>\n<p><img fetchpriority=\"high\" decoding=\"async\" class=\"\" src=\"https:\/\/simns.rs\/login\/media\/images\/products\/0-98231100-1756674710.jpg\" width=\"459\" height=\"459\" \/><\/p>\n","protected":false},"excerpt":{"rendered":"<p>Akumulatorski duva\u010d li\u0161\u0107a ima kompaktan i lagan dizajn koji olak\u0161ava rukovanje.<br \/>\nSavr\u0161en je za kuc\u0301nu upotrebu, sa svojim laganim dizajnom, mo\u017ee da radi u bilo kom okru\u017eenju.<br \/>\nOvaj proizvod ima sna\u017ean protok vazduha od 2,7 m3\/min i napravljen je od visokokvalitetnih materijala kako bi se obezbedila \u010dvrstoc\u0301a i izdr\u017eljivost.<br \/>\nMini i ergonomski dizajn omoguc\u0301ava korisnicima da ga lako koriste u svojim \u017eeljenim oblastima.<br \/>\nSa ovim proizvodom, ne morate da nosite te\u0161ke vazdu\u0161ne kompresore ili drugu glomaznu opremu za potrebe duvanja.<br \/>\nAkumulatorski duva\u010d je savr\u0161eno re\u0161enje za sve va\u0161e potrebe duvanja.<\/p>\n","protected":false},"featured_media":11316,"comment_status":"open","ping_status":"closed","template":"","meta":{"inline_featured_image":false},"product_brand":[],"product_cat":[311],"product_tag":[],"class_list":{"0":"post-11315","1":"product","2":"type-product","3":"status-publish","4":"has-post-thumbnail","6":"product_cat-duvaci-za-lisce","8":"first","9":"instock","10":"sale","11":"shipping-taxable","12":"purchasable","13":"product-type-simple"},"_links":{"self":[{"href":"https:\/\/tehnikabacko.rs\/index.php\/wp-json\/wp\/v2\/product\/11315","targetHints":{"allow":["GET"]}}],"collection":[{"href":"https:\/\/tehnikabacko.rs\/index.php\/wp-json\/wp\/v2\/product"}],"about":[{"href":"https:\/\/tehnikabacko.rs\/index.php\/wp-json\/wp\/v2\/types\/product"}],"replies":[{"embeddable":true,"href":"https:\/\/tehnikabacko.rs\/index.php\/wp-json\/wp\/v2\/comments?post=11315"}],"wp:featuredmedia":[{"embeddable":true,"href":"https:\/\/tehnikabacko.rs\/index.php\/wp-json\/wp\/v2\/media\/11316"}],"wp:attachment":[{"href":"https:\/\/tehnikabacko.rs\/index.php\/wp-json\/wp\/v2\/media?parent=11315"}],"wp:term":[{"taxonomy":"product_brand","embeddable":true,"href":"https:\/\/tehnikabacko.rs\/index.php\/wp-json\/wp\/v2\/product_brand?post=11315"},{"taxonomy":"product_cat","embeddable":true,"href":"https:\/\/tehnikabacko.rs\/index.php\/wp-json\/wp\/v2\/product_cat?post=11315"},{"taxonomy":"product_tag","embeddable":true,"href":"https:\/\/tehnikabacko.rs\/index.php\/wp-json\/wp\/v2\/product_tag?post=11315"}],"curies":[{"name":"wp","href":"https:\/\/api.w.org\/{rel}","templated":true}]}}