{"id":11309,"date":"2025-10-08T13:21:04","date_gmt":"2025-10-08T13:21:04","guid":{"rendered":"https:\/\/tehnikabacko.rs\/?post_type=product&#038;p=11309"},"modified":"2025-10-08T13:21:04","modified_gmt":"2025-10-08T13:21:04","slug":"neto-s-avc12202-usisivac-za-pepeo-1200w-20l-ingco","status":"publish","type":"product","link":"https:\/\/tehnikabacko.rs\/index.php\/product\/neto-s-avc12202-usisivac-za-pepeo-1200w-20l-ingco\/","title":{"rendered":"NETO S AVC12202 USISIVA\u010c ZA PEPEO 1200W 20L INGCO"},"content":{"rendered":"<p><strong>Tehni\u010dke karakteristike proizvoda:<\/strong><\/p>\n<ul>\n<li>Snaga: 220 \u2013 240V ~ 50 \/ 60 Hz<\/li>\n<li>Ulazna snaga: 1200 W<\/li>\n<li>MIn pritisak vakuma: \u226518KPa<\/li>\n<li>Kapacitet posude za pepeo: 20L<\/li>\n<li>Hepa sa mre\u017eastom za\u0161titom<\/li>\n<li>Bez donjeg to\u010dka<\/li>\n<li>Pre\u010dnik usisnog creva: 30 mm<\/li>\n<li>Du\u017eina usisnog creva: 1m<\/li>\n<li>Aluminijumska cev: 200 mm<\/li>\n<li>Gvozdena posuda<\/li>\n<li>Du\u017eina kabla za napajanje: 2m<\/li>\n<\/ul>\n<p><strong>Obim isporuke proizvoda:<\/strong><\/p>\n<ul>\n<li>AVC12202 Elekti\u010dni usisiva\u010d za pepeo 20 L; 1200W INGCO<\/li>\n<li>Uputstvo za upotrebu proizvoda<\/li>\n<li>Kartonsko pakovanje proizvoda<\/li>\n<\/ul>\n<p><img fetchpriority=\"high\" decoding=\"async\" class=\"\" src=\"https:\/\/simns.rs\/login\/media\/images\/products\/0-41386400-1693217144.jpg\" width=\"456\" height=\"456\" \/><\/p>\n","protected":false},"excerpt":{"rendered":"<ul>\n<li>Usisava\u010d za pepeo Ingco ima snagu od 1200 W, mo\u017ee uspe\u0161no da obra\u0111uje<br \/>\npepeo i druge vec\u0301e ostatke iz procesa sagorevanja.<\/li>\n<li>Zapremina posude je 20 litara, a du\u017eina kabla 2 m.<\/li>\n<li>Pogodno je i jednostavno re\u0161enje za usisavanje hladnog pepela kod kotlova, \u0161poreta i ro\u0161tilja.<\/li>\n<\/ul>\n","protected":false},"featured_media":11310,"comment_status":"open","ping_status":"closed","template":"","meta":{"inline_featured_image":false},"product_brand":[],"product_cat":[307,401],"product_tag":[],"class_list":{"0":"post-11309","1":"product","2":"type-product","3":"status-publish","4":"has-post-thumbnail","6":"product_cat-usisivaci","7":"product_cat-usisivaci-za-pepeo","9":"first","10":"instock","11":"sale","12":"shipping-taxable","13":"purchasable","14":"product-type-simple"},"_links":{"self":[{"href":"https:\/\/tehnikabacko.rs\/index.php\/wp-json\/wp\/v2\/product\/11309","targetHints":{"allow":["GET"]}}],"collection":[{"href":"https:\/\/tehnikabacko.rs\/index.php\/wp-json\/wp\/v2\/product"}],"about":[{"href":"https:\/\/tehnikabacko.rs\/index.php\/wp-json\/wp\/v2\/types\/product"}],"replies":[{"embeddable":true,"href":"https:\/\/tehnikabacko.rs\/index.php\/wp-json\/wp\/v2\/comments?post=11309"}],"wp:featuredmedia":[{"embeddable":true,"href":"https:\/\/tehnikabacko.rs\/index.php\/wp-json\/wp\/v2\/media\/11310"}],"wp:attachment":[{"href":"https:\/\/tehnikabacko.rs\/index.php\/wp-json\/wp\/v2\/media?parent=11309"}],"wp:term":[{"taxonomy":"product_brand","embeddable":true,"href":"https:\/\/tehnikabacko.rs\/index.php\/wp-json\/wp\/v2\/product_brand?post=11309"},{"taxonomy":"product_cat","embeddable":true,"href":"https:\/\/tehnikabacko.rs\/index.php\/wp-json\/wp\/v2\/product_cat?post=11309"},{"taxonomy":"product_tag","embeddable":true,"href":"https:\/\/tehnikabacko.rs\/index.php\/wp-json\/wp\/v2\/product_tag?post=11309"}],"curies":[{"name":"wp","href":"https:\/\/api.w.org\/{rel}","templated":true}]}}