{"id":11302,"date":"2025-10-07T13:20:33","date_gmt":"2025-10-07T13:20:33","guid":{"rendered":"https:\/\/tehnikabacko.rs\/?post_type=product&#038;p=11302"},"modified":"2025-11-05T12:30:19","modified_gmt":"2025-11-05T12:30:19","slug":"gt-mega-elektricni-skuter-crvenicrnibelisivi","status":"publish","type":"product","link":"https:\/\/tehnikabacko.rs\/index.php\/product\/gt-mega-elektricni-skuter-crvenicrnibelisivi\/","title":{"rendered":"GT MEGA ELEKTRI\u010cNI SKUTER-crveni,crni,beli,sivi"},"content":{"rendered":"<table width=\"100%\">\n<tbody>\n<tr>\n<td align=\"left\">Dimenzije:<\/td>\n<td align=\"left\">180cm*75cm*108cm<\/td>\n<\/tr>\n<tr>\n<td align=\"left\">Osnova To\u010dka:<\/td>\n<td align=\"left\">120cm<\/td>\n<\/tr>\n<tr>\n<td align=\"left\">Tip gume:<\/td>\n<td align=\"left\">3.00-10<\/td>\n<\/tr>\n<tr>\n<td align=\"left\">Farovi:<\/td>\n<td align=\"left\">LED<\/td>\n<\/tr>\n<tr>\n<td align=\"left\">Maksimalna brzina:<\/td>\n<td align=\"left\">25 km\/h<\/td>\n<\/tr>\n<tr>\n<td align=\"left\">Motor:<\/td>\n<td align=\"left\">Bez \u010detkica<\/td>\n<\/tr>\n<tr>\n<td align=\"left\">Snaga motora:<\/td>\n<td align=\"left\">250W<\/td>\n<\/tr>\n<tr>\n<td align=\"left\">Tip baterie:<\/td>\n<td align=\"left\">Grafenska baterija 60v27ah<\/td>\n<\/tr>\n<tr>\n<td align=\"left\">Instrument tabla:<\/td>\n<td align=\"left\">digitalna u boji sa pametnom bravom (NFC)<\/td>\n<\/tr>\n<tr>\n<td align=\"left\">Maksimalni domet:<\/td>\n<td align=\"left\">70-80 km\uff08Laboratorijski podaci : put ravan, temperatura 25 stepeni. nosivost 70 kg. stvarna kilometra\u017ea je odre\u0111ena vremenom, temperaturom, otporom vetra, uslovima na putu, navikama u vo\u017enji itd.\uff09<\/td>\n<\/tr>\n<tr>\n<td align=\"left\">Prednja ko\u010dnica:<\/td>\n<td align=\"left\">Disk (Velika)<\/td>\n<\/tr>\n<tr>\n<td align=\"left\">Zadnja ko\u010dnica:<\/td>\n<td align=\"left\">Disk<\/td>\n<\/tr>\n<tr class=\"dodatnaKarakteristika\">\n<td align=\"left\">Brava:<\/td>\n<td align=\"left\">Metalni klju\u010d, NFC smart klju\u010d i daljinski klju\u010d<\/td>\n<\/tr>\n<tr class=\"dodatnaKarakteristika\">\n<td align=\"left\">Maksimalna te\u017eina tereta:<\/td>\n<td align=\"left\">150KG<\/td>\n<\/tr>\n<\/tbody>\n<\/table>\n<aside><\/aside>\n<aside class=\"fusion-fullwidth fullwidth-box fusion-builder-row-4 fusion-flex-container has-pattern-background has-mask-background fusion-parallax-none nonhundred-percent-fullwidth non-hundred-percent-height-scrolling\">\n<div class=\"fusion-builder-row fusion-row fusion-flex-align-items-flex-start fusion-flex-content-wrap\">\n<div class=\"fusion-layout-column fusion_builder_column fusion-builder-column-8 fusion_builder_column_1_1 1_1 fusion-flex-column\" data-scroll-devices=\"small-visibility,medium-visibility,large-visibility\">\n<div class=\"fusion-column-wrapper fusion-column-has-shadow fusion-flex-justify-content-flex-start fusion-content-layout-column\">\n<div class=\"table-2 tabela-woo-tabs\">\n<p>ZEMLJA POREKLA:KINA<\/p>\n<p><img fetchpriority=\"high\" decoding=\"async\" class=\"\" src=\"https:\/\/csm2017.rs\/wp-content\/uploads\/2024\/03\/GT-MEGA-crveni-2.png\" alt=\"GT MEGA \u26a1\ufe0f\" width=\"361\" height=\"361\" \/><\/p>\n<p><img decoding=\"async\" class=\"\" src=\"https:\/\/elektroterm.rs\/wp-content\/uploads\/2024\/09\/Elektricni-skuter-GT-MEGA-250W.webp\" width=\"392\" height=\"392\" \/><\/p>\n<p>&nbsp;<\/p>\n<p><img decoding=\"async\" class=\"\" src=\"https:\/\/elektroterm.rs\/wp-content\/uploads\/2024\/09\/Elektricni-skuter-GT-MEGA-250W-2.webp\" width=\"435\" height=\"435\" \/><\/p>\n<\/div>\n<\/div>\n<\/div>\n<\/div>\n<\/aside>\n","protected":false},"excerpt":{"rendered":"<p>Dostupan u bojama: Crni, crveni, beli.<\/p>\n","protected":false},"featured_media":11303,"comment_status":"open","ping_status":"closed","template":"","meta":{"inline_featured_image":false},"product_brand":[],"product_cat":[355,354],"product_tag":[],"class_list":{"0":"post-11302","1":"product","2":"type-product","3":"status-publish","4":"has-post-thumbnail","6":"product_cat-elektricni-bicikli","7":"product_cat-skuter","9":"first","10":"instock","11":"sale","12":"shipping-taxable","13":"purchasable","14":"product-type-simple"},"_links":{"self":[{"href":"https:\/\/tehnikabacko.rs\/index.php\/wp-json\/wp\/v2\/product\/11302","targetHints":{"allow":["GET"]}}],"collection":[{"href":"https:\/\/tehnikabacko.rs\/index.php\/wp-json\/wp\/v2\/product"}],"about":[{"href":"https:\/\/tehnikabacko.rs\/index.php\/wp-json\/wp\/v2\/types\/product"}],"replies":[{"embeddable":true,"href":"https:\/\/tehnikabacko.rs\/index.php\/wp-json\/wp\/v2\/comments?post=11302"}],"wp:featuredmedia":[{"embeddable":true,"href":"https:\/\/tehnikabacko.rs\/index.php\/wp-json\/wp\/v2\/media\/11303"}],"wp:attachment":[{"href":"https:\/\/tehnikabacko.rs\/index.php\/wp-json\/wp\/v2\/media?parent=11302"}],"wp:term":[{"taxonomy":"product_brand","embeddable":true,"href":"https:\/\/tehnikabacko.rs\/index.php\/wp-json\/wp\/v2\/product_brand?post=11302"},{"taxonomy":"product_cat","embeddable":true,"href":"https:\/\/tehnikabacko.rs\/index.php\/wp-json\/wp\/v2\/product_cat?post=11302"},{"taxonomy":"product_tag","embeddable":true,"href":"https:\/\/tehnikabacko.rs\/index.php\/wp-json\/wp\/v2\/product_tag?post=11302"}],"curies":[{"name":"wp","href":"https:\/\/api.w.org\/{rel}","templated":true}]}}