{"id":11300,"date":"2025-10-07T12:58:06","date_gmt":"2025-10-07T12:58:06","guid":{"rendered":"https:\/\/tehnikabacko.rs\/?post_type=product&#038;p=11300"},"modified":"2025-11-05T12:42:19","modified_gmt":"2025-11-05T12:42:19","slug":"elektricni-skuter-serking-belicrnicrvenisivi","status":"publish","type":"product","link":"https:\/\/tehnikabacko.rs\/index.php\/product\/elektricni-skuter-serking-belicrnicrvenisivi\/","title":{"rendered":"Elektri\u010dni skuter Serking Beli,crni,crveni,sivi"},"content":{"rendered":"<table>\n<tbody>\n<tr>\n<td class=\"prvired\">Dimenzije:<\/td>\n<td class=\"drugired\">170 cm x 65 cm x 105 cm<\/td>\n<\/tr>\n<tr>\n<td class=\"prvired\">Osnova to\u010dka:<\/td>\n<td class=\"drugired\">130 cm<\/td>\n<\/tr>\n<tr>\n<td class=\"prvired\">Tip gume:<\/td>\n<td class=\"drugired\">3.00-10 tubeless<\/td>\n<\/tr>\n<tr>\n<td class=\"prvired\">Farovi:<\/td>\n<td class=\"drugired\">LED<\/td>\n<\/tr>\n<tr>\n<td class=\"prvired\">Maksimalna brzina:<\/td>\n<td class=\"drugired\">25 km\/h<\/td>\n<\/tr>\n<tr>\n<td class=\"prvired\">Tip motora:<\/td>\n<td class=\"drugired\">Bez \u010detkica<\/td>\n<\/tr>\n<tr>\n<td class=\"prvired\">Snaga motora:<\/td>\n<td class=\"drugired\">250 W<\/td>\n<\/tr>\n<tr>\n<td class=\"prvired\">Tip baterije:<\/td>\n<td class=\"drugired\">48V 20Ah olovno-kiselinska<\/td>\n<\/tr>\n<tr>\n<td class=\"prvired\">Instrument tabla:<\/td>\n<td class=\"drugired\">Digitalna u boji<\/td>\n<\/tr>\n<tr>\n<td class=\"prvired\">Maksimalni domet:<\/td>\n<td class=\"drugired\">150 kg (verovatno gre\u0161ka \u2014 molim potvrdu, domet se obi\u010dno izra\u017eava u km)<\/td>\n<\/tr>\n<tr>\n<td class=\"prvired\">Prednja ko\u010dnica:<\/td>\n<td class=\"drugired\">Disk ko\u010dnice u obliku kapi vode<\/td>\n<\/tr>\n<tr>\n<td class=\"prvired\">Zadnja ko\u010dnica:<\/td>\n<td class=\"drugired\">Dobo\u0161 ko\u010dnica<\/td>\n<\/tr>\n<\/tbody>\n<\/table>\n<div class=\"woocommerce-product-gallery__wrapper\">\n<div class=\"woocommerce-product-gallery__image clone\" data-thumb=\"https:\/\/csm2017.rs\/wp-content\/uploads\/2025\/01\/Prednji-tocak-Serking-150x150.webp\" data-thumb-alt=\"SERKING - Slika 7\" data-thumb-srcset=\"https:\/\/csm2017.rs\/wp-content\/uploads\/2025\/01\/Prednji-tocak-Serking-66x66.webp 66w, https:\/\/csm2017.rs\/wp-content\/uploads\/2025\/01\/Prednji-tocak-Serking-150x150.webp 150w, https:\/\/csm2017.rs\/wp-content\/uploads\/2025\/01\/Prednji-tocak-Serking-300x300.webp 300w, https:\/\/csm2017.rs\/wp-content\/uploads\/2025\/01\/Prednji-tocak-Serking.webp 500w\" data-thumb-sizes=\"(max-width: 150px) 100vw, 150px\" aria-hidden=\"true\"><a href=\"https:\/\/csm2017.rs\/wp-content\/uploads\/2025\/01\/Prednji-tocak-Serking.webp\"><img decoding=\"async\" class=\"\" src=\"https:\/\/csm2017.rs\/wp-content\/uploads\/2025\/01\/Prednji-tocak-Serking.webp\" alt=\"SERKING - Slika 7\" width=\"208\" height=\"208\" data-caption=\"\" data-src=\"https:\/\/csm2017.rs\/wp-content\/uploads\/2025\/01\/Prednji-tocak-Serking.webp\" data-large_image=\"https:\/\/csm2017.rs\/wp-content\/uploads\/2025\/01\/Prednji-tocak-Serking.webp\" data-large_image_width=\"500\" data-large_image_height=\"500\" \/><\/a><\/div>\n<div class=\"woocommerce-product-gallery__image flex-active-slide fusion-main-image\" data-thumb=\"https:\/\/csm2017.rs\/wp-content\/uploads\/2025\/01\/Serking-crni-3-150x150.webp\" data-thumb-alt=\"SERKING\" data-thumb-srcset=\"https:\/\/csm2017.rs\/wp-content\/uploads\/2025\/01\/Serking-crni-3-66x66.webp 66w, https:\/\/csm2017.rs\/wp-content\/uploads\/2025\/01\/Serking-crni-3-150x150.webp 150w, https:\/\/csm2017.rs\/wp-content\/uploads\/2025\/01\/Serking-crni-3-300x300.webp 300w, https:\/\/csm2017.rs\/wp-content\/uploads\/2025\/01\/Serking-crni-3.webp 500w\" data-thumb-sizes=\"(max-width: 150px) 100vw, 150px\"><a href=\"https:\/\/csm2017.rs\/wp-content\/uploads\/2025\/01\/Serking-crni-3.webp\"><img fetchpriority=\"high\" decoding=\"async\" class=\"wp-post-image\" src=\"https:\/\/csm2017.rs\/wp-content\/uploads\/2025\/01\/Serking-crni-3.webp\" alt=\"SERKING\" width=\"500\" height=\"500\" data-caption=\"\" data-src=\"https:\/\/csm2017.rs\/wp-content\/uploads\/2025\/01\/Serking-crni-3.webp\" data-large_image=\"https:\/\/csm2017.rs\/wp-content\/uploads\/2025\/01\/Serking-crni-3.webp\" data-large_image_width=\"500\" data-large_image_height=\"500\" \/><\/a><\/div>\n<div class=\"woocommerce-product-gallery__image\" data-thumb=\"https:\/\/csm2017.rs\/wp-content\/uploads\/2025\/01\/Serking-crni-2-150x150.webp\" data-thumb-alt=\"SERKING - Slika 2\" data-thumb-srcset=\"https:\/\/csm2017.rs\/wp-content\/uploads\/2025\/01\/Serking-crni-2-66x66.webp 66w, https:\/\/csm2017.rs\/wp-content\/uploads\/2025\/01\/Serking-crni-2-150x150.webp 150w, https:\/\/csm2017.rs\/wp-content\/uploads\/2025\/01\/Serking-crni-2-300x300.webp 300w, https:\/\/csm2017.rs\/wp-content\/uploads\/2025\/01\/Serking-crni-2.webp 500w\" data-thumb-sizes=\"(max-width: 150px) 100vw, 150px\"><a href=\"https:\/\/csm2017.rs\/wp-content\/uploads\/2025\/01\/Serking-crni-2.webp\"><img decoding=\"async\" class=\"\" src=\"https:\/\/csm2017.rs\/wp-content\/uploads\/2025\/01\/Serking-crni-2.webp\" alt=\"SERKING - Slika 2\" width=\"500\" height=\"500\" data-caption=\"\" data-src=\"https:\/\/csm2017.rs\/wp-content\/uploads\/2025\/01\/Serking-crni-2.webp\" data-large_image=\"https:\/\/csm2017.rs\/wp-content\/uploads\/2025\/01\/Serking-crni-2.webp\" data-large_image_width=\"500\" data-large_image_height=\"500\" \/><\/a><\/div>\n<div class=\"woocommerce-product-gallery__image\" data-thumb=\"https:\/\/csm2017.rs\/wp-content\/uploads\/2025\/01\/Serking-Beli-1-150x150.webp\" data-thumb-alt=\"SERKING - Slika 3\" data-thumb-srcset=\"https:\/\/csm2017.rs\/wp-content\/uploads\/2025\/01\/Serking-Beli-1-66x66.webp 66w, https:\/\/csm2017.rs\/wp-content\/uploads\/2025\/01\/Serking-Beli-1-150x150.webp 150w, https:\/\/csm2017.rs\/wp-content\/uploads\/2025\/01\/Serking-Beli-1-300x300.webp 300w, https:\/\/csm2017.rs\/wp-content\/uploads\/2025\/01\/Serking-Beli-1.webp 500w\" data-thumb-sizes=\"(max-width: 150px) 100vw, 150px\"><a href=\"https:\/\/csm2017.rs\/wp-content\/uploads\/2025\/01\/Serking-Beli-1.webp\"><img loading=\"lazy\" decoding=\"async\" class=\"\" src=\"https:\/\/csm2017.rs\/wp-content\/uploads\/2025\/01\/Serking-Beli-1.webp\" alt=\"SERKING - Slika 3\" width=\"500\" height=\"500\" data-caption=\"\" data-src=\"https:\/\/csm2017.rs\/wp-content\/uploads\/2025\/01\/Serking-Beli-1.webp\" data-large_image=\"https:\/\/csm2017.rs\/wp-content\/uploads\/2025\/01\/Serking-Beli-1.webp\" data-large_image_width=\"500\" data-large_image_height=\"500\" \/><\/a><\/div>\n<div class=\"woocommerce-product-gallery__image\" data-thumb=\"https:\/\/csm2017.rs\/wp-content\/uploads\/2025\/01\/Serking-Beli-2-150x150.webp\" data-thumb-alt=\"SERKING - Slika 4\" data-thumb-srcset=\"https:\/\/csm2017.rs\/wp-content\/uploads\/2025\/01\/Serking-Beli-2-66x66.webp 66w, https:\/\/csm2017.rs\/wp-content\/uploads\/2025\/01\/Serking-Beli-2-150x150.webp 150w, https:\/\/csm2017.rs\/wp-content\/uploads\/2025\/01\/Serking-Beli-2-300x300.webp 300w, https:\/\/csm2017.rs\/wp-content\/uploads\/2025\/01\/Serking-Beli-2.webp 500w\" data-thumb-sizes=\"(max-width: 150px) 100vw, 150px\"><a href=\"https:\/\/csm2017.rs\/wp-content\/uploads\/2025\/01\/Serking-Beli-2.webp\"><img loading=\"lazy\" decoding=\"async\" class=\"\" src=\"https:\/\/csm2017.rs\/wp-content\/uploads\/2025\/01\/Serking-Beli-2.webp\" alt=\"SERKING - Slika 4\" width=\"500\" height=\"500\" data-caption=\"\" data-src=\"https:\/\/csm2017.rs\/wp-content\/uploads\/2025\/01\/Serking-Beli-2.webp\" data-large_image=\"https:\/\/csm2017.rs\/wp-content\/uploads\/2025\/01\/Serking-Beli-2.webp\" data-large_image_width=\"500\" data-large_image_height=\"500\" \/><\/a><\/div>\n<div class=\"woocommerce-product-gallery__image\" data-thumb=\"https:\/\/csm2017.rs\/wp-content\/uploads\/2025\/01\/Serking-crni-150x150.webp\" data-thumb-alt=\"SERKING - Slika 5\" data-thumb-srcset=\"https:\/\/csm2017.rs\/wp-content\/uploads\/2025\/01\/Serking-crni-66x66.webp 66w, https:\/\/csm2017.rs\/wp-content\/uploads\/2025\/01\/Serking-crni-150x150.webp 150w, https:\/\/csm2017.rs\/wp-content\/uploads\/2025\/01\/Serking-crni-300x300.webp 300w, https:\/\/csm2017.rs\/wp-content\/uploads\/2025\/01\/Serking-crni.webp 500w\" data-thumb-sizes=\"(max-width: 150px) 100vw, 150px\"><a href=\"https:\/\/csm2017.rs\/wp-content\/uploads\/2025\/01\/Serking-crni.webp\"><img loading=\"lazy\" decoding=\"async\" class=\"\" src=\"https:\/\/csm2017.rs\/wp-content\/uploads\/2025\/01\/Serking-crni.webp\" alt=\"SERKING - Slika 5\" width=\"500\" height=\"500\" data-caption=\"\" data-src=\"https:\/\/csm2017.rs\/wp-content\/uploads\/2025\/01\/Serking-crni.webp\" data-large_image=\"https:\/\/csm2017.rs\/wp-content\/uploads\/2025\/01\/Serking-crni.webp\" data-large_image_width=\"500\" data-large_image_height=\"500\" \/><\/a><\/div>\n<div class=\"woocommerce-product-gallery__image\" data-thumb=\"https:\/\/csm2017.rs\/wp-content\/uploads\/2025\/01\/Serking-Beli-3-150x150.webp\" data-thumb-alt=\"SERKING - Slika 6\" data-thumb-srcset=\"https:\/\/csm2017.rs\/wp-content\/uploads\/2025\/01\/Serking-Beli-3-66x66.webp 66w, https:\/\/csm2017.rs\/wp-content\/uploads\/2025\/01\/Serking-Beli-3-150x150.webp 150w, https:\/\/csm2017.rs\/wp-content\/uploads\/2025\/01\/Serking-Beli-3-300x300.webp 300w, https:\/\/csm2017.rs\/wp-content\/uploads\/2025\/01\/Serking-Beli-3.webp 500w\" data-thumb-sizes=\"(max-width: 150px) 100vw, 150px\"><a href=\"https:\/\/csm2017.rs\/wp-content\/uploads\/2025\/01\/Serking-Beli-3.webp\"><img loading=\"lazy\" decoding=\"async\" class=\"\" src=\"https:\/\/csm2017.rs\/wp-content\/uploads\/2025\/01\/Serking-Beli-3.webp\" alt=\"SERKING - Slika 6\" width=\"500\" height=\"500\" data-caption=\"\" data-src=\"https:\/\/csm2017.rs\/wp-content\/uploads\/2025\/01\/Serking-Beli-3.webp\" data-large_image=\"https:\/\/csm2017.rs\/wp-content\/uploads\/2025\/01\/Serking-Beli-3.webp\" data-large_image_width=\"500\" data-large_image_height=\"500\" \/><\/a><\/div>\n<div class=\"woocommerce-product-gallery__image\" data-thumb=\"https:\/\/csm2017.rs\/wp-content\/uploads\/2025\/01\/Prednji-tocak-Serking-150x150.webp\" data-thumb-alt=\"SERKING - Slika 7\" data-thumb-srcset=\"https:\/\/csm2017.rs\/wp-content\/uploads\/2025\/01\/Prednji-tocak-Serking-66x66.webp 66w, https:\/\/csm2017.rs\/wp-content\/uploads\/2025\/01\/Prednji-tocak-Serking-150x150.webp 150w, https:\/\/csm2017.rs\/wp-content\/uploads\/2025\/01\/Prednji-tocak-Serking-300x300.webp 300w, https:\/\/csm2017.rs\/wp-content\/uploads\/2025\/01\/Prednji-tocak-Serking.webp 500w\" data-thumb-sizes=\"(max-width: 150px) 100vw, 150px\"><\/div>\n<div class=\"woocommerce-product-gallery__image clone\" data-thumb=\"https:\/\/csm2017.rs\/wp-content\/uploads\/2025\/01\/Serking-crni-3-150x150.webp\" data-thumb-alt=\"SERKING\" data-thumb-srcset=\"https:\/\/csm2017.rs\/wp-content\/uploads\/2025\/01\/Serking-crni-3-66x66.webp 66w, https:\/\/csm2017.rs\/wp-content\/uploads\/2025\/01\/Serking-crni-3-150x150.webp 150w, https:\/\/csm2017.rs\/wp-content\/uploads\/2025\/01\/Serking-crni-3-300x300.webp 300w, https:\/\/csm2017.rs\/wp-content\/uploads\/2025\/01\/Serking-crni-3.webp 500w\" data-thumb-sizes=\"(max-width: 150px) 100vw, 150px\" aria-hidden=\"true\"><a href=\"https:\/\/csm2017.rs\/wp-content\/uploads\/2025\/01\/Serking-crni-3.webp\"><img fetchpriority=\"high\" decoding=\"async\" class=\"wp-post-image\" src=\"https:\/\/csm2017.rs\/wp-content\/uploads\/2025\/01\/Serking-crni-3.webp\" alt=\"SERKING\" width=\"500\" height=\"500\" data-caption=\"\" data-src=\"https:\/\/csm2017.rs\/wp-content\/uploads\/2025\/01\/Serking-crni-3.webp\" data-large_image=\"https:\/\/csm2017.rs\/wp-content\/uploads\/2025\/01\/Serking-crni-3.webp\" data-large_image_width=\"500\" data-large_image_height=\"500\" \/><\/a><\/div>\n<\/div>\n<ul class=\"flex-direction-nav\">\n<li style=\"list-style-type: none\">\n<ul class=\"flex-direction-nav\">\n<li class=\"flex-nav-prev\"><\/li>\n<li class=\"flex-nav-next\"><\/li>\n<\/ul>\n<\/li>\n<\/ul>\n<p>&nbsp;<\/p>\n","protected":false},"excerpt":{"rendered":"<p>CSM SERKING je moderan i ekolo\u0161ki elektri\u010dni skuter sa motorom od 250 W i olovno-kiselinskom baterijom 48V 20Ah, omogu\u0107avaju\u0107i domet do 50 km sa jednim punjenjem. Zahvaljuju\u0107i \u0161irokoj osnovi to\u010dkova i kvalitetnom ko\u010dionom sistemu (prednja disk i zadnja dobo\u0161 ko\u010dnica), pru\u017ea stabilnost i sigurnost tokom vo\u017enje. LED osvetljenje, digitalna instrument tabla i tubeless gume dodatno pobolj\u0161avaju iskustvo vo\u017enje, \u010dine\u0107i ga idealnim za urbane korisnike.<\/p>\n","protected":false},"featured_media":11301,"comment_status":"open","ping_status":"closed","template":"","meta":{"inline_featured_image":false},"product_brand":[],"product_cat":[355,354],"product_tag":[],"class_list":{"0":"post-11300","1":"product","2":"type-product","3":"status-publish","4":"has-post-thumbnail","6":"product_cat-elektricni-bicikli","7":"product_cat-skuter","9":"first","10":"instock","11":"sale","12":"shipping-taxable","13":"purchasable","14":"product-type-simple"},"_links":{"self":[{"href":"https:\/\/tehnikabacko.rs\/index.php\/wp-json\/wp\/v2\/product\/11300","targetHints":{"allow":["GET"]}}],"collection":[{"href":"https:\/\/tehnikabacko.rs\/index.php\/wp-json\/wp\/v2\/product"}],"about":[{"href":"https:\/\/tehnikabacko.rs\/index.php\/wp-json\/wp\/v2\/types\/product"}],"replies":[{"embeddable":true,"href":"https:\/\/tehnikabacko.rs\/index.php\/wp-json\/wp\/v2\/comments?post=11300"}],"wp:featuredmedia":[{"embeddable":true,"href":"https:\/\/tehnikabacko.rs\/index.php\/wp-json\/wp\/v2\/media\/11301"}],"wp:attachment":[{"href":"https:\/\/tehnikabacko.rs\/index.php\/wp-json\/wp\/v2\/media?parent=11300"}],"wp:term":[{"taxonomy":"product_brand","embeddable":true,"href":"https:\/\/tehnikabacko.rs\/index.php\/wp-json\/wp\/v2\/product_brand?post=11300"},{"taxonomy":"product_cat","embeddable":true,"href":"https:\/\/tehnikabacko.rs\/index.php\/wp-json\/wp\/v2\/product_cat?post=11300"},{"taxonomy":"product_tag","embeddable":true,"href":"https:\/\/tehnikabacko.rs\/index.php\/wp-json\/wp\/v2\/product_tag?post=11300"}],"curies":[{"name":"wp","href":"https:\/\/api.w.org\/{rel}","templated":true}]}}