{"id":11294,"date":"2025-10-06T11:46:03","date_gmt":"2025-10-06T11:46:03","guid":{"rendered":"https:\/\/tehnikabacko.rs\/?post_type=product&#038;p=11294"},"modified":"2025-10-06T11:46:04","modified_gmt":"2025-10-06T11:46:04","slug":"prosto-nazidna-ptc-keramicka-grejalica-2000w","status":"publish","type":"product","link":"https:\/\/tehnikabacko.rs\/index.php\/product\/prosto-nazidna-ptc-keramicka-grejalica-2000w\/","title":{"rendered":"PROSTO nazidna PTC kerami\u010dka grejalica 2000W"},"content":{"rendered":"<table>\n<tbody>\n<tr>\n<td class=\"product-texh-info-td-label\">Brend<\/td>\n<td class=\"product-texh-info-td-text\">PROSTO<\/td>\n<\/tr>\n<tr>\n<td class=\"product-texh-info-td-label\">Tip<\/td>\n<td class=\"product-texh-info-td-text\">Nazidna PTC grejalica<\/td>\n<\/tr>\n<tr>\n<td class=\"product-texh-info-td-label\">Napajanje<\/td>\n<td class=\"product-texh-info-td-text\">220-240 V~, 50-60 Hz<\/td>\n<\/tr>\n<tr>\n<td class=\"product-texh-info-td-label\">Snaga<\/td>\n<td class=\"product-texh-info-td-text\">1000 W \/ 2000 W<\/td>\n<\/tr>\n<tr>\n<td class=\"product-texh-info-td-label\">Nivo buke<\/td>\n<td class=\"product-texh-info-td-text\">&lt;60 dB<\/td>\n<\/tr>\n<tr>\n<td class=\"product-texh-info-td-label\">Monta\u017ea<\/td>\n<td class=\"product-texh-info-td-text\">Nazidna<\/td>\n<\/tr>\n<tr>\n<td class=\"product-texh-info-td-label\">Du\u017eina kabela<\/td>\n<td class=\"product-texh-info-td-text\">1.5 m<\/td>\n<\/tr>\n<tr>\n<td class=\"product-texh-info-td-label\">Materijal ku\u0107i\u0161ta<\/td>\n<td class=\"product-texh-info-td-text\">Plastika<\/td>\n<\/tr>\n<tr>\n<td class=\"product-texh-info-td-label\">Boja ku\u0107i\u0161ta<\/td>\n<td class=\"product-texh-info-td-text\">Bela<\/td>\n<\/tr>\n<tr>\n<td class=\"product-texh-info-td-label\">IP za\u0161tita<\/td>\n<td class=\"product-texh-info-td-text\">IP20<\/td>\n<\/tr>\n<tr>\n<td class=\"product-texh-info-td-label\">Za\u0161tita od pregrevanja<\/td>\n<td class=\"product-texh-info-td-text\">Da<\/td>\n<\/tr>\n<tr>\n<td class=\"product-texh-info-td-label\">Za\u0161tita kod prevrtanja<\/td>\n<td class=\"product-texh-info-td-text\">Ne<\/td>\n<\/tr>\n<tr>\n<td class=\"product-texh-info-td-label\">Termostat<\/td>\n<td class=\"product-texh-info-td-text\">Da<\/td>\n<\/tr>\n<tr>\n<td class=\"product-texh-info-td-label\">Tip greja\u010da<\/td>\n<td class=\"product-texh-info-td-text\">PTC<\/td>\n<\/tr>\n<tr>\n<td class=\"product-texh-info-td-label\">Podesiva snaga<\/td>\n<td class=\"product-texh-info-td-text\">Da<\/td>\n<\/tr>\n<tr>\n<td class=\"product-texh-info-td-label\">Tajmer<\/td>\n<td class=\"product-texh-info-td-text\">0-23 h<\/td>\n<\/tr>\n<tr>\n<td class=\"product-texh-info-td-label\">Dodatne funkcije<\/td>\n<td class=\"product-texh-info-td-text\">Dva re\u017eima rada (grejanje i ventilator funkcija), nedeljni tajmer, senzor otvorenog prozora<\/td>\n<\/tr>\n<tr>\n<td class=\"product-texh-info-td-label\">Daljinski upravlja\u010d<\/td>\n<td class=\"product-texh-info-td-text\">Da<\/td>\n<\/tr>\n<tr>\n<td class=\"product-texh-info-td-label\">Masa<\/td>\n<td class=\"product-texh-info-td-text\">1.45 kg<\/td>\n<\/tr>\n<tr>\n<td class=\"product-texh-info-td-label\">Dimenzije<\/td>\n<td class=\"product-texh-info-td-text\">430x178x128 mm<\/td>\n<\/tr>\n<\/tbody>\n<\/table>\n<p><img fetchpriority=\"high\" decoding=\"async\" class=\"\" src=\"https:\/\/www.elementa.rs\/images\/products\/69107\/original\/1.jpg\" alt=\"Image 1 of 5\" width=\"442\" height=\"442\" \/><\/p>\n","protected":false},"excerpt":{"rendered":"<p>Nazidno PTC grejno telo PROSTO<\/p>\n<p>Dva re\u017eima rada, grejanje i ventilator funkcija<\/p>\n<p>Podesiva snaga omogu\u0107ava odr\u017eavanje optimalne temperature<\/p>\n<div id=\"more-content\" class=\"show\">\n<p>Mogu\u0107nost pode\u0161avanja \u017eeljenog vremena rada grejalice uz pomo\u0107 tajmera i unapred isprogramiranih rasporeda<\/p>\n<p>LED displej za prikaz i kontrolu temperature<\/p>\n<p>Ukoliko tokom rada grejalice ostavite otvoren prozor na du\u017ee vreme, ugra\u0111ena funkcija je gasi, time \u0161tede\u0107i elektri\u010dnu energiju<\/p>\n<p>Sve funkcije na daljinskom upravlja\u010du<\/p>\n<\/div>\n","protected":false},"featured_media":11295,"comment_status":"open","ping_status":"closed","template":"","meta":{"inline_featured_image":false},"product_brand":[],"product_cat":[312],"product_tag":[],"class_list":{"0":"post-11294","1":"product","2":"type-product","3":"status-publish","4":"has-post-thumbnail","6":"product_cat-grejalice","8":"first","9":"instock","10":"sale","11":"shipping-taxable","12":"purchasable","13":"product-type-simple"},"_links":{"self":[{"href":"https:\/\/tehnikabacko.rs\/index.php\/wp-json\/wp\/v2\/product\/11294","targetHints":{"allow":["GET"]}}],"collection":[{"href":"https:\/\/tehnikabacko.rs\/index.php\/wp-json\/wp\/v2\/product"}],"about":[{"href":"https:\/\/tehnikabacko.rs\/index.php\/wp-json\/wp\/v2\/types\/product"}],"replies":[{"embeddable":true,"href":"https:\/\/tehnikabacko.rs\/index.php\/wp-json\/wp\/v2\/comments?post=11294"}],"wp:featuredmedia":[{"embeddable":true,"href":"https:\/\/tehnikabacko.rs\/index.php\/wp-json\/wp\/v2\/media\/11295"}],"wp:attachment":[{"href":"https:\/\/tehnikabacko.rs\/index.php\/wp-json\/wp\/v2\/media?parent=11294"}],"wp:term":[{"taxonomy":"product_brand","embeddable":true,"href":"https:\/\/tehnikabacko.rs\/index.php\/wp-json\/wp\/v2\/product_brand?post=11294"},{"taxonomy":"product_cat","embeddable":true,"href":"https:\/\/tehnikabacko.rs\/index.php\/wp-json\/wp\/v2\/product_cat?post=11294"},{"taxonomy":"product_tag","embeddable":true,"href":"https:\/\/tehnikabacko.rs\/index.php\/wp-json\/wp\/v2\/product_tag?post=11294"}],"curies":[{"name":"wp","href":"https:\/\/api.w.org\/{rel}","templated":true}]}}