{"id":11290,"date":"2025-10-06T11:31:38","date_gmt":"2025-10-06T11:31:38","guid":{"rendered":"https:\/\/tehnikabacko.rs\/?post_type=product&#038;p=11290"},"modified":"2025-10-06T11:31:38","modified_gmt":"2025-10-06T11:31:38","slug":"prosto-grejalica-za-kupatilo-2000w-fh-200ip3","status":"publish","type":"product","link":"https:\/\/tehnikabacko.rs\/index.php\/product\/prosto-grejalica-za-kupatilo-2000w-fh-200ip3\/","title":{"rendered":"PROSTO Grejalica za kupatilo 2000W FH-200IP3"},"content":{"rendered":"<table id=\"prodspec\" class=\"table table-bordered table-hover table-striped\">\n<tbody>\n<tr>\n<td class=\"st\">Tip<\/td>\n<td class=\"sc\">Kalorifer<\/td>\n<\/tr>\n<tr>\n<td class=\"st\">Boja<\/td>\n<td class=\"sc\">Bela<\/td>\n<\/tr>\n<tr>\n<td class=\"st\">Snaga<\/td>\n<td class=\"sc\">2000 W (2 x 1000 W)<\/td>\n<\/tr>\n<tr>\n<td class=\"st\">Opis<\/td>\n<td class=\"sc\">\n<div>Napajanje: 220-240 V~<\/div>\n<div>Nivo buke: &lt;52 dB<\/div>\n<div>Monta\u017ea: Nazidna<\/div>\n<div>Materijal: ku\u0107i\u0161ta Plastika<\/div>\n<div>Boja ku\u0107i\u0161ta: Bela<\/div>\n<div>IP za\u0161tita: IPX2 (za\u0161tita od kapi vode pod uglom od 15\u00b0 u odnosu na normalan polo\u017eaj)<\/div>\n<div>Za\u0161tita od pregrevanja: Da<\/div>\n<div>Za\u0161tita kod prevrtanja: Ne<\/div>\n<div>Termostat: Da<\/div>\n<div>Podesiva snaga: Da<\/div>\n<div>Tajmer: Ne<\/div>\n<div>Daljinski upravlja\u010d: Ne<\/div>\n<div>Masa: 1.7 kg<\/div>\n<div>Dimenzije: 265x285x164 mm<\/div>\n<\/td>\n<\/tr>\n<tr>\n<td class=\"st\">Zakonska saobraznost<\/td>\n<td class=\"sc\">25 meseci<\/td>\n<\/tr>\n<\/tbody>\n<\/table>\n<p><img fetchpriority=\"high\" decoding=\"async\" class=\"\" src=\"https:\/\/www.bigbang.rs\/upload\/b\/110890-prosto-grejalica-za-kupatilo-2000w-fh-200ip3.jpg\" alt=\"Image 1 of 3\" width=\"579\" height=\"434\" \/><\/p>\n","protected":false},"excerpt":{"rendered":"<p>Grejalica za kupatilo 2000W FH-200IP3 Prosto &#8211; grejalica sa ventilatorom.<\/p>\n<p>Termostat i podesiva snaga omogu\u0107avaju pode\u0161avanje i odr\u017eavanje optimalne temperature.<\/p>\n<div>Mogu\u0107a upotreba u kupatilu.\n<\/div>\n<div>Masivno plasti\u010dno ku\u0107i\u0161te.<\/div>\n","protected":false},"featured_media":11291,"comment_status":"open","ping_status":"closed","template":"","meta":{"inline_featured_image":false},"product_brand":[],"product_cat":[312],"product_tag":[],"class_list":{"0":"post-11290","1":"product","2":"type-product","3":"status-publish","4":"has-post-thumbnail","6":"product_cat-grejalice","8":"first","9":"instock","10":"sale","11":"shipping-taxable","12":"purchasable","13":"product-type-simple"},"_links":{"self":[{"href":"https:\/\/tehnikabacko.rs\/index.php\/wp-json\/wp\/v2\/product\/11290","targetHints":{"allow":["GET"]}}],"collection":[{"href":"https:\/\/tehnikabacko.rs\/index.php\/wp-json\/wp\/v2\/product"}],"about":[{"href":"https:\/\/tehnikabacko.rs\/index.php\/wp-json\/wp\/v2\/types\/product"}],"replies":[{"embeddable":true,"href":"https:\/\/tehnikabacko.rs\/index.php\/wp-json\/wp\/v2\/comments?post=11290"}],"wp:featuredmedia":[{"embeddable":true,"href":"https:\/\/tehnikabacko.rs\/index.php\/wp-json\/wp\/v2\/media\/11291"}],"wp:attachment":[{"href":"https:\/\/tehnikabacko.rs\/index.php\/wp-json\/wp\/v2\/media?parent=11290"}],"wp:term":[{"taxonomy":"product_brand","embeddable":true,"href":"https:\/\/tehnikabacko.rs\/index.php\/wp-json\/wp\/v2\/product_brand?post=11290"},{"taxonomy":"product_cat","embeddable":true,"href":"https:\/\/tehnikabacko.rs\/index.php\/wp-json\/wp\/v2\/product_cat?post=11290"},{"taxonomy":"product_tag","embeddable":true,"href":"https:\/\/tehnikabacko.rs\/index.php\/wp-json\/wp\/v2\/product_tag?post=11290"}],"curies":[{"name":"wp","href":"https:\/\/api.w.org\/{rel}","templated":true}]}}