{"id":11284,"date":"2025-10-06T11:14:10","date_gmt":"2025-10-06T11:14:10","guid":{"rendered":"https:\/\/tehnikabacko.rs\/?post_type=product&#038;p=11284"},"modified":"2025-10-06T11:14:10","modified_gmt":"2025-10-06T11:14:10","slug":"fox-mc1503-elektricna-grejalica","status":"publish","type":"product","link":"https:\/\/tehnikabacko.rs\/index.php\/product\/fox-mc1503-elektricna-grejalica\/","title":{"rendered":"FOX MC1503-elektricna grejalica"},"content":{"rendered":"<table class=\"product-full-desc-table\">\n<tbody>\n<tr>\n<td class=\"feature-title\" colspan=\"2\">OX grejalica MC1503<\/td>\n<\/tr>\n<tr>\n<td class=\"feature-title\" colspan=\"2\">Elektri\u010dna grejalica<\/td>\n<\/tr>\n<tr>\n<td class=\"feature\">Tehnologija grejanja<\/td>\n<td>MICA<\/td>\n<\/tr>\n<tr>\n<td class=\"feature\">Snaga<\/td>\n<td>2000 W<\/td>\n<\/tr>\n<tr>\n<td class=\"feature\">Broj re\u017eima rada<\/td>\n<td>2<\/td>\n<\/tr>\n<tr>\n<td class=\"feature-title\" colspan=\"2\">Regulator toplote<\/td>\n<\/tr>\n<tr>\n<td class=\"feature-title\" colspan=\"2\">Za\u0161tita od pregrevanja<\/td>\n<\/tr>\n<tr>\n<td class=\"feature-title\" colspan=\"2\">Indikatorska lampica<\/td>\n<\/tr>\n<tr>\n<td class=\"feature\">Lako prenosiv<\/td>\n<td>poseduje to\u010dki\u0107e i ru\u010dice<\/td>\n<\/tr>\n<tr>\n<td class=\"feature\">Boja<\/td>\n<td>crna<\/td>\n<\/tr>\n<\/tbody>\n<\/table>\n<p><img decoding=\"async\" src=\"https:\/\/www.tehnomedia.rs\/image\/110429.jpg?tip=webp&amp;tip_slike=1\" alt=\"FOX MC1503\" \/><\/p>\n","protected":false},"excerpt":{"rendered":"<dl>\n<dd><a class=\"product-brand link-underlined\" href=\"https:\/\/www.tehnomedia.rs\/brands\/fox.html?id=\">FOX<\/a><\/dd>\n<dt>Snaga<\/dt>\n<dd>2000 W<\/dd>\n<dt>Vrsta monta\u017ee<\/dt>\n<dd>podna<\/dd>\n<dt>Za\u0161tita od pregrevanja<\/dt>\n<dd>da<\/dd>\n<dt>Boja<\/dt>\n<dd>crna<\/dd>\n<\/dl>\n","protected":false},"featured_media":11285,"comment_status":"open","ping_status":"closed","template":"","meta":{"inline_featured_image":false},"product_brand":[],"product_cat":[312],"product_tag":[],"class_list":{"0":"post-11284","1":"product","2":"type-product","3":"status-publish","4":"has-post-thumbnail","6":"product_cat-grejalice","8":"first","9":"instock","10":"sale","11":"shipping-taxable","12":"purchasable","13":"product-type-simple"},"_links":{"self":[{"href":"https:\/\/tehnikabacko.rs\/index.php\/wp-json\/wp\/v2\/product\/11284","targetHints":{"allow":["GET"]}}],"collection":[{"href":"https:\/\/tehnikabacko.rs\/index.php\/wp-json\/wp\/v2\/product"}],"about":[{"href":"https:\/\/tehnikabacko.rs\/index.php\/wp-json\/wp\/v2\/types\/product"}],"replies":[{"embeddable":true,"href":"https:\/\/tehnikabacko.rs\/index.php\/wp-json\/wp\/v2\/comments?post=11284"}],"wp:featuredmedia":[{"embeddable":true,"href":"https:\/\/tehnikabacko.rs\/index.php\/wp-json\/wp\/v2\/media\/11285"}],"wp:attachment":[{"href":"https:\/\/tehnikabacko.rs\/index.php\/wp-json\/wp\/v2\/media?parent=11284"}],"wp:term":[{"taxonomy":"product_brand","embeddable":true,"href":"https:\/\/tehnikabacko.rs\/index.php\/wp-json\/wp\/v2\/product_brand?post=11284"},{"taxonomy":"product_cat","embeddable":true,"href":"https:\/\/tehnikabacko.rs\/index.php\/wp-json\/wp\/v2\/product_cat?post=11284"},{"taxonomy":"product_tag","embeddable":true,"href":"https:\/\/tehnikabacko.rs\/index.php\/wp-json\/wp\/v2\/product_tag?post=11284"}],"curies":[{"name":"wp","href":"https:\/\/api.w.org\/{rel}","templated":true}]}}