{"id":11282,"date":"2025-10-06T11:03:33","date_gmt":"2025-10-06T11:03:33","guid":{"rendered":"https:\/\/tehnikabacko.rs\/?post_type=product&#038;p=11282"},"modified":"2025-10-06T11:03:33","modified_gmt":"2025-10-06T11:03:33","slug":"home-uljni-radijator-fkos-9-m-1500-w-2000-w","status":"publish","type":"product","link":"https:\/\/tehnikabacko.rs\/index.php\/product\/home-uljni-radijator-fkos-9-m-1500-w-2000-w\/","title":{"rendered":"Home uljni radijator FKOS 9 M 1500 W\/2000 W"},"content":{"rendered":"<p>Uljni radijator sa 9 rebara Home FKOS9M namenjen je za zagrevanje vazduha zatvorenih prostorija. Dimenzije radijatora su 600x450x240 mm. Termostat i podesiva snaga omogu\u0107avaju po<img decoding=\"async\" src=\"https:\/\/www.pametno.rs\/slike\/products\/48\/83\/61738348\/grijalice-i-radijatori-home-uljni-fkos-9-m-1500-w-2000-w_70584060.jpeg\" alt=\"Home uljni radijator FKOS 9 M 1500 W\/2000 W\" \/>de\u0161avanje i odr\u017eavanje optimalne temperature.<\/p>\n","protected":false},"excerpt":{"rendered":"<p>Uljni radijator sa 9 rebara Home FKOS9M namenjen je za zagrevanje vazduha zatvorenih prostorija. Dimenzije radijatora su 600x450x240 mm. Termostat i podesiva snaga omogu\u0107avaju pode\u0161avanje i odr\u017eavanje optimalne temperature.<\/p>\n","protected":false},"featured_media":11283,"comment_status":"open","ping_status":"closed","template":"","meta":{"inline_featured_image":false},"product_brand":[],"product_cat":[390,361],"product_tag":[],"class_list":{"0":"post-11282","1":"product","2":"type-product","3":"status-publish","4":"has-post-thumbnail","6":"product_cat-kanalizacija","7":"product_cat-radijatori","9":"first","10":"instock","11":"sale","12":"shipping-taxable","13":"purchasable","14":"product-type-simple"},"_links":{"self":[{"href":"https:\/\/tehnikabacko.rs\/index.php\/wp-json\/wp\/v2\/product\/11282","targetHints":{"allow":["GET"]}}],"collection":[{"href":"https:\/\/tehnikabacko.rs\/index.php\/wp-json\/wp\/v2\/product"}],"about":[{"href":"https:\/\/tehnikabacko.rs\/index.php\/wp-json\/wp\/v2\/types\/product"}],"replies":[{"embeddable":true,"href":"https:\/\/tehnikabacko.rs\/index.php\/wp-json\/wp\/v2\/comments?post=11282"}],"wp:featuredmedia":[{"embeddable":true,"href":"https:\/\/tehnikabacko.rs\/index.php\/wp-json\/wp\/v2\/media\/11283"}],"wp:attachment":[{"href":"https:\/\/tehnikabacko.rs\/index.php\/wp-json\/wp\/v2\/media?parent=11282"}],"wp:term":[{"taxonomy":"product_brand","embeddable":true,"href":"https:\/\/tehnikabacko.rs\/index.php\/wp-json\/wp\/v2\/product_brand?post=11282"},{"taxonomy":"product_cat","embeddable":true,"href":"https:\/\/tehnikabacko.rs\/index.php\/wp-json\/wp\/v2\/product_cat?post=11282"},{"taxonomy":"product_tag","embeddable":true,"href":"https:\/\/tehnikabacko.rs\/index.php\/wp-json\/wp\/v2\/product_tag?post=11282"}],"curies":[{"name":"wp","href":"https:\/\/api.w.org\/{rel}","templated":true}]}}