{"id":11280,"date":"2025-10-06T10:46:35","date_gmt":"2025-10-06T10:46:35","guid":{"rendered":"https:\/\/tehnikabacko.rs\/?post_type=product&#038;p=11280"},"modified":"2025-10-06T10:46:35","modified_gmt":"2025-10-06T10:46:35","slug":"prosto-konvektorska-grejalica-2500w","status":"publish","type":"product","link":"https:\/\/tehnikabacko.rs\/index.php\/product\/prosto-konvektorska-grejalica-2500w\/","title":{"rendered":"PROSTO konvektorska grejalica 2500W"},"content":{"rendered":"<table style=\"height: 861px\" width=\"519\">\n<tbody>\n<tr>\n<td class=\"product-texh-info-td-label\">Brend<\/td>\n<td class=\"product-texh-info-td-text\">PROSTO<\/td>\n<\/tr>\n<tr>\n<td class=\"product-texh-info-td-label\">Tip<\/td>\n<td class=\"product-texh-info-td-text\">Konvektorska grejalica<\/td>\n<\/tr>\n<tr>\n<td class=\"product-texh-info-td-label\">Napajanje<\/td>\n<td class=\"product-texh-info-td-text\">220-240 V~ \/ 50-60 Hz<\/td>\n<\/tr>\n<tr>\n<td class=\"product-texh-info-td-label\">Snaga<\/td>\n<td class=\"product-texh-info-td-text\">1250 W \/ 2500 W<\/td>\n<\/tr>\n<tr>\n<td class=\"product-texh-info-td-label\">Monta\u017ea<\/td>\n<td class=\"product-texh-info-td-text\">Nazidna, samostoje\u0107a<\/td>\n<\/tr>\n<tr>\n<td class=\"product-texh-info-td-label\">Du\u017eina kabela<\/td>\n<td class=\"product-texh-info-td-text\">1.6 m<\/td>\n<\/tr>\n<tr>\n<td class=\"product-texh-info-td-label\">Materijal ku\u0107i\u0161ta<\/td>\n<td class=\"product-texh-info-td-text\">Metal<\/td>\n<\/tr>\n<tr>\n<td class=\"product-texh-info-td-label\">Boja ku\u0107i\u0161ta<\/td>\n<td class=\"product-texh-info-td-text\">Bela<\/td>\n<\/tr>\n<tr>\n<td class=\"product-texh-info-td-label\">IP za\u0161tita<\/td>\n<td class=\"product-texh-info-td-text\">IPX0<\/td>\n<\/tr>\n<tr>\n<td class=\"product-texh-info-td-label\">Za\u0161tita od pregrevanja<\/td>\n<td class=\"product-texh-info-td-text\">Da<\/td>\n<\/tr>\n<tr>\n<td class=\"product-texh-info-td-label\">Za\u0161tita kod prevrtanja<\/td>\n<td class=\"product-texh-info-td-text\">Da<\/td>\n<\/tr>\n<tr>\n<td class=\"product-texh-info-td-label\">Termostat<\/td>\n<td class=\"product-texh-info-td-text\">Da<\/td>\n<\/tr>\n<tr>\n<td class=\"product-texh-info-td-label\">Tip greja\u010da<\/td>\n<td class=\"product-texh-info-td-text\">\u017di\u010dni<\/td>\n<\/tr>\n<tr>\n<td class=\"product-texh-info-td-label\">Podesiva snaga<\/td>\n<td class=\"product-texh-info-td-text\">Da<\/td>\n<\/tr>\n<tr>\n<td class=\"product-texh-info-td-label\">Tajmer<\/td>\n<td class=\"product-texh-info-td-text\">Ne<\/td>\n<\/tr>\n<tr>\n<td class=\"product-texh-info-td-label\">Daljinski upravlja\u010d<\/td>\n<td class=\"product-texh-info-td-text\">Ne<\/td>\n<\/tr>\n<tr>\n<td class=\"product-texh-info-td-label\">Masa<\/td>\n<td class=\"product-texh-info-td-text\">5.8 kg<\/td>\n<\/tr>\n<tr>\n<td class=\"product-texh-info-td-label\">Dimenzije<\/td>\n<td class=\"product-texh-info-td-text\">890x260x490 mm (sa to\u010dki\u0107ima); 890x70x400 mm (bez to\u010dki\u0107a)<\/td>\n<\/tr>\n<\/tbody>\n<\/table>\n<p><img fetchpriority=\"high\" decoding=\"async\" class=\"\" src=\"https:\/\/www.elementa.rs\/images\/products\/65872\/original\/1.jpg\" alt=\"Image 1 of 4\" width=\"458\" height=\"458\" \/><\/p>\n","protected":false},"excerpt":{"rendered":"<p>PROSTO konvektorska grejalica visoke toplotne efikasnosti i modernog dizajna<\/p>\n<p>Termostat i podesiva snaga omogu\u0107avaju pode\u0161avanje i odr\u017eavanje optimalne temperature<\/p>\n<p>Mo\u017ee da se postavi na zid ili koristi kao samostoje\u0107a grejalica<\/p>\n<div id=\"more-content\" class=\"show\">\n<p>Be\u0161uman rad, bez ugra\u0111enog ventilatora i podizanja pra\u0161ine<\/p>\n<p>Ugra\u0111ena za\u0161tita od pregrevanja osigurava bezbednije kori\u0161tenje<\/p>\n<\/div>\n","protected":false},"featured_media":11281,"comment_status":"open","ping_status":"closed","template":"","meta":{"inline_featured_image":false},"product_brand":[],"product_cat":[312],"product_tag":[],"class_list":{"0":"post-11280","1":"product","2":"type-product","3":"status-publish","4":"has-post-thumbnail","6":"product_cat-grejalice","8":"first","9":"instock","10":"sale","11":"shipping-taxable","12":"purchasable","13":"product-type-simple"},"_links":{"self":[{"href":"https:\/\/tehnikabacko.rs\/index.php\/wp-json\/wp\/v2\/product\/11280","targetHints":{"allow":["GET"]}}],"collection":[{"href":"https:\/\/tehnikabacko.rs\/index.php\/wp-json\/wp\/v2\/product"}],"about":[{"href":"https:\/\/tehnikabacko.rs\/index.php\/wp-json\/wp\/v2\/types\/product"}],"replies":[{"embeddable":true,"href":"https:\/\/tehnikabacko.rs\/index.php\/wp-json\/wp\/v2\/comments?post=11280"}],"wp:featuredmedia":[{"embeddable":true,"href":"https:\/\/tehnikabacko.rs\/index.php\/wp-json\/wp\/v2\/media\/11281"}],"wp:attachment":[{"href":"https:\/\/tehnikabacko.rs\/index.php\/wp-json\/wp\/v2\/media?parent=11280"}],"wp:term":[{"taxonomy":"product_brand","embeddable":true,"href":"https:\/\/tehnikabacko.rs\/index.php\/wp-json\/wp\/v2\/product_brand?post=11280"},{"taxonomy":"product_cat","embeddable":true,"href":"https:\/\/tehnikabacko.rs\/index.php\/wp-json\/wp\/v2\/product_cat?post=11280"},{"taxonomy":"product_tag","embeddable":true,"href":"https:\/\/tehnikabacko.rs\/index.php\/wp-json\/wp\/v2\/product_tag?post=11280"}],"curies":[{"name":"wp","href":"https:\/\/api.w.org\/{rel}","templated":true}]}}