{"id":11265,"date":"2025-09-23T10:48:33","date_gmt":"2025-09-23T10:48:33","guid":{"rendered":"https:\/\/tehnikabacko.rs\/?post_type=product&#038;p=11265"},"modified":"2025-09-23T10:48:33","modified_gmt":"2025-09-23T10:48:33","slug":"frezer-za-drvo-kzubr-ker-2100","status":"publish","type":"product","link":"https:\/\/tehnikabacko.rs\/index.php\/product\/frezer-za-drvo-kzubr-ker-2100\/","title":{"rendered":"Frezer za drvo Kzubr KER-2100"},"content":{"rendered":"<p>Tehni\u010dke karakteristike:<\/p>\n<ul>\n<li data-start=\"64\" data-end=\"101\">Napon: 220-230V<\/li>\n<li data-start=\"102\" data-end=\"140\">Frekvencija: 50\/60Hz<\/li>\n<li data-start=\"141\" data-end=\"180\">Ulazna snaga: 2100W<\/li>\n<li data-start=\"181\" data-end=\"251\">Pre\u010dnik stezne glave: 6mm \/ 8mm \/ 12mm \/ 12.7mm<\/li>\n<li data-start=\"252\" data-end=\"327\">Brzina na prazno: 9000-22000 obrtaja u minuti (r\/min)<\/li>\n<li data-start=\"252\" data-end=\"327\">Te\u017eina: 7 kg<\/li>\n<\/ul>\n<p><img fetchpriority=\"high\" decoding=\"async\" class=\"\" src=\"https:\/\/metalbagatela.rs\/wp-content\/uploads\/2025\/02\/KER-2100-4-scaled.jpg\" width=\"712\" height=\"475\" \/><\/p>\n","protected":false},"excerpt":{"rendered":"<p data-start=\"329\" data-end=\"715\">Frezer za drvo KER-2100 je izuzetno sna\u017ean alat sa snagom od 2100W, namenjen za profesionalnu obrada drvenih povr\u0161ina. Sa \u0161irokim spektrom brzina od 9000 do 22000 obrtaja u minuti, ovaj frezer omogu\u0107ava korisnicima da prilagode brzinu prema vrsti materijala i slo\u017eenosti zadatka, \u0161to je idealno za precizno i efikasno profilisanje, graviranje, rezanje utora i dr.<\/p>\n<p data-start=\"717\" data-end=\"1091\">Kao dodatak, frezer KER-2100 ima steznu glavu koja podr\u017eava razli\u010dite pre\u010dnike (6mm, 8mm, 12mm, 12.7mm), \u0161to omogu\u0107ava upotrebu raznih vrsta alata i nastavaka za razli\u010dite zadatke, \u010dine\u0107i ga izuzetno svestranim alatom. Ovaj frezer je idealan za rad u stolarskim radionicama, kao i za izvo\u0111enje detaljnih poslova na drvetu, poput ukra\u0161avanja, oblikovanja ili dubokog se\u010denja.<\/p>\n<p data-start=\"1093\" data-end=\"1373\" data-is-last-node=\"\" data-is-only-node=\"\">Zahvaljuju\u0107i velikoj snazi i podesivim brzinama, KER-2100 omogu\u0107ava brzo i precizno izvr\u0161avanje i zahtevnih poslova, \u010dine\u0107i ga idealnim za profesionalce i hobiste koji se bave obradom drvenih materijala. Ergonomski dizajn i dugotrajna izdr\u017eljivost garantuju efikasan i udoban rad.<\/p>\n","protected":false},"featured_media":11266,"comment_status":"open","ping_status":"closed","template":"","meta":{"inline_featured_image":false},"product_brand":[],"product_cat":[281],"product_tag":[],"class_list":{"0":"post-11265","1":"product","2":"type-product","3":"status-publish","4":"has-post-thumbnail","6":"product_cat-glodalice-za-drvo","8":"first","9":"instock","10":"sale","11":"shipping-taxable","12":"purchasable","13":"product-type-simple"},"_links":{"self":[{"href":"https:\/\/tehnikabacko.rs\/index.php\/wp-json\/wp\/v2\/product\/11265","targetHints":{"allow":["GET"]}}],"collection":[{"href":"https:\/\/tehnikabacko.rs\/index.php\/wp-json\/wp\/v2\/product"}],"about":[{"href":"https:\/\/tehnikabacko.rs\/index.php\/wp-json\/wp\/v2\/types\/product"}],"replies":[{"embeddable":true,"href":"https:\/\/tehnikabacko.rs\/index.php\/wp-json\/wp\/v2\/comments?post=11265"}],"wp:featuredmedia":[{"embeddable":true,"href":"https:\/\/tehnikabacko.rs\/index.php\/wp-json\/wp\/v2\/media\/11266"}],"wp:attachment":[{"href":"https:\/\/tehnikabacko.rs\/index.php\/wp-json\/wp\/v2\/media?parent=11265"}],"wp:term":[{"taxonomy":"product_brand","embeddable":true,"href":"https:\/\/tehnikabacko.rs\/index.php\/wp-json\/wp\/v2\/product_brand?post=11265"},{"taxonomy":"product_cat","embeddable":true,"href":"https:\/\/tehnikabacko.rs\/index.php\/wp-json\/wp\/v2\/product_cat?post=11265"},{"taxonomy":"product_tag","embeddable":true,"href":"https:\/\/tehnikabacko.rs\/index.php\/wp-json\/wp\/v2\/product_tag?post=11265"}],"curies":[{"name":"wp","href":"https:\/\/api.w.org\/{rel}","templated":true}]}}