{"id":11249,"date":"2025-09-12T12:04:10","date_gmt":"2025-09-12T12:04:10","guid":{"rendered":"https:\/\/tehnikabacko.rs\/?post_type=product&#038;p=11249"},"modified":"2025-09-12T12:20:19","modified_gmt":"2025-09-12T12:20:19","slug":"11249","status":"publish","type":"product","link":"https:\/\/tehnikabacko.rs\/index.php\/product\/11249\/","title":{"rendered":"Dizel grejalica AGM ADH 20"},"content":{"rendered":"<table class=\"table product-attrbite-table\">\n<thead>\n<tr>\n<th>Karakteristika<\/th>\n<th>Vrednost<\/th>\n<\/tr>\n<\/thead>\n<tbody>\n<tr>\n<td>Kategorija<\/td>\n<td><a title=\"Gasni greja\u010di\" href=\"https:\/\/b2b.agromarket.rs\/gasni-grejaci\">Gasni greja\u010di<\/a><\/td>\n<\/tr>\n<tr class=\"attr-table-product-weight\">\n<td>Te\u017eina pakovanja<\/td>\n<td>14.38 kg<\/td>\n<\/tr>\n<tr class=\"attr-brend\">\n<td>Brend<\/td>\n<td><a title=\"Agm\" href=\"https:\/\/b2b.agromarket.rs\/proizvodi\/brend-agm\">Agm<\/a><\/td>\n<\/tr>\n<tr class=\"attr-napon\">\n<td>Napon<\/td>\n<td>230 V ~ 50 Hz<\/td>\n<\/tr>\n<\/tbody>\n<\/table>\n<p>&#8211; Izlazna snaga: 20 kW<br \/>\n&#8211; Vrsta goriva: kerozin\/dizel<br \/>\n&#8211; Potro\u0161nja gasa: 1.9 l\/h<br \/>\n&#8211; Protok vazduha: 588 m\u00b3\/h<br \/>\n&#8211; Grejna povr\u0161ina: 166 m\u00b2<br \/>\n&#8211; Maksimalna izlazna temperatura vazduha: 390 \u02daC<\/p>\n<p>Proizvo\u0111a\u010d: AGM<br \/>\nZemlja porekla: Kina<br \/>\nUvoznik i distributer: Agromarket doo<\/p>\n<p><img fetchpriority=\"high\" decoding=\"async\" class=\"\" src=\"https:\/\/b2b.agromarket.rs\/files\/watermark\/files\/images\/slike_proizvoda\/thumbs_w\/072298_w_800_800px.jpg\" alt=\"Dizel grejalica AGM ADH 20 \" width=\"563\" height=\"563\" \/><\/p>\n","protected":false},"excerpt":{"rendered":"<p>Sa impozantnih 20 kW izlazne snage, dizel greja\u010d AGM ADH 20 je sposoban da zagreje povr\u0161inu do 166 m\u00b2, \u0161to ga \u010dini izvrsnim izborom za grejanje ve\u0107ih prostora. AGM ADH 20 mo\u017ee obezbediti toplinu \u010dak i u najhladnijim uslovima jer ima protok vazduha od 588 m\u00b3\/h i maksimalnu izlaznu temperatura vazduha od 390\u02daC.<br \/>\nKoristi propan-butan gas, obezbe\u0111uju\u0107i ekonomi\u010dno grejanje sa potro\u0161njom od samo 1.9 l\/h.<\/p>\n","protected":false},"featured_media":11250,"comment_status":"open","ping_status":"closed","template":"","meta":{"inline_featured_image":false},"product_brand":[],"product_cat":[312,285],"product_tag":[],"class_list":{"0":"post-11249","1":"product","2":"type-product","3":"status-publish","4":"has-post-thumbnail","6":"product_cat-grejalice","7":"product_cat-topovi-za-grejanje","9":"first","10":"instock","11":"sale","12":"shipping-taxable","13":"purchasable","14":"product-type-simple"},"_links":{"self":[{"href":"https:\/\/tehnikabacko.rs\/index.php\/wp-json\/wp\/v2\/product\/11249","targetHints":{"allow":["GET"]}}],"collection":[{"href":"https:\/\/tehnikabacko.rs\/index.php\/wp-json\/wp\/v2\/product"}],"about":[{"href":"https:\/\/tehnikabacko.rs\/index.php\/wp-json\/wp\/v2\/types\/product"}],"replies":[{"embeddable":true,"href":"https:\/\/tehnikabacko.rs\/index.php\/wp-json\/wp\/v2\/comments?post=11249"}],"wp:featuredmedia":[{"embeddable":true,"href":"https:\/\/tehnikabacko.rs\/index.php\/wp-json\/wp\/v2\/media\/11250"}],"wp:attachment":[{"href":"https:\/\/tehnikabacko.rs\/index.php\/wp-json\/wp\/v2\/media?parent=11249"}],"wp:term":[{"taxonomy":"product_brand","embeddable":true,"href":"https:\/\/tehnikabacko.rs\/index.php\/wp-json\/wp\/v2\/product_brand?post=11249"},{"taxonomy":"product_cat","embeddable":true,"href":"https:\/\/tehnikabacko.rs\/index.php\/wp-json\/wp\/v2\/product_cat?post=11249"},{"taxonomy":"product_tag","embeddable":true,"href":"https:\/\/tehnikabacko.rs\/index.php\/wp-json\/wp\/v2\/product_tag?post=11249"}],"curies":[{"name":"wp","href":"https:\/\/api.w.org\/{rel}","templated":true}]}}