{"id":11247,"date":"2025-09-12T11:55:40","date_gmt":"2025-09-12T11:55:40","guid":{"rendered":"https:\/\/tehnikabacko.rs\/?post_type=product&#038;p=11247"},"modified":"2025-09-12T11:55:40","modified_gmt":"2025-09-12T11:55:40","slug":"dewalt-40cm-ventilator-dxf1645a","status":"publish","type":"product","link":"https:\/\/tehnikabacko.rs\/index.php\/product\/dewalt-40cm-ventilator-dxf1645a\/","title":{"rendered":"DeWalt 40cm ventilator &#8211; DXF1645A"},"content":{"rendered":"<table class=\"table product-attrbite-table\">\n<thead>\n<tr>\n<th>Karakteristika<\/th>\n<th>Vrednost<\/th>\n<\/tr>\n<\/thead>\n<tbody>\n<tr>\n<td>Kategorija<\/td>\n<td><a title=\"Industrijski ventilatori\" href=\"https:\/\/b2b.agromarket.rs\/industrijski-ventilatori\">Industrijski ventilatori<\/a><\/td>\n<\/tr>\n<tr class=\"attr-table-product-weight\">\n<td>Te\u017eina pakovanja<\/td>\n<td>8.55 kg<\/td>\n<\/tr>\n<tr class=\"attr-brend\">\n<td>Brend<\/td>\n<td><a title=\"DeWalt\" href=\"https:\/\/b2b.agromarket.rs\/proizvodi\/brend-dewalt\">DeWalt<\/a><\/td>\n<\/tr>\n<tr class=\"attr-prikljucna-snaga\">\n<td>Priklju\u010dna snaga<\/td>\n<td>110 W<\/td>\n<\/tr>\n<\/tbody>\n<\/table>\n<p>Proizvo\u0111a\u010d: DeWalt<br \/>\nZemlja porekla: Amerika<br \/>\nUvoznik i distributer: Agromarket doo<\/p>\n<p><img fetchpriority=\"high\" decoding=\"async\" class=\"\" src=\"https:\/\/b2b.agromarket.rs\/files\/watermark\/files\/images\/slike_proizvoda\/thumbs_w\/087180_1_w_800_800px.jpg\" alt=\"DeWalt 40cm ventilator - DXF1645A \" width=\"502\" height=\"502\" \/><\/p>\n","protected":false},"excerpt":{"rendered":"<p>Ventilator DeWalt DXF1645A (40 cm) sna\u017ean je i izdr\u017eljiv ure\u0111aj namenjen za hla\u0111enje ve\u0107ih prostora. Sa robusnom konstrukcijom, podesivim uglom i sna\u017enim protokom vazduha, obezbe\u0111uje pouzdanu ventilaciju u radionici, gara\u017ei ili na gradili\u0161tu.<\/p>\n","protected":false},"featured_media":11248,"comment_status":"open","ping_status":"closed","template":"","meta":{"inline_featured_image":false},"product_brand":[],"product_cat":[349],"product_tag":[],"class_list":{"0":"post-11247","1":"product","2":"type-product","3":"status-publish","4":"has-post-thumbnail","6":"product_cat-ventilator","8":"first","9":"instock","10":"sale","11":"shipping-taxable","12":"purchasable","13":"product-type-simple"},"_links":{"self":[{"href":"https:\/\/tehnikabacko.rs\/index.php\/wp-json\/wp\/v2\/product\/11247","targetHints":{"allow":["GET"]}}],"collection":[{"href":"https:\/\/tehnikabacko.rs\/index.php\/wp-json\/wp\/v2\/product"}],"about":[{"href":"https:\/\/tehnikabacko.rs\/index.php\/wp-json\/wp\/v2\/types\/product"}],"replies":[{"embeddable":true,"href":"https:\/\/tehnikabacko.rs\/index.php\/wp-json\/wp\/v2\/comments?post=11247"}],"wp:featuredmedia":[{"embeddable":true,"href":"https:\/\/tehnikabacko.rs\/index.php\/wp-json\/wp\/v2\/media\/11248"}],"wp:attachment":[{"href":"https:\/\/tehnikabacko.rs\/index.php\/wp-json\/wp\/v2\/media?parent=11247"}],"wp:term":[{"taxonomy":"product_brand","embeddable":true,"href":"https:\/\/tehnikabacko.rs\/index.php\/wp-json\/wp\/v2\/product_brand?post=11247"},{"taxonomy":"product_cat","embeddable":true,"href":"https:\/\/tehnikabacko.rs\/index.php\/wp-json\/wp\/v2\/product_cat?post=11247"},{"taxonomy":"product_tag","embeddable":true,"href":"https:\/\/tehnikabacko.rs\/index.php\/wp-json\/wp\/v2\/product_tag?post=11247"}],"curies":[{"name":"wp","href":"https:\/\/api.w.org\/{rel}","templated":true}]}}