{"id":11243,"date":"2025-09-12T11:34:48","date_gmt":"2025-09-12T11:34:48","guid":{"rendered":"https:\/\/tehnikabacko.rs\/?post_type=product&#038;p=11243"},"modified":"2025-09-12T11:48:56","modified_gmt":"2025-09-12T11:48:56","slug":"agregat-agm-agp-2300s","status":"publish","type":"product","link":"https:\/\/tehnikabacko.rs\/index.php\/product\/agregat-agm-agp-2300s\/","title":{"rendered":"Agregat AGM AGP 2300S"},"content":{"rendered":"<table class=\"table product-attrbite-table\">\n<thead>\n<tr>\n<th>Karakteristika<\/th>\n<th>Vrednost<\/th>\n<\/tr>\n<\/thead>\n<tbody>\n<tr>\n<td>Kategorija<\/td>\n<td><a title=\"Agregati\" href=\"https:\/\/b2b.agromarket.rs\/agregati\">Agregati<\/a><\/td>\n<\/tr>\n<tr class=\"attr-table-product-weight\">\n<td>Te\u017eina pakovanja<\/td>\n<td>35.04 kg<\/td>\n<\/tr>\n<tr class=\"attr-brend\">\n<td>Brend<\/td>\n<td><a title=\"Agm\" href=\"https:\/\/b2b.agromarket.rs\/proizvodi\/brend-agm\">Agm<\/a><\/td>\n<\/tr>\n<tr class=\"attr-snaga-motora\">\n<td>Snaga motora<\/td>\n<td>4.8 kW<\/td>\n<\/tr>\n<tr class=\"attr-broj-obrtaja\">\n<td>Broj obrtaja<\/td>\n<td>3600 rpm<\/td>\n<\/tr>\n<tr class=\"attr-zapremina-motora\">\n<td>Zapremina motora<\/td>\n<td>196 cm\u00b3<\/td>\n<\/tr>\n<tr class=\"attr-rezervoar-ulja\">\n<td>Rezervoar ulja<\/td>\n<td>0.6 l<\/td>\n<\/tr>\n<tr class=\"attr-rezervoar-goriva\">\n<td>Rezervoar goriva<\/td>\n<td>15 l<\/td>\n<\/tr>\n<tr class=\"attr-maksimalna-snaga\">\n<td>Maksimalna snaga<\/td>\n<td>2.2 kW<\/td>\n<\/tr>\n<tr class=\"attr-nominalna-snaga\">\n<td>Nominalna snaga<\/td>\n<td>2 kW<\/td>\n<\/tr>\n<tr class=\"attr-nominalni-napon\">\n<td>Nominalni napon<\/td>\n<td>230 V \/ 50 Hz<\/td>\n<\/tr>\n<tr class=\"attr-tip-startera\">\n<td>Tip startera<\/td>\n<td>Potezni<\/td>\n<\/tr>\n<\/tbody>\n<\/table>\n<p>Proizvo\u0111a\u010d: AGM<br \/>\nZemlja porekla: Kina<br \/>\nUvoznik i distributer: Agromarket doo<\/p>\n<p><img fetchpriority=\"high\" decoding=\"async\" class=\"\" src=\"https:\/\/b2b.agromarket.rs\/files\/watermark\/files\/images\/slike_proizvoda\/thumbs_w\/062748_w_800_800px.jpg\" alt=\"Agregat AGM AGP 2300S \" width=\"452\" height=\"452\" \/><\/p>\n","protected":false},"excerpt":{"rendered":"<p>AGM Agregat za struju AGP 2300S-4800W, 062748 ima sna\u017ean i kvalitetan \u010detvorotaktni, vazdu\u0161no hla\u0111eni motor. Pogodan je za industrijske (komercijalne) ili ku\u0107ne upotrebe \u0161to ga \u010dini odli\u010dnim izborom i za profesionalce i za hobiste.<\/p>\n","protected":false},"featured_media":11244,"comment_status":"open","ping_status":"closed","template":"","meta":{"inline_featured_image":false},"product_brand":[],"product_cat":[263],"product_tag":[],"class_list":{"0":"post-11243","1":"product","2":"type-product","3":"status-publish","4":"has-post-thumbnail","6":"product_cat-agregati","8":"first","9":"instock","10":"sale","11":"shipping-taxable","12":"purchasable","13":"product-type-simple"},"_links":{"self":[{"href":"https:\/\/tehnikabacko.rs\/index.php\/wp-json\/wp\/v2\/product\/11243","targetHints":{"allow":["GET"]}}],"collection":[{"href":"https:\/\/tehnikabacko.rs\/index.php\/wp-json\/wp\/v2\/product"}],"about":[{"href":"https:\/\/tehnikabacko.rs\/index.php\/wp-json\/wp\/v2\/types\/product"}],"replies":[{"embeddable":true,"href":"https:\/\/tehnikabacko.rs\/index.php\/wp-json\/wp\/v2\/comments?post=11243"}],"wp:featuredmedia":[{"embeddable":true,"href":"https:\/\/tehnikabacko.rs\/index.php\/wp-json\/wp\/v2\/media\/11244"}],"wp:attachment":[{"href":"https:\/\/tehnikabacko.rs\/index.php\/wp-json\/wp\/v2\/media?parent=11243"}],"wp:term":[{"taxonomy":"product_brand","embeddable":true,"href":"https:\/\/tehnikabacko.rs\/index.php\/wp-json\/wp\/v2\/product_brand?post=11243"},{"taxonomy":"product_cat","embeddable":true,"href":"https:\/\/tehnikabacko.rs\/index.php\/wp-json\/wp\/v2\/product_cat?post=11243"},{"taxonomy":"product_tag","embeddable":true,"href":"https:\/\/tehnikabacko.rs\/index.php\/wp-json\/wp\/v2\/product_tag?post=11243"}],"curies":[{"name":"wp","href":"https:\/\/api.w.org\/{rel}","templated":true}]}}