{"id":11240,"date":"2025-09-12T11:06:24","date_gmt":"2025-09-12T11:06:24","guid":{"rendered":"https:\/\/tehnikabacko.rs\/?post_type=product&#038;p=11240"},"modified":"2025-09-12T11:06:25","modified_gmt":"2025-09-12T11:06:25","slug":"elektricna-seckalica-agm-as-2520","status":"publish","type":"product","link":"https:\/\/tehnikabacko.rs\/index.php\/product\/elektricna-seckalica-agm-as-2520\/","title":{"rendered":"Elektri\u010dna seckalica AGM AS 2520"},"content":{"rendered":"<table class=\"table product-attrbite-table\" style=\"height: 515px\" width=\"903\">\n<thead>\n<tr>\n<th>Karakteristika<\/th>\n<th>Vrednost<\/th>\n<\/tr>\n<\/thead>\n<tbody>\n<tr>\n<td>Kategorija<\/td>\n<td><a title=\"Elektri\u010dne seckalice\" href=\"https:\/\/b2b.agromarket.rs\/elektricne-seckalice\">Elektri\u010dne seckalice<\/a><\/td>\n<\/tr>\n<tr class=\"attr-table-product-weight\">\n<td>Te\u017eina pakovanja<\/td>\n<td>11.55 kg<\/td>\n<\/tr>\n<tr class=\"attr-brend\">\n<td>Brend<\/td>\n<td><a title=\"Agm\" href=\"https:\/\/b2b.agromarket.rs\/proizvodi\/brend-agm\">Agm<\/a><\/td>\n<\/tr>\n<tr class=\"attr-tip-elektromotora\">\n<td>Tip elektromotora<\/td>\n<td>Kolektorski<\/td>\n<\/tr>\n<tr class=\"attr-napon\">\n<td>Napon<\/td>\n<td>230 V ~ 50 Hz<\/td>\n<\/tr>\n<tr class=\"attr-prikljucna-snaga\">\n<td>Priklju\u010dna snaga<\/td>\n<td>2500 W<\/td>\n<\/tr>\n<tr class=\"attr-brzina-punjenja\">\n<td>Brzina punjenja<\/td>\n<td>4200 min\u207b\u00b9<\/td>\n<\/tr>\n<tr class=\"attr-kapacitet-centralnog-sekaca\">\n<td>Kapacitet centralnog seka\u010da<\/td>\n<td>45 mm<\/td>\n<\/tr>\n<tr class=\"attr-stepen-zastite\">\n<td>Stepen za\u0161tite<\/td>\n<td>IP X4<\/td>\n<\/tr>\n<tr class=\"attr-zapremina-sakupljaca-seckalice-i-drobilice\">\n<td>Zapremina sakuplja\u010da &#8211; seckalice i drobilice<\/td>\n<td>45 l<\/td>\n<\/tr>\n<\/tbody>\n<\/table>\n<p><img fetchpriority=\"high\" decoding=\"async\" class=\"\" src=\"https:\/\/b2b.agromarket.rs\/files\/watermark\/files\/images\/slike_proizvoda\/thumbs_w\/066394_w_800_800px.jpg\" alt=\"Elektri\u010dna seckalica AGM AS 2520 \" width=\"586\" height=\"586\" \/><\/p>\n","protected":false},"excerpt":{"rendered":"<p>Elektri\u010dna seckalica AGM AS 2520 je pouzdan i sna\u017ean ure\u0111aj namenjen za efikasno usitnjavanje granja, \u017ebunja i vrtnog otpada. Sa sna\u017enim motorom i o\u0161trim se\u010divima, ova seckalica olak\u0161ava odr\u017eavanje dvori\u0161ta i ba\u0161te, pretvaraju\u0107i grane u prakti\u010dan mal\u010d ili materijal za kompostiranje. Kompaktan dizajn i to\u010dkovi omogu\u0107avaju jednostavno pomeranje i skladi\u0161tenje, dok za\u0161titni sistem obezbe\u0111uje siguran rad<\/p>\n","protected":false},"featured_media":11241,"comment_status":"open","ping_status":"closed","template":"","meta":{"inline_featured_image":false},"product_brand":[],"product_cat":[397],"product_tag":[],"class_list":{"0":"post-11240","1":"product","2":"type-product","3":"status-publish","4":"has-post-thumbnail","6":"product_cat-seckalica-za-grane","8":"first","9":"instock","10":"sale","11":"shipping-taxable","12":"purchasable","13":"product-type-simple"},"_links":{"self":[{"href":"https:\/\/tehnikabacko.rs\/index.php\/wp-json\/wp\/v2\/product\/11240","targetHints":{"allow":["GET"]}}],"collection":[{"href":"https:\/\/tehnikabacko.rs\/index.php\/wp-json\/wp\/v2\/product"}],"about":[{"href":"https:\/\/tehnikabacko.rs\/index.php\/wp-json\/wp\/v2\/types\/product"}],"replies":[{"embeddable":true,"href":"https:\/\/tehnikabacko.rs\/index.php\/wp-json\/wp\/v2\/comments?post=11240"}],"wp:featuredmedia":[{"embeddable":true,"href":"https:\/\/tehnikabacko.rs\/index.php\/wp-json\/wp\/v2\/media\/11241"}],"wp:attachment":[{"href":"https:\/\/tehnikabacko.rs\/index.php\/wp-json\/wp\/v2\/media?parent=11240"}],"wp:term":[{"taxonomy":"product_brand","embeddable":true,"href":"https:\/\/tehnikabacko.rs\/index.php\/wp-json\/wp\/v2\/product_brand?post=11240"},{"taxonomy":"product_cat","embeddable":true,"href":"https:\/\/tehnikabacko.rs\/index.php\/wp-json\/wp\/v2\/product_cat?post=11240"},{"taxonomy":"product_tag","embeddable":true,"href":"https:\/\/tehnikabacko.rs\/index.php\/wp-json\/wp\/v2\/product_tag?post=11240"}],"curies":[{"name":"wp","href":"https:\/\/api.w.org\/{rel}","templated":true}]}}