{"id":11229,"date":"2025-09-08T11:04:48","date_gmt":"2025-09-08T11:04:48","guid":{"rendered":"https:\/\/tehnikabacko.rs\/?post_type=product&#038;p=11229"},"modified":"2026-04-06T10:59:08","modified_gmt":"2026-04-06T10:59:08","slug":"yadea-baterijski-skuter-t9-72v-20ah-sivi","status":"publish","type":"product","link":"https:\/\/tehnikabacko.rs\/index.php\/product\/yadea-baterijski-skuter-t9-72v-20ah-sivi\/","title":{"rendered":"YADEA Baterijski skuter T9 72V 20Ah sivi"},"content":{"rendered":"<div class=\"electro-description clearfix\">\n<p><strong>Karakteristike :<\/strong><br \/>\nKategorija : Baterijski skuteri<br \/>\nTe\u017eina pakovanja : 142 kg<br \/>\nTip elektromotora : Brushless hub elektromotor<br \/>\nBrend : Yadea<br \/>\nNapon : 72 V<br \/>\nTip baterije : Grafenska<br \/>\nKapacitet baterije \u2013 el.\/aku. ure\u0111aji : 20 Ah<br \/>\n\u2013 Punja\u010d: 3 A<br \/>\n\u2013 Broj cuklusa punjenja baterije: 800<br \/>\n\u2013 Broj brzina. 2<br \/>\n\u2013 Suspenzija (napred\/nazad): hidrauli\u010dna<br \/>\n\u2013 Ko\u010dnice (napred\/nazad): disk\/dobo\u0161<br \/>\n\u2013 Pneumatici (napred\/nazad). 90\/80-12 tubeless<br \/>\n\u2013 Visina sedi\u0161ta: 82 cm<br \/>\n\u2013 Me\u0111uosovinsko rastojanje: 132.5 cm<br \/>\n\u2013 Klirens: 12 cm<br \/>\n\u2013 Oprema: brzinomer, stra\u017enji nosa\u010d, LED far, LED signalizacija, retrovizori, USB port, prtlja\u017enik ispod sedi\u0161ta, \u0161tender<\/p>\n<p><strong>Deklaracija :<\/strong><br \/>\nProizvo\u0111a\u010d: Yadea<br \/>\nZemlja porekla: Kina<\/p>\n<\/div>\n<div class=\"product_meta\"><span class=\"posted_in\">Kategorija:\u00a0<a href=\"https:\/\/tehnoprometst.rs\/kategorija-proizvoda\/sport\/elektricni-skuteri\/\" rel=\"tag\">Elektri\u010dni skuteri<img decoding=\"async\" src=\"https:\/\/tehnoprometst.rs\/wp-content\/uploads\/2024\/05\/Baterijski-skuter-Yadea-T9-72V-20Ah-sivi.jpg\" \/><\/a><\/span><\/div>\n<div><\/div>\n","protected":false},"excerpt":{"rendered":"<p><strong>Kategorija : Baterijski skuteri<\/strong><br \/>\n<strong>Te\u017eina pakovanja : 142 kg<\/strong><br \/>\n<strong>Tip elektromotora : Brushless hub elektromotor<\/strong><br \/>\n<strong>Brend : Yadea<\/strong><br \/>\n<strong>Napon : 72 V<\/strong><br \/>\n<strong>Tip baterije : Grafenska<\/strong><br \/>\n<strong>Kapacitet baterije \u2013 el.\/aku. ure\u0111aji : 20 Ah<\/strong><\/p>\n","protected":false},"featured_media":11230,"comment_status":"open","ping_status":"closed","template":"","meta":{"inline_featured_image":false},"product_brand":[],"product_cat":[355,354],"product_tag":[],"class_list":{"0":"post-11229","1":"product","2":"type-product","3":"status-publish","4":"has-post-thumbnail","6":"product_cat-elektricni-bicikli","7":"product_cat-skuter","9":"first","10":"instock","11":"sale","12":"shipping-taxable","13":"purchasable","14":"product-type-simple"},"_links":{"self":[{"href":"https:\/\/tehnikabacko.rs\/index.php\/wp-json\/wp\/v2\/product\/11229","targetHints":{"allow":["GET"]}}],"collection":[{"href":"https:\/\/tehnikabacko.rs\/index.php\/wp-json\/wp\/v2\/product"}],"about":[{"href":"https:\/\/tehnikabacko.rs\/index.php\/wp-json\/wp\/v2\/types\/product"}],"replies":[{"embeddable":true,"href":"https:\/\/tehnikabacko.rs\/index.php\/wp-json\/wp\/v2\/comments?post=11229"}],"wp:featuredmedia":[{"embeddable":true,"href":"https:\/\/tehnikabacko.rs\/index.php\/wp-json\/wp\/v2\/media\/11230"}],"wp:attachment":[{"href":"https:\/\/tehnikabacko.rs\/index.php\/wp-json\/wp\/v2\/media?parent=11229"}],"wp:term":[{"taxonomy":"product_brand","embeddable":true,"href":"https:\/\/tehnikabacko.rs\/index.php\/wp-json\/wp\/v2\/product_brand?post=11229"},{"taxonomy":"product_cat","embeddable":true,"href":"https:\/\/tehnikabacko.rs\/index.php\/wp-json\/wp\/v2\/product_cat?post=11229"},{"taxonomy":"product_tag","embeddable":true,"href":"https:\/\/tehnikabacko.rs\/index.php\/wp-json\/wp\/v2\/product_tag?post=11229"}],"curies":[{"name":"wp","href":"https:\/\/api.w.org\/{rel}","templated":true}]}}