{"id":11223,"date":"2025-09-04T12:57:16","date_gmt":"2025-09-04T12:57:16","guid":{"rendered":"https:\/\/tehnikabacko.rs\/?post_type=product&#038;p=11223"},"modified":"2025-09-04T12:57:16","modified_gmt":"2025-09-04T12:57:16","slug":"vln-1760-cekic-za-stemovanje","status":"publish","type":"product","link":"https:\/\/tehnikabacko.rs\/index.php\/product\/vln-1760-cekic-za-stemovanje\/","title":{"rendered":"VLN 1760 \u010deki\u0107 za \u0161temovanje"},"content":{"rendered":"<table class=\"table\">\n<tbody>\n<tr>\n<td>Kategorija<\/td>\n<td><strong>Elektro-pneumatski \u010deki\u0107i<\/strong><\/td>\n<\/tr>\n<tr>\n<td>Tip elektro-motora<\/td>\n<td><strong>Kolektorski elektromotor<\/strong><\/td>\n<\/tr>\n<tr>\n<td>Radni napon<\/td>\n<td><strong>230 V ~ 50 Hz<\/strong><\/td>\n<\/tr>\n<tr>\n<td>Ulazna snaga<\/td>\n<td><strong>1700 W<\/strong><\/td>\n<\/tr>\n<tr>\n<td>Broj udaraca u praznom hodu<\/td>\n<td><strong>0 &#8211; 1850 ipm<\/strong><\/td>\n<\/tr>\n<tr>\n<td>Snaga udaraca<\/td>\n<td><strong>60 J<\/strong><\/td>\n<\/tr>\n<tr>\n<td>Prihvat alata<\/td>\n<td><strong>HEX<\/strong><\/td>\n<\/tr>\n<tr>\n<td>Masa<\/td>\n<td><strong>16 kg<\/strong><\/td>\n<\/tr>\n<\/tbody>\n<\/table>\n<p><img fetchpriority=\"high\" decoding=\"async\" class=\"\" src=\"https:\/\/www.villager.rs\/images\/vln1760.jpg\" width=\"684\" height=\"456\" \/><\/p>\n","protected":false},"excerpt":{"rendered":"<ul>\n<li>Podesiv rukohvat<\/li>\n<li>Set dleta<\/li>\n<li>Set rezervnih \u010detkica<\/li>\n<li>Kofer<\/li>\n<\/ul>\n","protected":false},"featured_media":11224,"comment_status":"open","ping_status":"closed","template":"","meta":{"inline_featured_image":false},"product_brand":[],"product_cat":[148,398],"product_tag":[],"class_list":{"0":"post-11223","1":"product","2":"type-product","3":"status-publish","4":"has-post-thumbnail","6":"product_cat-alati","7":"product_cat-el-cekic-za-stemovanje","9":"first","10":"instock","11":"sale","12":"shipping-taxable","13":"purchasable","14":"product-type-simple"},"_links":{"self":[{"href":"https:\/\/tehnikabacko.rs\/index.php\/wp-json\/wp\/v2\/product\/11223","targetHints":{"allow":["GET"]}}],"collection":[{"href":"https:\/\/tehnikabacko.rs\/index.php\/wp-json\/wp\/v2\/product"}],"about":[{"href":"https:\/\/tehnikabacko.rs\/index.php\/wp-json\/wp\/v2\/types\/product"}],"replies":[{"embeddable":true,"href":"https:\/\/tehnikabacko.rs\/index.php\/wp-json\/wp\/v2\/comments?post=11223"}],"wp:featuredmedia":[{"embeddable":true,"href":"https:\/\/tehnikabacko.rs\/index.php\/wp-json\/wp\/v2\/media\/11224"}],"wp:attachment":[{"href":"https:\/\/tehnikabacko.rs\/index.php\/wp-json\/wp\/v2\/media?parent=11223"}],"wp:term":[{"taxonomy":"product_brand","embeddable":true,"href":"https:\/\/tehnikabacko.rs\/index.php\/wp-json\/wp\/v2\/product_brand?post=11223"},{"taxonomy":"product_cat","embeddable":true,"href":"https:\/\/tehnikabacko.rs\/index.php\/wp-json\/wp\/v2\/product_cat?post=11223"},{"taxonomy":"product_tag","embeddable":true,"href":"https:\/\/tehnikabacko.rs\/index.php\/wp-json\/wp\/v2\/product_tag?post=11223"}],"curies":[{"name":"wp","href":"https:\/\/api.w.org\/{rel}","templated":true}]}}