{"id":11204,"date":"2025-09-03T11:35:54","date_gmt":"2025-09-03T11:35:54","guid":{"rendered":"https:\/\/tehnikabacko.rs\/?post_type=product&#038;p=11204"},"modified":"2026-01-26T13:34:07","modified_gmt":"2026-01-26T13:34:07","slug":"ingco-aku-makaze-za-orezivanje-20v-2-0ah-cssli203083","status":"publish","type":"product","link":"https:\/\/tehnikabacko.rs\/index.php\/product\/ingco-aku-makaze-za-orezivanje-20v-2-0ah-cssli203083\/","title":{"rendered":"Ingco aku makaze za orezivanje 20V 2.0Ah CSSLI203083"},"content":{"rendered":"<p><b>Ingco aku makaze za orezivanje 20V 2.0Ah CSSLI203083<\/b>\u00a0je lagan i izuzetno efikasan alat.<br \/>\n<b>Aku makaze za orezivanje 20V 2.0Ah Ingco CSSLI203083<\/b>\u00a0poseduju ru\u010dke koje su ergonomski dizajnirane za maksimalnu udobnost, \u010dinec\u0301i ove makaze lakim za upotrebu tokom du\u017eeg vremenskog perioda.<\/p>\n<p>Karakteristike aku makaza:<br \/>\nOva jedinica ima veoma udoban dr\u017ea\u010d i trajanje baterije je odli\u010dno.<br \/>\nSe\u010divo je o\u0161tro, tako da sa lakoc\u0301om se\u010de grane.<br \/>\nOve akumulatorske makaze mogu da seku grane pre\u010dnika 20 \/ 30mm.<br \/>\nTo je jednostavan alat za pokretanje koji c\u0301e brzo postati jedan od va\u0161ih omiljenih ba\u0161tenskih alata.<br \/>\nO\u0161trice su napravljene od \u010delika sa visokim sadr\u017eajem ugljenika i dizajnirane su za dodatnu izdr\u017eljivost i dug \u017eivotni vek.<br \/>\nBL (motor bez \u010detkica).<br \/>\nNapon punjenja: 220-240 V~50\/60 Hz.<br \/>\nNapon: 20V.<br \/>\nPre\u010dnik se\u010denja: 20 mm\/30 mm.<\/p>\n<p>Obim isporuke:<br \/>\nCSSLI203083 Aku. makaze za orezivanje 20V 2,0Ah SUPER Ingco<br \/>\n1 kom boca za ulje<br \/>\n1 kom kamen za o\u0161trenje<br \/>\n1 kom navlaka za o\u0161tricu<br \/>\n1 kom baterija 2.0Ah<br \/>\n1 kom punja\u010d<br \/>\nUputstvo za upotrebu proizvoda<br \/>\nPlasti\u010dni transportni kofer<\/p>\n<p><img fetchpriority=\"high\" decoding=\"async\" class=\"\" src=\"https:\/\/tehnikauka.rs\/wp-content\/uploads\/2025\/09\/ingco_aku_makaze_za_orezivanje_CSSLI203083.jpg\" width=\"700\" height=\"700\" \/><\/p>\n","protected":false},"excerpt":{"rendered":"<p>Ova jedinica ima veoma udoban dr\u017ea\u010d i trajanje baterije je odli\u010dno.<br \/>\nSe\u010divo je o\u0161tro, tako da sa lakoc\u0301om se\u010de grane.<br \/>\nOve akumulatorske makaze mogu da seku grane pre\u010dnika 20 \/ 30mm.<br \/>\nTo je jednostavan alat za pokretanje koji c\u0301e brzo postati jedan od va\u0161ih omiljenih ba\u0161tenskih alata.<\/p>\n","protected":false},"featured_media":11205,"comment_status":"open","ping_status":"closed","template":"","meta":{"inline_featured_image":false},"product_brand":[],"product_cat":[380,351],"product_tag":[],"class_list":{"0":"post-11204","1":"product","2":"type-product","3":"status-publish","4":"has-post-thumbnail","6":"product_cat-aku-makaze","7":"product_cat-makaze","9":"first","10":"instock","11":"sale","12":"shipping-taxable","13":"purchasable","14":"product-type-simple"},"_links":{"self":[{"href":"https:\/\/tehnikabacko.rs\/index.php\/wp-json\/wp\/v2\/product\/11204","targetHints":{"allow":["GET"]}}],"collection":[{"href":"https:\/\/tehnikabacko.rs\/index.php\/wp-json\/wp\/v2\/product"}],"about":[{"href":"https:\/\/tehnikabacko.rs\/index.php\/wp-json\/wp\/v2\/types\/product"}],"replies":[{"embeddable":true,"href":"https:\/\/tehnikabacko.rs\/index.php\/wp-json\/wp\/v2\/comments?post=11204"}],"wp:featuredmedia":[{"embeddable":true,"href":"https:\/\/tehnikabacko.rs\/index.php\/wp-json\/wp\/v2\/media\/11205"}],"wp:attachment":[{"href":"https:\/\/tehnikabacko.rs\/index.php\/wp-json\/wp\/v2\/media?parent=11204"}],"wp:term":[{"taxonomy":"product_brand","embeddable":true,"href":"https:\/\/tehnikabacko.rs\/index.php\/wp-json\/wp\/v2\/product_brand?post=11204"},{"taxonomy":"product_cat","embeddable":true,"href":"https:\/\/tehnikabacko.rs\/index.php\/wp-json\/wp\/v2\/product_cat?post=11204"},{"taxonomy":"product_tag","embeddable":true,"href":"https:\/\/tehnikabacko.rs\/index.php\/wp-json\/wp\/v2\/product_tag?post=11204"}],"curies":[{"name":"wp","href":"https:\/\/api.w.org\/{rel}","templated":true}]}}