{"id":11202,"date":"2025-09-02T16:15:45","date_gmt":"2025-09-02T16:15:45","guid":{"rendered":"https:\/\/tehnikabacko.rs\/?post_type=product&#038;p=11202"},"modified":"2026-01-22T14:38:51","modified_gmt":"2026-01-22T14:38:51","slug":"neto-s-cosli250496e-aku-bastenski-set-4-1-super-ingco","status":"publish","type":"product","link":"https:\/\/tehnikabacko.rs\/index.php\/product\/neto-s-cosli250496e-aku-bastenski-set-4-1-super-ingco\/","title":{"rendered":"NETO S COSLI250496E AKU BA\u0160TENSKI SET 4\/1 SUPER INGCO"},"content":{"rendered":"<p><strong>Tehni\u010dke karakteristike proizvoda:<\/strong><\/p>\n<ul>\n<li>Testera (<strong>CGSLI20128<\/strong>)<\/li>\n<li><strong>Brushless motor (bez \u010detkica)<\/strong><\/li>\n<li>Napon: 20V<\/li>\n<li>Maksimalna snaga: 100 W<\/li>\n<li>Brzina lanca: 3700-4500 rpm<\/li>\n<li>Du\u017eina ma\u010da: 12\u201d<\/li>\n<li>Makaze\u00a0<strong>(CHTLI20018)<\/strong><\/li>\n<li>Napon: 20V<\/li>\n<li>Maksimalna brzina: 1400 o \/ min<\/li>\n<li>Du\u017eina se\u010diva: 450mm \uff0818 \u201e\uff09<\/li>\n<li>Maksimalni pre\u010dnik rezanja: 18 mm<\/li>\n<li>Duva\u010d li\u0161\u0107a\u00a0<strong>(CABLI20428)<\/strong><\/li>\n<li><strong>Brushless motor (bez \u010detkica)<\/strong><\/li>\n<li>Napon akumulatorskog duva\u010da li\u0161\u0107a: 20V<\/li>\n<li>Brzina praznog hoda: 18500 o\/min<\/li>\n<li>Prose\u010dna zapremina vazduha: 8,5 m3\/min<\/li>\n<li>Maksimalna brzina vazduha: 42m\/s<\/li>\n<li><strong>Trimer za travu (CGTLI20018)<\/strong><\/li>\n<li>Napon: 20V<\/li>\n<li>Broj obrtaja bez optere\u0111enja: 8200\/min<\/li>\n<li>Pre\u010dnik rezanja: 300mm<\/li>\n<li>Pre\u010dnik najlona: 1.6mm<\/li>\n<li>Du\u017eina najlona aku trimera za travu Ingco: 5m<\/li>\n<\/ul>\n<p><strong>Obim isporuke proizvoda:<\/strong><\/p>\n<ul>\n<li>COSLI250496E Akumulatorski ba\u0161tenski set alata 4\/1 Super Ingco<\/li>\n<li>1 kom. 12\u2033 lanac testere<\/li>\n<li>1 kom. 12\u2033 vodilica testere (ma\u010d)<\/li>\n<li>2 kom. 4,0 Ah baterije (FBLI20021)<\/li>\n<li>1 kom. punja\u010d (FCLI2001)<\/li>\n<\/ul>\n<p><strong>Garancija 3 godine<\/strong><\/p>\n<p>&nbsp;<\/p>\n<p><img decoding=\"async\" src=\"https:\/\/koncarelektro.rs\/wp-content\/uploads\/2025\/09\/COSLI250496E-1.jpg\" \/><\/p>\n","protected":false},"excerpt":{"rendered":"<ul>\n<li>COSLI250496E Akumulatorski ba\u0161tenski set alata 4\/1 Super Ingco<\/li>\n<li>1 kom. 12\u2033 lanac testere<\/li>\n<li>1 kom. 12\u2033 vodilica testere (ma\u010d)<\/li>\n<li>2 kom. 4,0 Ah baterije (FBLI20021)<\/li>\n<li>1 kom. punja\u010d (FCLI2001)<\/li>\n<\/ul>\n","protected":false},"featured_media":11700,"comment_status":"open","ping_status":"closed","template":"","meta":{"inline_featured_image":false},"product_brand":[],"product_cat":[396],"product_tag":[],"class_list":{"0":"post-11202","1":"product","2":"type-product","3":"status-publish","4":"has-post-thumbnail","6":"product_cat-aku-set-alata","8":"first","9":"instock","10":"sale","11":"shipping-taxable","12":"purchasable","13":"product-type-simple"},"_links":{"self":[{"href":"https:\/\/tehnikabacko.rs\/index.php\/wp-json\/wp\/v2\/product\/11202","targetHints":{"allow":["GET"]}}],"collection":[{"href":"https:\/\/tehnikabacko.rs\/index.php\/wp-json\/wp\/v2\/product"}],"about":[{"href":"https:\/\/tehnikabacko.rs\/index.php\/wp-json\/wp\/v2\/types\/product"}],"replies":[{"embeddable":true,"href":"https:\/\/tehnikabacko.rs\/index.php\/wp-json\/wp\/v2\/comments?post=11202"}],"wp:featuredmedia":[{"embeddable":true,"href":"https:\/\/tehnikabacko.rs\/index.php\/wp-json\/wp\/v2\/media\/11700"}],"wp:attachment":[{"href":"https:\/\/tehnikabacko.rs\/index.php\/wp-json\/wp\/v2\/media?parent=11202"}],"wp:term":[{"taxonomy":"product_brand","embeddable":true,"href":"https:\/\/tehnikabacko.rs\/index.php\/wp-json\/wp\/v2\/product_brand?post=11202"},{"taxonomy":"product_cat","embeddable":true,"href":"https:\/\/tehnikabacko.rs\/index.php\/wp-json\/wp\/v2\/product_cat?post=11202"},{"taxonomy":"product_tag","embeddable":true,"href":"https:\/\/tehnikabacko.rs\/index.php\/wp-json\/wp\/v2\/product_tag?post=11202"}],"curies":[{"name":"wp","href":"https:\/\/api.w.org\/{rel}","templated":true}]}}