{"id":11196,"date":"2025-08-27T12:32:13","date_gmt":"2025-08-27T12:32:13","guid":{"rendered":"https:\/\/tehnikabacko.rs\/?post_type=product&#038;p=11196"},"modified":"2025-08-27T12:32:13","modified_gmt":"2025-08-27T12:32:13","slug":"ahm009-senzorska-maska-za-zavarivanje-ingco","status":"publish","type":"product","link":"https:\/\/tehnikabacko.rs\/index.php\/product\/ahm009-senzorska-maska-za-zavarivanje-ingco\/","title":{"rendered":"AHM009 SENZORSKA MASKA ZA ZAVARIVANJE INGCO"},"content":{"rendered":"<p><strong>Karakteristike proizvoda:\u00a0<\/strong><\/p>\n<ul>\n<li>Povr\u0161ina vidljivog prozora Ingco maske senzorske za zavarivanje AHM009 : 90\u00d735mm<\/li>\n<li>Dimenzija filtera senzorske maske za zavarivanje: 110\u00d790\u00d710m<\/li>\n<li>Senzor zavariva\u010dkog luka: 2<\/li>\n<li>Svetlosna sena: DIN 4<\/li>\n<li>Tamna sena: fixna sena 11<\/li>\n<li>Kontrola sene: nepodesivo<\/li>\n<li>On\/Off: potpuno automatska<\/li>\n<li>Kontrola osetljivost: nepodesivo<\/li>\n<li>AUTO UV\/IR za\u0161tita: DIN 16<\/li>\n<li>Pakovano u kolornu kutiju<\/li>\n<\/ul>\n<p>&nbsp;<\/p>\n<p><img fetchpriority=\"high\" decoding=\"async\" class=\"\" src=\"https:\/\/simns.rs\/login\/media\/images\/products\/0-55646700-1741085426.png\" width=\"666\" height=\"666\" \/><\/p>\n","protected":false},"excerpt":{"rendered":"<p>Karakteristike proizvoda:\u00a0 Povr\u0161ina vidljivog prozora Ingco maske senzorske za zavarivanje AHM009 : 90\u00d735mm Dimenzija filtera senzorske maske za zavarivanje: 110\u00d790\u00d710m Senzor zavariva\u010dkog luka: 2 Svetlosna sena: DIN 4 Tamna sena: fixna sena 11 Kontrola sene: nepodesivo On\/Off: potpuno automatska Kontrola osetljivost: nepodesivo AUTO UV\/IR za\u0161tita: DIN 16 Pakovano u kolornu kutiju &nbsp;<\/p>\n","protected":false},"featured_media":11197,"comment_status":"open","ping_status":"closed","template":"","meta":{"inline_featured_image":false},"product_brand":[],"product_cat":[148],"product_tag":[],"class_list":{"0":"post-11196","1":"product","2":"type-product","3":"status-publish","4":"has-post-thumbnail","6":"product_cat-alati","8":"first","9":"instock","10":"sale","11":"shipping-taxable","12":"purchasable","13":"product-type-simple"},"_links":{"self":[{"href":"https:\/\/tehnikabacko.rs\/index.php\/wp-json\/wp\/v2\/product\/11196","targetHints":{"allow":["GET"]}}],"collection":[{"href":"https:\/\/tehnikabacko.rs\/index.php\/wp-json\/wp\/v2\/product"}],"about":[{"href":"https:\/\/tehnikabacko.rs\/index.php\/wp-json\/wp\/v2\/types\/product"}],"replies":[{"embeddable":true,"href":"https:\/\/tehnikabacko.rs\/index.php\/wp-json\/wp\/v2\/comments?post=11196"}],"wp:featuredmedia":[{"embeddable":true,"href":"https:\/\/tehnikabacko.rs\/index.php\/wp-json\/wp\/v2\/media\/11197"}],"wp:attachment":[{"href":"https:\/\/tehnikabacko.rs\/index.php\/wp-json\/wp\/v2\/media?parent=11196"}],"wp:term":[{"taxonomy":"product_brand","embeddable":true,"href":"https:\/\/tehnikabacko.rs\/index.php\/wp-json\/wp\/v2\/product_brand?post=11196"},{"taxonomy":"product_cat","embeddable":true,"href":"https:\/\/tehnikabacko.rs\/index.php\/wp-json\/wp\/v2\/product_cat?post=11196"},{"taxonomy":"product_tag","embeddable":true,"href":"https:\/\/tehnikabacko.rs\/index.php\/wp-json\/wp\/v2\/product_tag?post=11196"}],"curies":[{"name":"wp","href":"https:\/\/api.w.org\/{rel}","templated":true}]}}